{"id":573,"date":"2018-12-17T07:49:55","date_gmt":"2018-12-17T07:49:55","guid":{"rendered":"http:\/\/builderry.wgl-demo.net\/?page_id=573"},"modified":"2024-11-20T15:00:32","modified_gmt":"2024-11-20T14:00:32","slug":"portfolio-3-col","status":"publish","type":"page","link":"https:\/\/zengoalfold.hu\/?page_id=573","title":{"rendered":"Zeng\u0151 Ingatlan"},"content":{"rendered":"<div class=\"wpb-content-wrapper\">[vc_row][vc_column]<section class=\"wgl_cpt_section\"><div class=\"wgl_portfolio_list\" id=\"portfolio_module_69d479d335489\"><div class=\"wgl_portfolio_list__filter isotope-filter filter_def filter-center\"><a href=\"#\" data-filter=\".item\" class=\"active\">All Works<\/a><a href=\"https:\/\/zengoalfold.hu\/?portfolio-category=deszk-ipari-park\" data-filter=\".deszk-ipari-park\">Deszk ipari park<\/a><a href=\"https:\/\/zengoalfold.hu\/?portfolio-category=semmelrock\" data-filter=\".semmelrock\">Semmelrock<\/a><a href=\"https:\/\/zengoalfold.hu\/?portfolio-category=sziget-lakopark\" data-filter=\".sziget-lakopark\">Sziget Lak\u00f3park<\/a><\/div><div class=\"wgl_portfolio_list-container container-grid row isotope portfolio_columns-1\"  style=\"margin-right:-15px; margin-left:-15px; margin-bottom:-30px;\"><article class=\"wgl_portfolio_list-item item wgl_col-12 sziget-lakopark\"  style=\"padding-right:15px; padding-left:15px; padding-bottom:30px\"><div class=\"wgl_portfolio_item-wrapper inside_image h_align_left default_animation\"><div class=\"wgl_portfolio_item-image\"><img decoding=\"async\"  src=\"https:\/\/zengoalfold.hu\/wp-content\/uploads\/2024\/09\/P1160215-scaled.jpg\"  alt=\"\" \/><\/div><div class=\"wgl_portfolio_item-description\"><div class=\"wgl_portfolio_item-meta\"><span class=\"post_date\">2024.09.26.<\/span><span class=\"post_author\">by <a href=\"https:\/\/zengoalfold.hu\/?author=2\">nagym<\/a><\/span><span class=\"post_cats\"><a href=https:\/\/zengoalfold.hu\/?portfolio-category=sziget-lakopark class=\"portfolio-category\">Sziget Lak\u00f3park<\/a><\/span><span class=\"post_comments\"><a href=\"https:\/\/zengoalfold.hu\/?portfolio=sziget-lakopark-4#respond\">0 comments<\/a><\/span><div class=\"sl-wrapper wgl-likes\"><a href=\"https:\/\/zengoalfold.hu\/wp-admin\/admin-ajax.php?action=builderry_like&post_id=1039&nonce=9bae7b1df4&is_comment=0&disabled=true\" class=\"sl-button sl-button-1039\" data-nonce=\"9bae7b1df4\" data-post-id=\"1039\" data-iscomment=\"0\" title=\"Like\"><span class=\"sl-icon glyph-icon flaticon-heart-1 liked\"><\/span><span class=\"sl-count\">236 <span>Likes<\/span><\/span><\/a><span class=\"sl-loader\"><\/span><\/div><\/div><div class=\"wgl_portfolio_item-title\"><h4 class=\"title\"><span >Sziget Lak\u00f3park<\/span><\/h4><\/div><div class=\"wgl_portfolio_item-corners wgl_portfolio_item-corners_top\"><\/div><div class=\"wgl_portfolio_item-corners wgl_portfolio_item-corners_bot\"><\/div><a href='https:\/\/zengoalfold.hu\/?portfolio=sziget-lakopark-4' class='single_link'><\/a><\/div><div class=\"overlay\"><\/div><\/div><\/article><article class=\"wgl_portfolio_list-item item wgl_col-12 semmelrock\"  style=\"padding-right:15px; padding-left:15px; padding-bottom:30px\"><div class=\"wgl_portfolio_item-wrapper inside_image h_align_left default_animation\"><div class=\"wgl_portfolio_item-image\"><img decoding=\"async\"  src=\"https:\/\/zengoalfold.hu\/wp-content\/uploads\/2024\/10\/Kepernyokep-2024-10-15-140617.png\"  alt=\"\" \/><\/div><div class=\"wgl_portfolio_item-description\"><div class=\"wgl_portfolio_item-meta\"><span class=\"post_date\">2024.10.15.<\/span><span class=\"post_author\">by <a href=\"https:\/\/zengoalfold.hu\/?author=2\">nagym<\/a><\/span><span class=\"post_cats\"><a href=https:\/\/zengoalfold.hu\/?portfolio-category=semmelrock class=\"portfolio-category\">Semmelrock<\/a><\/span><span class=\"post_comments\"><a href=\"https:\/\/zengoalfold.hu\/?portfolio=semmelrock2222#respond\">0 comments<\/a><\/span><div class=\"sl-wrapper wgl-likes\"><a href=\"https:\/\/zengoalfold.hu\/wp-admin\/admin-ajax.php?action=builderry_like&post_id=1082&nonce=9bae7b1df4&is_comment=0&disabled=true\" class=\"sl-button sl-button-1082\" data-nonce=\"9bae7b1df4\" data-post-id=\"1082\" data-iscomment=\"0\" title=\"Like\"><span class=\"sl-icon glyph-icon flaticon-heart-1 liked\"><\/span><span class=\"sl-count\">230 <span>Likes<\/span><\/span><\/a><span class=\"sl-loader\"><\/span><\/div><\/div><div class=\"wgl_portfolio_item-title\"><h4 class=\"title\"><span >Semmelrock2022<\/span><\/h4><\/div><div class=\"wgl_portfolio_item-content\"><div class=\"content\"><div class='wrapper'>.<\/div><\/div><\/div><div class=\"wgl_portfolio_item-corners wgl_portfolio_item-corners_top\"><\/div><div class=\"wgl_portfolio_item-corners wgl_portfolio_item-corners_bot\"><\/div><a href='https:\/\/zengoalfold.hu\/?portfolio=semmelrock2222' class='single_link'><\/a><\/div><div class=\"overlay\"><\/div><\/div><\/article><article class=\"wgl_portfolio_list-item item wgl_col-12 deszk-ipari-park\"  style=\"padding-right:15px; padding-left:15px; padding-bottom:30px\"><div class=\"wgl_portfolio_item-wrapper inside_image h_align_left default_animation\"><div class=\"wgl_portfolio_item-image\"><img decoding=\"async\"  src=\"https:\/\/zengoalfold.hu\/wp-content\/uploads\/2024\/11\/Boritok-2024-09-27T002008.059.png\"  alt=\"\" \/><\/div><div class=\"wgl_portfolio_item-description\"><div class=\"wgl_portfolio_item-meta\"><span class=\"post_date\">2024.11.14.<\/span><span class=\"post_author\">by <a href=\"https:\/\/zengoalfold.hu\/?author=2\">nagym<\/a><\/span><span class=\"post_cats\"><a href=https:\/\/zengoalfold.hu\/?portfolio-category=deszk-ipari-park class=\"portfolio-category\">Deszk ipari park<\/a><\/span><span class=\"post_comments\"><a href=\"https:\/\/zengoalfold.hu\/?portfolio=desz-ipari-park#respond\">0 comments<\/a><\/span><div class=\"sl-wrapper wgl-likes\"><a href=\"https:\/\/zengoalfold.hu\/wp-admin\/admin-ajax.php?action=builderry_like&post_id=1138&nonce=9bae7b1df4&is_comment=0&disabled=true\" class=\"sl-button sl-button-1138\" data-nonce=\"9bae7b1df4\" data-post-id=\"1138\" data-iscomment=\"0\" title=\"Like\"><span class=\"sl-icon glyph-icon flaticon-heart-1 liked\"><\/span><span class=\"sl-count\">229 <span>Likes<\/span><\/span><\/a><span class=\"sl-loader\"><\/span><\/div><\/div><div class=\"wgl_portfolio_item-title\"><h4 class=\"title\"><span >Desz Ipari Park<\/span><\/h4><\/div><div class=\"wgl_portfolio_item-content\"><div class=\"content\"><div class='wrapper'>Szeged k\u00f6zvetlen k\u00f6zel\u00e9ben, Deszk hat\u00e1r\u00e1ban k\u00edn\u00e1lnak elad\u00e1sra 9 db 3000 m\u00b2-e<\/div><\/div><\/div><div class=\"wgl_portfolio_item-corners wgl_portfolio_item-corners_top\"><\/div><div class=\"wgl_portfolio_item-corners wgl_portfolio_item-corners_bot\"><\/div><a href='https:\/\/zengoalfold.hu\/?portfolio=desz-ipari-park' class='single_link'><\/a><\/div><div class=\"overlay\"><\/div><\/div><\/article><\/div><div class=\"clear\"><\/div><div class=\"text-center load_more_wrapper\"><a href=\"#\" class=\"load_more_item\"><span>Load More<\/span><\/a><form class='posts_grid_ajax'><input type='hidden' class='ajax_data' name='69d479d337a16_ajax_data' value='{&quot;posts_per_row&quot;:&quot;1&quot;,&quot;show_filter&quot;:&quot;yes&quot;,&quot;crop_images&quot;:&quot;yes&quot;,&quot;view_style&quot;:&quot;ajax&quot;,&quot;show_loadmore&quot;:&quot;yes&quot;,&quot;items_load&quot;:&quot;5&quot;,&quot;click_area&quot;:&quot;single&quot;,&quot;custom_main_color&quot;:&quot;#FDB900&quot;,&quot;custom_filter_color&quot;:&quot;#FDB900&quot;,&quot;custom_headings_color&quot;:&quot;#313131&quot;,&quot;custom_content_color&quot;:&quot;#44464a&quot;,&quot;heading_font_size&quot;:&quot;30&quot;,&quot;content_font_size&quot;:&quot;16&quot;,&quot;button_text_color&quot;:&quot;#313131&quot;,&quot;button_text_color_hover&quot;:&quot;#ffffff&quot;,&quot;button_bg_color&quot;:&quot;#ffffff&quot;,&quot;button_bg_color_hover&quot;:&quot;&quot;,&quot;button_border_color&quot;:&quot;&quot;,&quot;button_border_color_hover&quot;:&quot;&quot;,&quot;number_of_posts&quot;:&quot;3&quot;,&quot;order_by&quot;:&quot;date&quot;,&quot;order&quot;:&quot;ASC&quot;,&quot;show_meta_author&quot;:&quot;true&quot;,&quot;show_meta_date&quot;:&quot;true&quot;,&quot;show_likes&quot;:&quot;true&quot;,&quot;show_comments&quot;:&quot;true&quot;,&quot;show_content&quot;:&quot;true&quot;,&quot;filter_style&quot;:&quot;def&quot;,&quot;filter_align&quot;:&quot;center&quot;,&quot;portfolio_layout&quot;:&quot;grid&quot;,&quot;show_pagination&quot;:&quot;&quot;,&quot;grid_gap&quot;:&quot;30px&quot;,&quot;featured_render&quot;:&quot;&quot;,&quot;css_animation&quot;:&quot;&quot;,&quot;css&quot;:&quot;&quot;,&quot;item_el_class&quot;:&quot;&quot;,&quot;portfolio_navigation_align&quot;:&quot;left&quot;,&quot;info_position&quot;:&quot;inside_image&quot;,&quot;image_anim&quot;:&quot;default&quot;,&quot;horizontal_align&quot;:&quot;left&quot;,&quot;show_portfolio_title&quot;:true,&quot;show_meta_categories&quot;:true,&quot;content_letter_count&quot;:&quot;85&quot;,&quot;autoplay&quot;:false,&quot;autoplay_speed&quot;:&quot;3000&quot;,&quot;multiple_items&quot;:false,&quot;use_pagination&quot;:true,&quot;pag_type&quot;:&quot;circle&quot;,&quot;pag_offset&quot;:&quot;&quot;,&quot;custom_pag_color&quot;:false,&quot;pag_color&quot;:&quot;#EF6509&quot;,&quot;custom_resp&quot;:false,&quot;resp_medium&quot;:&quot;1025&quot;,&quot;resp_medium_slides&quot;:&quot;&quot;,&quot;resp_tablets&quot;:&quot;800&quot;,&quot;resp_tablets_slides&quot;:&quot;&quot;,&quot;resp_mobile&quot;:&quot;480&quot;,&quot;resp_mobile_slides&quot;:&quot;&quot;,&quot;custom_portfolio_style&quot;:&quot;&quot;,&quot;custom_fonts_portfolio_content&quot;:&quot;&quot;,&quot;google_fonts_portfolio&quot;:&quot;&quot;,&quot;custom_fonts_portfolio_headings&quot;:&quot;&quot;,&quot;google_fonts_portfolio_headings&quot;:&quot;&quot;,&quot;bg_color_type&quot;:&quot;color&quot;,&quot;background_color&quot;:&quot;rgba(33, 33, 34, 0.7)&quot;,&quot;background_gradient_start&quot;:&quot;&quot;,&quot;background_gradient_end&quot;:&quot;&quot;,&quot;add_first_item&quot;:false,&quot;title&quot;:&quot;&quot;,&quot;subtitle&quot;:&quot;&quot;,&quot;bgtitle&quot;:&quot;&quot;,&quot;add_button&quot;:false,&quot;button_title&quot;:&quot;&quot;,&quot;content&quot;:&quot;&quot;,&quot;link&quot;:&quot;&quot;,&quot;custom_button&quot;:false,&quot;mb_pf_carousel_r&quot;:&quot;&quot;,&quot;post_count&quot;:3,&quot;found_posts&quot;:7,&quot;query_args&quot;:{&quot;post_status&quot;:&quot;publish&quot;,&quot;posts_per_page&quot;:3,&quot;orderby&quot;:&quot;date&quot;,&quot;order&quot;:&quot;ASC&quot;,&quot;paged&quot;:1,&quot;post_type&quot;:&quot;portfolio&quot;}}' \/><\/form><\/div><\/div><\/section>[wgl_spacing spacer_size=&#8221;60&#8243;][\/vc_column][\/vc_row]\n<\/div>","protected":false},"excerpt":{"rendered":"Szeged k\u00f6zvetlen k\u00f6zel\u00e9ben, Deszk hat\u00e1r\u00e1ban k\u00edn\u00e1lnak elad\u00e1sra 9 db 3000 m\u00b2-es k\u00f6zm\u0171ves\u00edtett ipari ter\u00fcletet! A szomsz\u00e9dos f\u0151\u00fatvonal \u00e9s a kedvez\u0151 logisztikai adotts\u00e1gok miatt kiv\u00e1l\u00f3 befektet\u00e9si lehet\u0151s\u00e9g v\u00e1r r\u00e1d. A helysz\u00edn ide\u00e1lis, a ter\u00fcletek fogynak, \u00e9rdemes miel\u0151bb d\u00f6nteni! Szeged k\u00f6zvetlen k\u00f6zel\u00e9ben, Deszk \u00e9s Szeged k\u00f6z\u00f6tt most egy k\u00fcl\u00f6nleges befektet\u00e9si lehet\u0151s\u00e9g ny\u00edlt meg az ipari szektorban. A [...]","protected":false},"author":1,"featured_media":0,"parent":0,"menu_order":0,"comment_status":"closed","ping_status":"closed","template":"","meta":{"footnotes":""},"class_list":["post-573","page","type-page","status-publish","hentry"],"_links":{"self":[{"href":"https:\/\/zengoalfold.hu\/index.php?rest_route=\/wp\/v2\/pages\/573","targetHints":{"allow":["GET"]}}],"collection":[{"href":"https:\/\/zengoalfold.hu\/index.php?rest_route=\/wp\/v2\/pages"}],"about":[{"href":"https:\/\/zengoalfold.hu\/index.php?rest_route=\/wp\/v2\/types\/page"}],"author":[{"embeddable":true,"href":"https:\/\/zengoalfold.hu\/index.php?rest_route=\/wp\/v2\/users\/1"}],"replies":[{"embeddable":true,"href":"https:\/\/zengoalfold.hu\/index.php?rest_route=%2Fwp%2Fv2%2Fcomments&post=573"}],"version-history":[{"count":7,"href":"https:\/\/zengoalfold.hu\/index.php?rest_route=\/wp\/v2\/pages\/573\/revisions"}],"predecessor-version":[{"id":1224,"href":"https:\/\/zengoalfold.hu\/index.php?rest_route=\/wp\/v2\/pages\/573\/revisions\/1224"}],"wp:attachment":[{"href":"https:\/\/zengoalfold.hu\/index.php?rest_route=%2Fwp%2Fv2%2Fmedia&parent=573"}],"curies":[{"name":"wp","href":"https:\/\/api.w.org\/{rel}","templated":true}]}}