{"id":633,"date":"2018-12-17T09:34:48","date_gmt":"2018-12-17T09:34:48","guid":{"rendered":"http:\/\/builderry.wgl-demo.net\/?page_id=633"},"modified":"2024-10-15T15:24:07","modified_gmt":"2024-10-15T13:24:07","slug":"contacts","status":"publish","type":"page","link":"https:\/\/zengoalfold.hu\/?page_id=633","title":{"rendered":"Kapcsolat"},"content":{"rendered":"<div class=\"wpb-content-wrapper\">[vc_row][vc_column width=&#8221;1\/2&#8243; offset=&#8221;vc_col-lg-5&#8243;][wgl_double_headings title_color=&#8221;#313131&#8243; subtitle_color=&#8221;#FDB900&#8243; title=&#8221;Vegye fel vel\u00fcnk a kapcsolatot&#8221; subtitle=&#8221;Kapcsolat&#8221;][wgl_spacing spacer_size=&#8221;22&#8243;][vc_column_text]Az \u00e9vek sor\u00e1n a Zeng\u0151 Alf\u00f6ld szoros kapcsolatokat \u00e9p\u00edtett ki az ipar\u00e1g legkiv\u00e1l\u00f3bb szakembereivel, besz\u00e1ll\u00edt\u00f3ival \u00e9s alv\u00e1llalkoz\u00f3ival. L\u00e9pjen kapcsolatba vel\u00fcnk m\u00e9g ma, hogy megtudja, hogyan seg\u00edthet\u00fcnk \u00d6nnek![\/vc_column_text][wgl_spacing spacer_size=&#8221;24&#8243;][wgl_info_box ib_layout=&#8221;left&#8221; icon_type=&#8221;font&#8221; icon_font_type=&#8221;type_flaticon&#8221; icon_flaticon=&#8221;flaticon-pin&#8221; title_size=&#8221;18&#8243; title_bot_offset=&#8221;0&#8243; ib_title=&#8221;Szem\u00e9lyesen:&#8221; ib_content=&#8221;Szeged, Sz\u0151regi \u00fat 46-50, 6726&#8243; custom_icon_bg_width=&#8221;40&#8243; custom_icon_bg_height=&#8221;50&#8243; icon_offsets=&#8221;.vc_custom_1728997849125{margin-right: 30px !important;}&#8221;][wgl_spacing spacer_size=&#8221;20&#8243;][wgl_info_box ib_layout=&#8221;left&#8221; icon_type=&#8221;font&#8221; icon_font_type=&#8221;type_flaticon&#8221; icon_flaticon=&#8221;flaticon-mail&#8221; title_size=&#8221;18&#8243; title_bot_offset=&#8221;0&#8243; ib_title=&#8221;\u00cdrjon e-mailt:&#8221; ib_content=&#8221;iroda@zengoalfold.hu&#8221; custom_icon_bg_width=&#8221;40&#8243; custom_icon_bg_height=&#8221;50&#8243; icon_offsets=&#8221;.vc_custom_1728997895279{margin-right: 30px !important;}&#8221;][wgl_spacing spacer_size=&#8221;20&#8243;][wgl_info_box ib_layout=&#8221;left&#8221; icon_type=&#8221;font&#8221; icon_font_type=&#8221;type_flaticon&#8221; icon_flaticon=&#8221;flaticon-phone&#8221; title_size=&#8221;18&#8243; title_bot_offset=&#8221;0&#8243; ib_title=&#8221;Telefon:&#8221; ib_content=&#8221;+36 62 541 930&#8243; custom_icon_bg_width=&#8221;40&#8243; custom_icon_bg_height=&#8221;50&#8243; icon_offsets=&#8221;.vc_custom_1728997927957{margin-right: 30px !important;}&#8221;][\/vc_column][vc_column width=&#8221;1\/2&#8243; offset=&#8221;vc_col-lg-offset-1&#8243; css=&#8221;.vc_custom_1545047395474{margin-top: 15px !important;padding-top: 0px !important;padding-right: 45px !important;padding-left: 45px !important;background-color: #ffffff !important;}&#8221; el_class=&#8221;box-shadow-1 fullwidth-input&#8221;][wgl_spacing spacer_size=&#8221;38&#8243;][wgl_custom_text font_size=&#8221;30&#8243;]\n<h3>\u00cdrjon, \u00e9s mi keresni fogjuk!<\/h3>\n[\/wgl_custom_text][wgl_spacing spacer_size=&#8221;24&#8243;]\n<div class=\"wpcf7 no-js\" id=\"wpcf7-f6-o1\" lang=\"hu-HU\" dir=\"ltr\" data-wpcf7-id=\"6\">\n<div class=\"screen-reader-response\"><p role=\"status\" aria-live=\"polite\" aria-atomic=\"true\"><\/p> <ul><\/ul><\/div>\n<form action=\"\/index.php?rest_route=%2Fwp%2Fv2%2Fpages%2F633#wpcf7-f6-o1\" method=\"post\" class=\"wpcf7-form init\" aria-label=\"Kapcsolatfelv\u00e9teli \u0171rlap\" novalidate=\"novalidate\" data-status=\"init\">\n<fieldset class=\"hidden-fields-container\"><input type=\"hidden\" name=\"_wpcf7\" value=\"6\" \/><input type=\"hidden\" name=\"_wpcf7_version\" value=\"6.1.5\" \/><input type=\"hidden\" name=\"_wpcf7_locale\" value=\"hu_HU\" \/><input type=\"hidden\" name=\"_wpcf7_unit_tag\" value=\"wpcf7-f6-o1\" \/><input type=\"hidden\" name=\"_wpcf7_container_post\" value=\"0\" \/><input type=\"hidden\" name=\"_wpcf7_posted_data_hash\" value=\"\" \/>\n<\/fieldset>\n<p><label> N\u00c9V<br \/>\n<span class=\"wpcf7-form-control-wrap\" data-name=\"your-name\"><input size=\"40\" maxlength=\"400\" class=\"wpcf7-form-control wpcf7-text wpcf7-validates-as-required\" autocomplete=\"name\" aria-required=\"true\" aria-invalid=\"false\" value=\"\" type=\"text\" name=\"your-name\" \/><\/span> <\/label>\n<\/p>\n<p><label> E-MAIL C\u00cdM<br \/>\n<span class=\"wpcf7-form-control-wrap\" data-name=\"your-email\"><input size=\"40\" maxlength=\"400\" class=\"wpcf7-form-control wpcf7-email wpcf7-validates-as-required wpcf7-text wpcf7-validates-as-email\" autocomplete=\"email\" aria-required=\"true\" aria-invalid=\"false\" value=\"\" type=\"email\" name=\"your-email\" \/><\/span> <\/label>\n<\/p>\n<p><label> T\u00c1RGY<br \/>\n<span class=\"wpcf7-form-control-wrap\" data-name=\"your-subject\"><input size=\"40\" maxlength=\"400\" class=\"wpcf7-form-control wpcf7-text wpcf7-validates-as-required\" aria-required=\"true\" aria-invalid=\"false\" value=\"\" type=\"text\" name=\"your-subject\" \/><\/span> <\/label>\n<\/p>\n<p><label> \u00dcZENET (optional)<br \/>\n<span class=\"wpcf7-form-control-wrap\" data-name=\"your-message\"><textarea cols=\"40\" rows=\"10\" maxlength=\"2000\" class=\"wpcf7-form-control wpcf7-textarea\" aria-invalid=\"false\" name=\"your-message\"><\/textarea><\/span> <\/label>\n<\/p>\n<p><input class=\"wpcf7-form-control wpcf7-submit has-spinner\" type=\"submit\" value=\"Bek\u00fcld\" \/>\n<\/p><p style=\"display: none !important;\" class=\"akismet-fields-container\" data-prefix=\"_wpcf7_ak_\"><label>&#916;<textarea name=\"_wpcf7_ak_hp_textarea\" cols=\"45\" rows=\"8\" maxlength=\"100\"><\/textarea><\/label><input type=\"hidden\" id=\"ak_js_1\" name=\"_wpcf7_ak_js\" value=\"73\"\/><script>document.getElementById( \"ak_js_1\" ).setAttribute( \"value\", ( new Date() ).getTime() );<\/script><\/p><input type='hidden' class='wpcf7-pum' value='{\"closepopup\":false,\"closedelay\":0,\"openpopup\":false,\"openpopup_id\":0}' \/><div class=\"wpcf7-response-output\" aria-hidden=\"true\"><\/div>\n<\/form>\n<\/div>\n[wgl_custom_text font_size=&#8221;13&#8243; line_height=&#8221;20&#8243;]<span style=\"color: #313131;\">* <\/span>Elfogadja az adatv\u00e9delmi szab\u00e1lyzat felt\u00e9teleit[\/wgl_custom_text][wgl_spacing spacer_size=&#8221;38&#8243;][\/vc_column][\/vc_row][vc_row][vc_column][wgl_spacing spacer_size=&#8221;58&#8243;][\/vc_column][\/vc_row]\n<\/div>","protected":false},"excerpt":{"rendered":"<p>[vc_row][vc_column width=&#8221;1\/2&#8243; offset=&#8221;vc_col-lg-5&#8243;][wgl_double_headings title_color=&#8221;#313131&#8243; subtitle_color=&#8221;#FDB900&#8243; title=&#8221;Vegye fel vel\u00fcnk a kapcsolatot&#8221; subtitle=&#8221;Kapcsolat&#8221;][wgl_spacing spacer_size=&#8221;22&#8243;][vc_column_text]Az \u00e9vek sor\u00e1n a Zeng\u0151 Alf\u00f6ld szoros kapcsolatokat \u00e9p\u00edtett ki az ipar\u00e1g legkiv\u00e1l\u00f3bb szakembereivel, besz\u00e1ll\u00edt\u00f3ival \u00e9s alv\u00e1llalkoz\u00f3ival. L\u00e9pjen kapcsolatba vel\u00fcnk m\u00e9g ma, hogy megtudja, hogyan seg\u00edthet\u00fcnk \u00d6nnek![\/vc_column_text][wgl_spacing spacer_size=&#8221;24&#8243;][wgl_info_box ib_layout=&#8221;left&#8221; icon_type=&#8221;font&#8221; icon_font_type=&#8221;type_flaticon&#8221; icon_flaticon=&#8221;flaticon-pin&#8221; title_size=&#8221;18&#8243; title_bot_offset=&#8221;0&#8243; ib_title=&#8221;Szem\u00e9lyesen:&#8221; ib_content=&#8221;Szeged, Sz\u0151regi \u00fat 46-50, 6726&#8243; custom_icon_bg_width=&#8221;40&#8243; custom_icon_bg_height=&#8221;50&#8243; icon_offsets=&#8221;.vc_custom_1728997849125{margin-right: 30px [&hellip;]<\/p>\n","protected":false},"author":1,"featured_media":0,"parent":0,"menu_order":0,"comment_status":"closed","ping_status":"closed","template":"","meta":{"footnotes":""},"class_list":["post-633","page","type-page","status-publish","hentry"],"_links":{"self":[{"href":"https:\/\/zengoalfold.hu\/index.php?rest_route=\/wp\/v2\/pages\/633","targetHints":{"allow":["GET"]}}],"collection":[{"href":"https:\/\/zengoalfold.hu\/index.php?rest_route=\/wp\/v2\/pages"}],"about":[{"href":"https:\/\/zengoalfold.hu\/index.php?rest_route=\/wp\/v2\/types\/page"}],"author":[{"embeddable":true,"href":"https:\/\/zengoalfold.hu\/index.php?rest_route=\/wp\/v2\/users\/1"}],"replies":[{"embeddable":true,"href":"https:\/\/zengoalfold.hu\/index.php?rest_route=%2Fwp%2Fv2%2Fcomments&post=633"}],"version-history":[{"count":4,"href":"https:\/\/zengoalfold.hu\/index.php?rest_route=\/wp\/v2\/pages\/633\/revisions"}],"predecessor-version":[{"id":1640,"href":"https:\/\/zengoalfold.hu\/index.php?rest_route=\/wp\/v2\/pages\/633\/revisions\/1640"}],"wp:attachment":[{"href":"https:\/\/zengoalfold.hu\/index.php?rest_route=%2Fwp%2Fv2%2Fmedia&parent=633"}],"curies":[{"name":"wp","href":"https:\/\/api.w.org\/{rel}","templated":true}]}}