{"id":1259,"date":"2024-12-20T13:04:47","date_gmt":"2024-12-20T12:04:47","guid":{"rendered":"https:\/\/zengoalfold.com\/?post_type=product&#038;p=1259"},"modified":"2025-09-09T15:45:35","modified_gmt":"2025-09-09T13:45:35","slug":"afirmax-biclick-wood-vinyl-monument-oak-180x1220mm-2196-m2-csomag","status":"publish","type":"product","link":"https:\/\/zengoalfold.hu\/?product=afirmax-biclick-wood-vinyl-monument-oak-180x1220mm-2196-m2-csomag","title":{"rendered":"AFIRMAX BiClick WOOD vinyl MONUMENT OAK 180x1220mm 2,196 m2\/csomag"},"content":{"rendered":"<p>A kollekci\u00f3 tagjai id\u0151t\u00e1ll\u00f3 klasszikusok.<\/p>\n<p>Az \u00e1sv\u00e1nykompozit szerkezet\u0171, HD MINERAL CORE technol\u00f3gi\u00e1j\u00fa vinyl panelek rendk\u00edv\u00fcl tart\u00f3sak, \u00fct\u00e9s\u00e1ll\u00f3k \u00e9s v\u00edz\u00e1ll\u00f3k.<\/p>\n<p>A viszonylag kis vastags\u00e1gnak k\u00f6sz\u00f6nhet\u0151en ide\u00e1lisak fel\u00faj\u00edt\u00e1shoz, ak\u00e1r a megl\u00e9v\u0151 hidegburkolat eltakar\u00e1s\u00e1ra.<\/p>\n<p>A haszn\u00e1lati oszt\u00e1lynak k\u00f6sz\u00f6nhet\u0151en a h\u00e1z b\u00e1rmely helys\u00e9g\u00e9ben leburkolhat\u00f3k, a kiemelked\u0151 m\u00e9retstabilit\u00e1s miatt pedig ak\u00e1r 200 m2 lerakhat\u00f3 egyben, dilat\u00e1ci\u00f3s megszak\u00edt\u00e1s n\u00e9lk\u00fcl.<\/p>\n<p>K\u00f6sz\u00f6b\u00f6k \u00e9s profilok n\u00e9lk\u00fcl az ajt\u00f3kn\u00e1l \u00e9s a helys\u00e9gek k\u00f6z\u00f6tti \u00e1tj\u00e1r\u00f3kban.<\/p>\n<p>T\u00edz, klasszikus t\u00f6lgyfa \u00e1rnyalatban kaphat\u00f3k. A term\u00e9szetes \u00e1rnyalatok \u00e9s finom famint\u00e1zatok b\u00e1rmely helys\u00e9gben mutat\u00f3sak lesznek.<\/p>\n","protected":false},"excerpt":{"rendered":"<h1><a href=\"mailto:iroda@zengoalfold.hu\"><span style=\"color: #ff6600;\">K\u00c9RJEN AJ\u00c1NLATOT!<\/span><\/a><\/h1>\n","protected":false},"featured_media":1654,"template":"","meta":[],"product_brand":[167],"product_cat":[92],"product_tag":[],"class_list":{"0":"post-1259","1":"product","2":"type-product","3":"status-publish","4":"has-post-thumbnail","6":"product_brand-affirmax-vinyl","7":"product_cat-melegburkolatok","9":"first","10":"instock","11":"shipping-taxable","12":"product-type-simple"},"_links":{"self":[{"href":"https:\/\/zengoalfold.hu\/index.php?rest_route=\/wp\/v2\/product\/1259","targetHints":{"allow":["GET"]}}],"collection":[{"href":"https:\/\/zengoalfold.hu\/index.php?rest_route=\/wp\/v2\/product"}],"about":[{"href":"https:\/\/zengoalfold.hu\/index.php?rest_route=\/wp\/v2\/types\/product"}],"wp:featuredmedia":[{"embeddable":true,"href":"https:\/\/zengoalfold.hu\/index.php?rest_route=\/wp\/v2\/media\/1654"}],"wp:attachment":[{"href":"https:\/\/zengoalfold.hu\/index.php?rest_route=%2Fwp%2Fv2%2Fmedia&parent=1259"}],"wp:term":[{"taxonomy":"product_brand","embeddable":true,"href":"https:\/\/zengoalfold.hu\/index.php?rest_route=%2Fwp%2Fv2%2Fproduct_brand&post=1259"},{"taxonomy":"product_cat","embeddable":true,"href":"https:\/\/zengoalfold.hu\/index.php?rest_route=%2Fwp%2Fv2%2Fproduct_cat&post=1259"},{"taxonomy":"product_tag","embeddable":true,"href":"https:\/\/zengoalfold.hu\/index.php?rest_route=%2Fwp%2Fv2%2Fproduct_tag&post=1259"}],"curies":[{"name":"wp","href":"https:\/\/api.w.org\/{rel}","templated":true}]}}