{"id":1395,"date":"2025-07-28T11:02:41","date_gmt":"2025-07-28T09:02:41","guid":{"rendered":"https:\/\/www.zengoalfold.com\/?post_type=product&#038;p=1395"},"modified":"2025-07-28T15:49:06","modified_gmt":"2025-07-28T13:49:06","slug":"1395","status":"publish","type":"product","link":"https:\/\/zengoalfold.hu\/?product=1395","title":{"rendered":"Nolina"},"content":{"rendered":"<h1 class=\"section-title\">NOLINA 1<\/h1>\n<p><span>A Nolina 1 v\u00e1ltozatot jellegzetes \u00fcvegez\u00e9se k\u00fcl\u00f6nb\u00f6zteti meg. \u00d6t v\u00edzszintes, nem egy\u00e9rtelm\u0171 form\u00e1j\u00fa \u00fcvegez\u00e9sb\u0151l \u00e1ll. Hossz\u00fak\u00e1s trap\u00e9zra eml\u00e9keztet, de bar\u00e1ts\u00e1gosan l\u00e1gy\u00edtott sz\u00f6gekkel. Ez\u00e1ltal a Nolina 1 ajt\u00f3 kiv\u00e1l\u00f3an illeszkedik mind a szigor\u00fa minimalizmushoz, mind a sokkal bar\u00e1ts\u00e1gosabb skandin\u00e1v st\u00edlushoz.<\/span><\/p>\n<p>&nbsp;<\/p>\n<h2 class=\"info-title\">R\u00e9szletes term\u00e9kle\u00edr\u00e1s<\/h2>\n<p><span class=\"TextRun SCXW150827258 BCX0\" lang=\"PL-PL\" data-contrast=\"none\" xml:lang=\"PL-PL\"><span class=\"NormalTextRun SCXW150827258 BCX0\">Ajt\u00f3k<span>\u00a0<\/span><\/span><span class=\"NormalTextRun SpellingErrorV2Themed SCXW150827258 BCX0\">Nolina<\/span><span class=\"NormalTextRun SCXW150827258 BCX0\"><span>\u00a0<\/span>(a kapcsol\u00f3d\u00f3 Aralia \u00e9s Aralia modellekkel egy\u00fctt<span>\u00a0<\/span><\/span><span class=\"NormalTextRun SpellingErrorV2Themed SCXW150827258 BCX0\">Evodia<\/span><span class=\"NormalTextRun SCXW150827258 BCX0\">) az \u00e1csmesters\u00e9g hagyom\u00e1nyait\u00f3l a modern design fel\u00e9 mozdulnak el. A design alapja nagyon klasszikus. Sz\u00e9les, egyszer\u0171 keret, er\u0151sen tagolt kialak\u00edt\u00e1ssal, amely egy nagy panelt vesz k\u00f6r\u00fcl. Ezen azonban egy 21. sz\u00e1zadi st\u00edlus\u00fa d\u00edsz\u00edt\u00e9s jelenik meg. Dinamikusan has\u00edtott \u00fcvegt\u00e1bl\u00e1k csoportj\u00e1r\u00f3l van sz\u00f3 \u2013 egyedi \u00e9s nagyon felt\u0171n\u0151. Kifejez\u0151, m\u00e9gis egyszer\u0171 form\u00e1ik harmonikusan illeszkednek sz\u00e1mos diz\u00e1jnir\u00e1nyzathoz, t\u00f6bbek k\u00f6z\u00f6tt a st\u00edlushoz is<span>\u00a0<\/span><\/span><span class=\"NormalTextRun SpellingErrorV2Themed SCXW150827258 BCX0\">loft<\/span><span class=\"NormalTextRun SCXW150827258 BCX0\"><span>\u00a0<\/span>vagy modern. Remek\u00fcl mutatnak egy tin\u00e9dzser szob\u00e1j\u00e1ban, egy di\u00e1klak\u00e1sban vagy egy h\u00e1l\u00f3szob\u00e1ban \u2013 k\u00fcl\u00f6n\u00f6sen az\u00e9rt, mert szoba- \u00e9s f\u00fcrd\u0151szobaajt\u00f3k\u00e9nt egyar\u00e1nt j\u00f3l m\u0171k\u00f6dnek. Mindenesetre egyediv\u00e9 \u00e9s \u00f6sszet\u00e9veszthetetlenn\u00e9 teszik a berendez\u00e9st! Ajt\u00f3k<span>\u00a0<\/span><\/span><span class=\"NormalTextRun SpellingErrorV2Themed SCXW150827258 BCX0\">Nolina<\/span><span class=\"NormalTextRun SCXW150827258 BCX0\"><span>\u00a0<\/span>a k\u00f6vetkez\u0151kben \u00e1llnak rendelkez\u00e9sre<span>\u00a0<\/span><\/span><span class=\"NormalTextRun SpellingErrorV2Themed SCXW150827258 BCX0\">fel\u00fcletek<\/span><span class=\"NormalTextRun SCXW150827258 BCX0\"><span>\u00a0<\/span>Pr\u00e9mium. A szinte sima feh\u00e9r k\u00e9regmint\u00e1zat mellett sz\u00e1mos fadekor v\u00e1r, t\u00f6bbek k\u00f6z\u00f6tt sz\u00fcrke juhar, grafit k\u0151ris, t\u00f6lgy, t\u00f6lgy natur \u00e9s di\u00f3. Sz\u00e1mos sz\u00e9less\u00e9gben (mind\u00f6ssze 60 \u00e9s 100 cm k\u00f6z\u00f6tt), falt\u00e1zott \u00e9s<span>\u00a0<\/span><\/span><span class=\"NormalTextRun SpellingErrorV2Themed SCXW150827258 BCX0\">h\u00e9zagmentes<\/span><span class=\"NormalTextRun SCXW150827258 BCX0\">.<\/span><\/span><\/p>\n<h2 class=\"info-title\">Term\u00e9kinform\u00e1ci\u00f3k<\/h2>\n<h3>\u00c9P\u00cdT\u00c9S<\/h3>\n<ul>\n<li>f\u00fcgg\u0151leges \u00e9s v\u00edzszintes MDF keretek pr\u00e9mium furn\u00e9rral bor\u00edtva<\/li>\n<li>16 mm vastag HDF lemezek PREMIUM furn\u00e9rral bor\u00edtva (f\u00fcgg\u0151leges szemcs\u00e9zetts\u00e9g)<\/li>\n<li>fels\u0151 panelek a keret kisz\u00e9les\u00edt\u00e9s\u00e9hez, valamint korona \u00e9s pilaszterek fel\u00e1r ellen\u00e9ben<\/li>\n<\/ul>\n<h3>OKKINGS<\/h3>\n<ul>\n<li>h\u00e1rom ez\u00fcstsz\u00edn\u0171, 2 csapos zsan\u00e9r v\u00edzszintes \u00e1ll\u00edt\u00e1ssal az ablaksz\u00e1rnyban<\/li>\n<li>H\u00e1rom rejtett zsan\u00e9r ez\u00fcst sz\u00ednben a nem sz\u00e1rnyas sz\u00e1rnyon (fel\u00e1r ellen\u00e9ben fekete sz\u00ednben is v\u00e1laszthat\u00f3); a zsan\u00e9rokat a kerettel egy\u00fctt sz\u00e1ll\u00edtjuk \u00e9s \u00e1razzuk.<\/li>\n<li>R\u00f6gz\u00edt\u0151\/cs\u00fasz\u00f3z\u00e1r az ablaksz\u00e1rnyon \u00e9s m\u00e1gnesz\u00e1r (opcion\u00e1lis retesz\/cs\u00fasz\u00f3z\u00e1r) a nem ablaksz\u00e1rnyon kulcs, biztons\u00e1gi henger, takar\u00e9ksz\u00e1r vagy ez\u00fcst z\u00e1r eset\u00e9n; m\u00e1gnesz\u00e1r fekete vagy arany sz\u00ednben, fel\u00e1r ellen\u00e9ben.<\/li>\n<\/ul>\n<h3>GLAZING<\/h3>\n<ul>\n<li>4 mm-es dekormat tej\u00fcveg vagy fel\u00e1r ellen\u00e9ben VSG 221 lamin\u00e1lt biztons\u00e1gi \u00fcveg, mindk\u00e9t oldalon sima fel\u00fclet\u0171<\/li>\n<li>lehet\u0151s\u00e9g az \u00fcvegez\u00e9s oldal\u00e1nak REWERS-re val\u00f3 cser\u00e9j\u00e9re (AWERS standard \u00fcvegez\u00e9s)<\/li>\n<\/ul>\n<h3>M\u00c9RETEK<\/h3>\n<p>A sz\u00e1rny magass\u00e1ga: 2030 mm<\/p>\n<p>A sz\u00e1rny sz\u00e9less\u00e9ge:<\/p>\n<ul>\n<li>60 &#8211; 644 mm<\/li>\n<li>70 &#8211; 744 mm<\/li>\n<li>80 &#8211; 844 mm<\/li>\n<li>90 &#8211; 944 mm<\/li>\n<li>100 &#8211; 1044 mm<\/li>\n<\/ul>\n<p>A sz\u00e1rny vastags\u00e1ga: 40 mm<\/p>\n","protected":false},"excerpt":{"rendered":"<p><!DOCTYPE html><br \/>\n<html lang=\"hu\"><br \/>\n<head><br \/>\n  <meta charset=\"UTF-8\"><br \/>\n  <title>Kattinthat\u00f3 sz\u00ednes k\u00f6r\u00f6k<\/title><\/p>\n<style>\n    body {\n      font-family: Arial, sans-serif;\n    }\n    .color-picker {\n      display: flex;\n      flex-wrap: wrap;\n      gap: 10px;\n      margin-top: 10px;\n    }\n    .color-link {\n      display: inline-block;\n      width: 50px; \/* karika m\u00e9rete *\/\n      height: 50px;\n      border-radius: 50%;\n      border: 2px solid #ccc;\n      box-sizing: border-box;\n      background-size: cover;\n      background-position: center;\n      transition: 0.2s;\n    }\n    .color-link:hover {\n      border: 3px solid red;\n    }\n  <\/style>\n<p><\/head><br \/>\n<body><\/p>\n<h3>V\u00e1lassz sz\u00ednt<\/h3>\n<div class=\"color-picker\">\n  <a href=\"https:\/\/erkado.pl\/wp-content\/uploads\/2023\/04\/nolina-1-dab-premium-463x1024.jpg\" target=\"_blank\" class=\"color-link\" style=\"background-image: url('https:\/\/erkado.pl\/wp-content\/uploads\/2023\/04\/dab-premium-150x150-1-44x44.jpg');\"><\/a><br \/>\n  <a href=\"https:\/\/erkado.pl\/wp-content\/uploads\/2023\/04\/nolina-1-jesion-grafit-premium-463x1024.jpg\" target=\"_blank\" class=\"color-link\" style=\"background-image: url('https:\/\/erkado.pl\/wp-content\/uploads\/2023\/04\/jesion-grafit-premium-150x150-1-44x44.jpg');\"><\/a><br \/>\n  <a href=\"https:\/\/example.com\/fotok\/szurke.jpg\" target=\"_blank\" class=\"color-link\" style=\"background-image: url('https:\/\/example.com\/fotok\/szurke.jpg');\"><\/a><br \/>\n  <a href=\"https:\/\/example.com\/fotok\/zold.jpg\" target=\"_blank\" class=\"color-link\" style=\"background-image: url('https:\/\/example.com\/fotok\/zold.jpg');\"><\/a>\n<\/div>\n<p><\/body><br \/>\n<\/html><\/p>\n","protected":false},"featured_media":1396,"template":"","meta":[],"product_brand":[138],"product_cat":[131],"product_tag":[],"class_list":{"0":"post-1395","1":"product","2":"type-product","3":"status-publish","4":"has-post-thumbnail","6":"product_brand-erkado","7":"product_cat-belteri-ajtok","9":"first","10":"instock","11":"shipping-taxable","12":"product-type-simple"},"_links":{"self":[{"href":"https:\/\/zengoalfold.hu\/index.php?rest_route=\/wp\/v2\/product\/1395","targetHints":{"allow":["GET"]}}],"collection":[{"href":"https:\/\/zengoalfold.hu\/index.php?rest_route=\/wp\/v2\/product"}],"about":[{"href":"https:\/\/zengoalfold.hu\/index.php?rest_route=\/wp\/v2\/types\/product"}],"wp:featuredmedia":[{"embeddable":true,"href":"https:\/\/zengoalfold.hu\/index.php?rest_route=\/wp\/v2\/media\/1396"}],"wp:attachment":[{"href":"https:\/\/zengoalfold.hu\/index.php?rest_route=%2Fwp%2Fv2%2Fmedia&parent=1395"}],"wp:term":[{"taxonomy":"product_brand","embeddable":true,"href":"https:\/\/zengoalfold.hu\/index.php?rest_route=%2Fwp%2Fv2%2Fproduct_brand&post=1395"},{"taxonomy":"product_cat","embeddable":true,"href":"https:\/\/zengoalfold.hu\/index.php?rest_route=%2Fwp%2Fv2%2Fproduct_cat&post=1395"},{"taxonomy":"product_tag","embeddable":true,"href":"https:\/\/zengoalfold.hu\/index.php?rest_route=%2Fwp%2Fv2%2Fproduct_tag&post=1395"}],"curies":[{"name":"wp","href":"https:\/\/api.w.org\/{rel}","templated":true}]}}