{"id":1420,"date":"2025-07-28T11:39:29","date_gmt":"2025-07-28T09:39:29","guid":{"rendered":"https:\/\/www.zengoalfold.com\/?post_type=product&#038;p=1420"},"modified":"2025-07-28T12:11:58","modified_gmt":"2025-07-28T10:11:58","slug":"ewodia","status":"publish","type":"product","link":"https:\/\/zengoalfold.hu\/?product=ewodia","title":{"rendered":"Ewodia"},"content":{"rendered":"<p><img fetchpriority=\"high\" decoding=\"async\" class=\"alignnone size-medium wp-image-1421\" src=\"https:\/\/www.zengoalfold.com\/wp-content\/uploads\/2025\/07\/EWODIA-61544614950291542-300x212.jpg\" alt=\"\" width=\"300\" height=\"212\" srcset=\"https:\/\/zengoalfold.hu\/wp-content\/uploads\/2025\/07\/EWODIA-61544614950291542-300x212.jpg 300w, https:\/\/zengoalfold.hu\/wp-content\/uploads\/2025\/07\/EWODIA-61544614950291542-768x543.jpg 768w, https:\/\/zengoalfold.hu\/wp-content\/uploads\/2025\/07\/EWODIA-61544614950291542.jpg 1000w\" sizes=\"(max-width: 300px) 100vw, 300px\" \/><span>Az Evodia 1<\/span><\/p>\n<p><span> v\u00e1ltozatot jellegzetes \u00fcvegez\u00e9se k\u00fcl\u00f6nb\u00f6zteti meg. \u00d6t v\u00edzszintes, hossz\u00fak\u00e1s ov\u00e1lis alak\u00fa \u00fcvegb\u0151l \u00e1ll\u00f3 \u00fcvegez\u00e9sb\u0151l \u00e1ll. E ny\u00edl\u00e1sz\u00e1r\u00f3k kialak\u00edt\u00e1sa a modernizmus inspir\u00e1ci\u00f3j\u00e1r\u00f3l \u00e1rulkodik. J\u00f3l kombin\u00e1lhat\u00f3 a geometrikus mot\u00edvumok kort\u00e1rs alkalmaz\u00e1s\u00e1val a bels\u0151 terekben.<\/span><\/p>\n<p>&nbsp;<\/p>\n","protected":false},"excerpt":{"rendered":"<div class=\"info info--primary info--description\">\n<h2 class=\"info-title\">R\u00e9szletes term\u00e9kle\u00edr\u00e1s<\/h2>\n<p>Az Evodia ajt\u00f3, az Aralia \u00e9s a Nolina modellekkel egy\u00fctt, az \u00e1csmesters\u00e9g hagyom\u00e1nyaib\u00f3l mer\u00edt, de a modern design fel\u00e9 kacsintgat! A formatervez\u00e9s a klasszikusb\u00f3l indul ki. Err\u0151l tan\u00faskodik az egyetlen, nagym\u00e9ret\u0171 panelt k\u00f6r\u00fclvev\u0151 sz\u00e9les keret. \u00c9s itt \u2013 megjelenik a modern, kreat\u00edv karakter\u0171 \u00fcvegez\u00e9s. Az egyes v\u00e1ltozatok a geometria sokf\u00e9le megjelen\u00e9si form\u00e1j\u00e1t mutatj\u00e1k be \u2013 mind a minimalista, mind a fant\u00e1ziad\u00fas v\u00e1ltozatban. Az Ewodia kollekci\u00f3t ez\u00e9rt aj\u00e1nljuk a fiatalos kedv\u0171ek otthon\u00e1ba, valamint k\u00f6z\u00e9p\u00fcletek bels\u0151 tereibe. A modellek tart\u00f3s \u00e9s eleg\u00e1ns kivitelben kaphat\u00f3k a Premium term\u00e9kcsal\u00e1db\u00f3l. V\u00e1lasszon a t\u00f6lgy, a di\u00f3, a grafit k\u0151ris \u00e9s a sz\u00fcrke juhar k\u00e9t \u00e1rnyalat\u00e1b\u00f3l. Szint\u00e9n nagy \u00e9rdekl\u0151d\u00e9sre tarthat sz\u00e1mot a feh\u00e9r k\u00e9reg kivitel \u2013 finom megjelen\u00e9s\u0171, de az intenz\u00edv haszn\u00e1latnak ellen\u00e1ll\u00f3. Az Ewodia kollekci\u00f3 minden lev\u00e9lv\u00e1ltozata rebattos \u00e9s rebattmentes v\u00e1ltozatban is kaphat\u00f3. Ennek eredm\u00e9nyek\u00e9ppen k\u00fcl\u00f6nb\u00f6z\u0151 karakter\u0171 (klasszikusabb \u00e9s kifejezetten modern) \u00e9s funkci\u00f3j\u00fa elrendez\u00e9sekhez illeszkednek.<\/p>\n<\/div>\n<div class=\"info info--primary info--informations\">\n<h2 class=\"info-title\">Term\u00e9kinform\u00e1ci\u00f3k<\/h2>\n<h3>\u00c9P\u00cdT\u00c9S<\/h3>\n<ul>\n<li>f\u00fcgg\u0151leges \u00e9s v\u00edzszintes MDF keretek pr\u00e9mium furn\u00e9rral bor\u00edtva<\/li>\n<li>16 mm vastag HDF lemezek PREMIUM furn\u00e9rral bor\u00edtva (f\u00fcgg\u0151leges szemcs\u00e9zetts\u00e9g)<\/li>\n<li>fels\u0151 panelek a keret kisz\u00e9les\u00edt\u00e9s\u00e9hez, valamint korona \u00e9s pilaszterek fel\u00e1r ellen\u00e9ben<\/li>\n<\/ul>\n<h3>OKKINGS<\/h3>\n<ul>\n<li>h\u00e1rom ez\u00fcstsz\u00edn\u0171, 2 csapos zsan\u00e9r v\u00edzszintes \u00e1ll\u00edt\u00e1ssal az ablaksz\u00e1rnyban<\/li>\n<li>H\u00e1rom rejtett zsan\u00e9r ez\u00fcst sz\u00ednben a nem sz\u00e1rnyas sz\u00e1rnyon (fel\u00e1r ellen\u00e9ben fekete sz\u00ednben is v\u00e1laszthat\u00f3); a zsan\u00e9rokat a kerettel egy\u00fctt sz\u00e1ll\u00edtjuk \u00e9s \u00e1razzuk.<\/li>\n<li>R\u00f6gz\u00edt\u0151\/cs\u00fasz\u00f3z\u00e1r az ablaksz\u00e1rnyon \u00e9s m\u00e1gnesz\u00e1r (opcion\u00e1lis retesz\/cs\u00fasz\u00f3z\u00e1r) a nem ablaksz\u00e1rnyon kulcs, biztons\u00e1gi henger, takar\u00e9ksz\u00e1r vagy ez\u00fcst z\u00e1r eset\u00e9n; m\u00e1gnesz\u00e1r fekete vagy arany sz\u00ednben, fel\u00e1r ellen\u00e9ben.<\/li>\n<\/ul>\n<h3>GLAZING<\/h3>\n<ul>\n<li>4 mm-es dekormat tej\u00fcveg vagy fel\u00e1r ellen\u00e9ben VSG 221 lamin\u00e1lt biztons\u00e1gi \u00fcveg, mindk\u00e9t oldalon sima fel\u00fclet\u0171<\/li>\n<li>lehet\u0151s\u00e9g az \u00fcvegez\u00e9s oldal\u00e1nak REWERS-re val\u00f3 cser\u00e9j\u00e9re (AWERS standard \u00fcvegez\u00e9s)<\/li>\n<\/ul>\n<h3>M\u00c9RETEK<\/h3>\n<p>A sz\u00e1rny magass\u00e1ga: 2030 mm<\/p>\n<p>A sz\u00e1rny sz\u00e9less\u00e9ge:<\/p>\n<ul>\n<li>60 &#8211; 644 mm<\/li>\n<li>70 &#8211; 744 mm<\/li>\n<li>80 &#8211; 844 mm<\/li>\n<li>90 &#8211; 944 mm<\/li>\n<li>100 &#8211; 1044 mm<\/li>\n<\/ul>\n<p>A sz\u00e1rny vastags\u00e1ga: 40 mm<\/p>\n<\/div>\n","protected":false},"featured_media":1425,"template":"","meta":[],"product_brand":[138],"product_cat":[131],"product_tag":[],"class_list":{"0":"post-1420","1":"product","2":"type-product","3":"status-publish","4":"has-post-thumbnail","6":"product_brand-erkado","7":"product_cat-belteri-ajtok","9":"first","10":"instock","11":"shipping-taxable","12":"product-type-simple"},"_links":{"self":[{"href":"https:\/\/zengoalfold.hu\/index.php?rest_route=\/wp\/v2\/product\/1420","targetHints":{"allow":["GET"]}}],"collection":[{"href":"https:\/\/zengoalfold.hu\/index.php?rest_route=\/wp\/v2\/product"}],"about":[{"href":"https:\/\/zengoalfold.hu\/index.php?rest_route=\/wp\/v2\/types\/product"}],"wp:featuredmedia":[{"embeddable":true,"href":"https:\/\/zengoalfold.hu\/index.php?rest_route=\/wp\/v2\/media\/1425"}],"wp:attachment":[{"href":"https:\/\/zengoalfold.hu\/index.php?rest_route=%2Fwp%2Fv2%2Fmedia&parent=1420"}],"wp:term":[{"taxonomy":"product_brand","embeddable":true,"href":"https:\/\/zengoalfold.hu\/index.php?rest_route=%2Fwp%2Fv2%2Fproduct_brand&post=1420"},{"taxonomy":"product_cat","embeddable":true,"href":"https:\/\/zengoalfold.hu\/index.php?rest_route=%2Fwp%2Fv2%2Fproduct_cat&post=1420"},{"taxonomy":"product_tag","embeddable":true,"href":"https:\/\/zengoalfold.hu\/index.php?rest_route=%2Fwp%2Fv2%2Fproduct_tag&post=1420"}],"curies":[{"name":"wp","href":"https:\/\/api.w.org\/{rel}","templated":true}]}}