{"id":1438,"date":"2025-08-06T08:20:23","date_gmt":"2025-08-06T06:20:23","guid":{"rendered":"https:\/\/zengoalfold.com\/?post_type=product&#038;p=1438"},"modified":"2025-08-07T08:43:37","modified_gmt":"2025-08-07T06:43:37","slug":"verbena","status":"publish","type":"product","link":"https:\/\/zengoalfold.hu\/?product=verbena","title":{"rendered":"Verbena"},"content":{"rendered":"<div class=\"info info--primary info--description\">\n<p><span>Egy olyan ajt\u00f3modell, amely kiemeli otthona egyedi karakter\u00e9t, mik\u00f6zben tart\u00f3ss\u00e1got \u00e9s egyszer\u0171s\u00e9get k\u00edn\u00e1l..<\/span><\/p>\n<p>&nbsp;<\/p>\n<p>R\u00e9szletes term\u00e9kle\u00edr\u00e1s<br \/>\nA \u201eWerbena 1\u201d modell kiv\u00e9teles v\u00e1laszt\u00e1s azok sz\u00e1m\u00e1ra, akik modern, minimalista jelleg\u0171 ajt\u00f3t keresnek. A kerettechnol\u00f3gi\u00e1val k\u00e9sz\u00fclt ajt\u00f3k t\u00f6k\u00e9letesen illeszkednek a klasszikus \u00e9s modern st\u00edlusban berendezett bels\u0151 terekhez. Sima fel\u00fclet jellemzi \u0151ket, amelyet a 16 mm vastag panelben l\u00e9v\u0151 finom fazett\u00e1lt d\u00edszl\u00e9cek eg\u00e9sz\u00edtenek ki. A sz\u00e9leken tal\u00e1lhat\u00f3 m\u00e9ly, fazett\u00e1lt szeg\u00e9lyl\u00e9cek jellegzetes karaktert k\u00f6lcs\u00f6n\u00f6znek az ajt\u00f3nak, amely t\u00f6k\u00e9letesen illeszkedik a k\u00fcl\u00f6nb\u00f6z\u0151 terekbe. T\u00f6k\u00e9letes v\u00e1laszt\u00e1s modern bels\u0151 terekbe, ahol az eszt\u00e9tika \u00e9s a funkcionalit\u00e1s egyar\u00e1nt fontos.<\/p>\n<\/div>\n<div class=\"info info--primary info--informations\">\n<h2 class=\"info-title\">Term\u00e9kinform\u00e1ci\u00f3k<\/h2>\n<h5>\u00c9P\u00cdT\u00c9S<\/h5>\n<ul>\n<li>keretes technol\u00f3gi\u00e1val k\u00e9sz\u00fclt, faltatott vagy nem faltatott sz\u00e1rnyak<\/li>\n<li>f\u00fcgg\u0151leges \u00e9s v\u00edzszintes keretek MDF-b\u0151l, PREMIUM, ST CPL vagy ST CPL furn\u00e9rral bor\u00edtva AntiFinger bevonattal<\/li>\n<li>HDF- \u00e9s MDF-lapokkal burkolt f\u00fcgg\u0151leges ragasztott f\u0171r\u00e9sz\u00e1ru-keretek<\/li>\n<li>3 mm-es HDF-lapok, mindk\u00e9t oldalr\u00f3l \u00fcvegre ragasztva, m\u00e9lyen fazett\u00e1lt peremmel keretezve. A panel sz\u00e9le mindig fekete sz\u00edn\u0171.<\/li>\n<li>40 mm f\u00e9ny\u00e1tereszt\u0151 k\u00e9pess\u00e9g a fazetta \u00e9s az alkalmazott panel k\u00f6z\u00f6tt<\/li>\n<li>fels\u0151 panelek a keret kisz\u00e9les\u00edt\u00e9s\u00e9hez, valamint korona \u00e9s pilaszterek fel\u00e1r ellen\u00e9ben<\/li>\n<\/ul>\n<h5>OKKINGS<\/h5>\n<ul>\n<li>h\u00e1rom ez\u00fcst sz\u00edn\u0171, v\u00edzszintesen \u00e1ll\u00edthat\u00f3, 2 csapos zsan\u00e9r az ablaksz\u00e1rnyon<\/li>\n<li>h\u00e1rom rejtett zsan\u00e9r ez\u00fcst sz\u00ednben a zsan\u00e9r n\u00e9lk\u00fcli sz\u00e1rnyon (fekete sz\u00edn\u0171 fel\u00e1r ellen\u00e9ben) a zsan\u00e9rokat a kerettel egy\u00fctt sz\u00e1ll\u00edtjuk \u00e9s \u00e1razzuk.<\/li>\n<li>R\u00f6gz\u00edt\u0151\/cs\u00fasz\u00f3z\u00e1r az ablaksz\u00e1rnyon \u00e9s m\u00e1gnesz\u00e1r (opcion\u00e1lis retesz\/cs\u00fasz\u00f3z\u00e1r) a nem ablaksz\u00e1rnyon kulcs, biztons\u00e1gi henger, takar\u00e9ksz\u00e1r vagy ez\u00fcst z\u00e1r eset\u00e9n; m\u00e1gnesz\u00e1r fekete vagy arany sz\u00ednben, fel\u00e1r ellen\u00e9ben.<\/li>\n<\/ul>\n<h5>GLAZING<\/h5>\n<ul>\n<li>Alapfelszerelts\u00e9gk\u00e9nt edzett tej\u00fcveg vagy 4 mm-es \u00e1tl\u00e1tsz\u00f3 \u00fcveg, fel\u00e1r ellen\u00e9ben VSG 221 lamin\u00e1lt biztons\u00e1gi \u00fcveg vagy fekete biztons\u00e1gi \u00fcveg, mindk\u00e9t oldalon sima fel\u00fcletkezel\u00e9ssel.<\/li>\n<li>lehet\u0151s\u00e9g az \u00fcvegez\u00e9s oldal\u00e1nak REWERS-re val\u00f3 cser\u00e9j\u00e9re (AWERS standard \u00fcvegez\u00e9s)<\/li>\n<\/ul>\n<h5>M\u00c9RETEK<\/h5>\n<p>A sz\u00e1rny magass\u00e1ga: 2030 mm<\/p>\n<p>A sz\u00e1rny sz\u00e9less\u00e9ge:<\/p>\n<ul>\n<li>60 &#8211; 644 mm<\/li>\n<li>70 &#8211; 744 mm<\/li>\n<li>80 &#8211; 844 mm<\/li>\n<li>90 &#8211; 944 mm<\/li>\n<li>100 &#8211; 1044 mm<\/li>\n<\/ul>\n<p>A sz\u00e1rny vastags\u00e1ga: 40 mm<\/p>\n<p>FEL\u00c1RAS EXTR\u00c1K<br \/>\ngy\u00e1ri furatk\u00e9sz\u00edt\u00e9s ajt\u00f3kilincsekhez (\u00fan. osztott) sz\u00e1rnnyal, k\u00e9szletben val\u00f3 megrendel\u00e9s<br \/>\neset\u00e9n<br \/>\nrekuper\u00e1ci\u00f3s r\u00e9s sztenderd vagy mini, szell\u0151z\u00e9si alulv\u00e1g\u00e1s sztenderd vagy mini (149. o.)<br \/>\nfaut\u00e1nzat\u00fa m\u0171anyag szell\u0151z\u0151k (4 db.)<br \/>\nf\u00e9mb\u0151l k\u00e9sz\u00fclt kerek \u00e9s n\u00e9gysz\u00f6gletes szell\u0151z\u0151k (4 db); fel\u00fclet: sz\u00e1lcsiszolt nikkel, patina,<br \/>\nfeh\u00e9r \u00e9s fekete<br \/>\nszell\u0151z\u0151r\u00e1cs (kiz\u00e1r\u00f3lag a k\u00f6vetkez\u0151 sz\u00e1rnysz\u00e9less\u00e9gekhez: 80, 90, 100)<br \/>\n\u201e100\u201d-as m\u00e9ret\u0171 falcos \u00e9s falc n\u00e9lk\u00fcli ajt\u00f3sz\u00e1rny<br \/>\nVSG 221 ragasztott biztons\u00e1gi \u00fcveg, mindk\u00e9t oldal\u00e1n sima fel\u00fclet\u0171<br \/>\nf\u00e9mb\u0151l k\u00e9sz\u00fclt zsan\u00e9rburkolat a falcos ajt\u00f3sz\u00e1rnyban<br \/>\n(sz\u00edn: sz\u00e1lcsiszolt nikkel, patina, f\u00e9nyezett kr\u00f3m, f\u00e9nyezett s\u00e1rgar\u00e9z, feh\u00e9r \u00e9s fekete)<br \/>\nautomata k\u00fcsz\u00f6b 2)<br \/>\ncsere fekete vagy arany sz\u00edn\u0171 m\u00e1gnes z\u00e1rra falc n\u00e9lk\u00fcli ajt\u00f3sz\u00e1rnyak eset\u00e9n<br \/>\na z\u00e1r cser\u00e9je fekete z\u00e1rra falcos ajt\u00f3sz\u00e1rnyhoz 7).<br \/>\na zsan\u00e9rok cser\u00e9je fekete zsan\u00e9rokra falcos ajt\u00f3sz\u00e1rnyhoz 7).<br \/>\ncsere fekete vagy arany sz\u00edn\u0171 zsan\u00e9rokra \u00e9s z\u00e1r\u00f3lemezre falc n\u00e9lk\u00fcli ajt\u00f3sz\u00e1rny eset\u00e9n<br \/>\nm\u00e1gneses korl\u00e1toz\u00f3 (\u00fctk\u00f6z\u0151) 2)<br \/>\n(hatf\u00e9le sz\u00ednben kaphat\u00f3 149. o.)<br \/>\nragasztott f\u00e1b\u00f3l k\u00e9sz\u00fclt f\u00fcgg\u0151leges keretelemek 4)<\/p>\n<\/div>\n","protected":false},"excerpt":{"rendered":"<h3>V\u00e1lassz sz\u00ednt<\/h3>\n<p><!DOCTYPE html><br \/>\n<html lang=\"hu\"><br \/>\n<head><br \/>\n<meta charset=\"UTF-8\"><br \/>\n<title>Kattinthat\u00f3 sz\u00ednes k\u00f6r\u00f6k<\/title><\/p>\n<style>\nbody {\nfont-family: Arial, sans-serif;\n}\n.color-picker {\ndisplay: flex;\nflex-wrap: wrap;\ngap: 10px;\nmargin-top: 10px;\n}\n.color-link {\ndisplay: inline-block;\nwidth: 50px; \/* karika m\u00e9rete *\/\nheight: 50px;\nborder-radius: 50%;\nborder: 2px solid #ccc;\nbox-sizing: border-box;\nbackground-size: cover;\nbackground-position: center;\ntransition: 0.2s;\n}\n.color-link:hover {\nborder: 3px solid red;\n}\n<\/style>\n<p><\/head><br \/>\n<body><\/p>\n<h3>V\u00e1lassz sz\u00ednt<\/h3>\n<div class=\"color-picker\">\n<a href=\"https:\/\/erkado.pl\/wp-content\/uploads\/2025\/05\/drzwi-wewnetrzne-bezprzylgowe-werbena-1-antracyt-st-cpl-klamka-inox-477x1024.jpg\" target=\"_blank\" class=\"color-link\" style=\"background-image: url('https:\/\/erkado.pl\/wp-content\/uploads\/2024\/04\/antracyt-st-cpl-44x44.jpeg');\"><\/a><br \/>\n<a href=\"https:\/\/erkado.pl\/wp-content\/uploads\/2025\/05\/drzwi-wewnetrzne-bezprzylgowe-werbena-1-jasnoszary-st-cpl-klamka-inox-477x1024.jpg\" target=\"_blank\" class=\"color-link\" style=\"background-image: url('https:\/\/erkado.pl\/wp-content\/uploads\/2023\/05\/jasnoszary-st-cpl-scaled-1-e1689595226500-44x44.jpg');\"><\/a><br \/>\n<a href=\"https:\/\/erkado.pl\/wp-content\/uploads\/2025\/05\/drzwi-wewnetrzne-bezprzylgowe-werbena-1-bialy-premium-klamka-czarna-477x1024.jpg\" target=\"_blank\" class=\"color-link\" style=\"background-image: url('https:\/\/erkado.pl\/wp-content\/uploads\/2023\/04\/bialy-premium-150x150-1-44x44.jpg');\"><\/a><br \/>\n<a href=\"https:\/\/erkado.pl\/wp-content\/uploads\/2025\/05\/drzwi-wewnetrzne-bezprzylgowe-werbena-1-jesion-grafit-premium-klamka-czarna-477x1024.jpg\" target=\"_blank\" class=\"color-link\" style=\"background-image: url('https:\/\/erkado.pl\/wp-content\/uploads\/2023\/04\/jesion-grafit-premium-150x150-1-44x44.jpg');\"><\/a><br \/>\n<a href=\"https:\/\/erkado.pl\/wp-content\/uploads\/2025\/05\/drzwi-wewnetrzne-bezprzylgowe-werbena-1-bialy-st-cpl-klamka-inox-477x1024.jpg\" target=\"_blank\" class=\"color-link\" style=\"background-image: url('https:\/\/erkado.pl\/wp-content\/uploads\/2023\/04\/bialy-st-cpl-150x150-1-1-44x44.jpg');\"><\/a><br \/>\n<a href=\"https:\/\/erkado.pl\/wp-content\/uploads\/2025\/05\/drzwi-wewnetrzne-bezprzylgowe-werbena-1-klon-szary-premium-klamka-czarna-477x1024.jpg\" target=\"_blank\" class=\"color-link\" style=\"background-image: url('https:\/\/erkado.pl\/wp-content\/uploads\/2023\/04\/klon-szary-premium-150x150-1-44x44.jpg');\"><\/a><br \/>\n<a href=\"https:\/\/erkado.pl\/wp-content\/uploads\/2025\/05\/drzwi-wewnetrzne-bezprzylgowe-werbena-1-cappuccino-st-cpl-klamka-czarna-477x1024.jpg\" target=\"_blank\" class=\"color-link\" style=\"background-image: url('https:\/\/erkado.pl\/wp-content\/uploads\/2023\/04\/cappuccino-st-cpl-scaled-e1689594715336-44x44.jpg');\"><\/a><br \/>\n<a href=\"https:\/\/erkado.pl\/wp-content\/uploads\/2025\/05\/drzwi-wewnetrzne-bezprzylgowe-werbena-1-kora-biala-premium-klamka-inox-477x1024.jpg\" target=\"_blank\" class=\"color-link\" style=\"background-image: url('https:\/\/erkado.pl\/wp-content\/uploads\/2023\/04\/kora-biala-premium-150x150-1-44x44.jpg');\"><\/a><br \/>\n<a href=\"https:\/\/erkado.pl\/wp-content\/uploads\/2025\/05\/drzwi-wewnetrzne-bezprzylgowe-werbena-1-ciemnozielony-st-cpl-klamka-czarna-477x1024.jpg\" target=\"_blank\" class=\"color-link\" style=\"background-image: url('https:\/\/erkado.pl\/wp-content\/uploads\/2023\/04\/ciemnozielony-st-cpl-44x44.jpeg');\"><\/a><br \/>\n<a href=\"https:\/\/erkado.pl\/wp-content\/uploads\/2025\/05\/drzwi-wewnetrzne-bezprzylgowe-werbena-1-orzech-classic-premium-klamka-inox-477x1024.jpg\" target=\"_blank\" class=\"color-link\" style=\"background-image: url('https:\/\/erkado.pl\/wp-content\/uploads\/2025\/05\/ecr2biik-44x44.jpeg');\"><\/a><br \/>\n<a href=\"https:\/\/erkado.pl\/wp-content\/uploads\/2025\/05\/drzwi-wewnetrzne-bezprzylgowe-werbena-1-czarny-st-cpl-klamka-inox-477x1024.jpg\" target=\"_blank\" class=\"color-link\" style=\"background-image: url('https:\/\/erkado.pl\/wp-content\/uploads\/2023\/05\/czarny-st-cpl-scaled-1-e1689594250647-44x44.jpg');\"><\/a><br \/>\n<a href=\"https:\/\/erkado.pl\/wp-content\/uploads\/2025\/05\/drzwi-wewnetrzne-bezprzylgowe-werbena-1-popielaty-st-cpl-klamka-czarna-477x1024.jpg\" target=\"_blank\" class=\"color-link\" style=\"background-image: url('https:\/\/erkado.pl\/wp-content\/uploads\/2023\/04\/popiepaty-150x150-1-44x44.png');\"><\/a><br \/>\n<a href=\"https:\/\/erkado.pl\/wp-content\/uploads\/2025\/05\/drzwi-wewnetrzne-bezprzylgowe-werbena-1-dab-premium-klamka-czarna-477x1024.jpg\" target=\"_blank\" class=\"color-link\" style=\"background-image: url('https:\/\/erkado.pl\/wp-content\/uploads\/2023\/04\/dab-premium-150x150-1-44x44.jpg');\"><\/a><br \/>\n<a href=\"https:\/\/erkado.pl\/wp-content\/uploads\/2025\/05\/drzwi-wewnetrzne-bezprzylgowe-werbena-1-wenge-dark-st-cpl-klamka-czarna-477x1024.jpg\" target=\"_blank\" class=\"color-link\" style=\"background-image: url('https:\/\/erkado.pl\/wp-content\/uploads\/2023\/11\/dekor-wenge-dark-st-cpl-1-44x44.jpg');\"><\/a><br \/>\n<a href=\"https:\/\/erkado.pl\/wp-content\/uploads\/2025\/05\/drzwi-wewnetrzne-bezprzylgowe-werbena-1-dab-st-cpl-klamka-inox-477x1024.jpg\" target=\"_blank\" class=\"color-link\" style=\"background-image: url('https:\/\/erkado.pl\/wp-content\/uploads\/2023\/04\/dab-st-probka600x600-150x150-1-44x44.jpg');\"><\/a><\/p>\n<\/div>\n<p><\/body><br \/>\n<\/html><\/p>\n","protected":false},"featured_media":1453,"template":"","meta":[],"product_brand":[138],"product_cat":[139],"product_tag":[],"class_list":{"0":"post-1438","1":"product","2":"type-product","3":"status-publish","4":"has-post-thumbnail","6":"product_brand-erkado","7":"product_cat-verbena","9":"first","10":"instock","11":"shipping-taxable","12":"product-type-simple"},"_links":{"self":[{"href":"https:\/\/zengoalfold.hu\/index.php?rest_route=\/wp\/v2\/product\/1438","targetHints":{"allow":["GET"]}}],"collection":[{"href":"https:\/\/zengoalfold.hu\/index.php?rest_route=\/wp\/v2\/product"}],"about":[{"href":"https:\/\/zengoalfold.hu\/index.php?rest_route=\/wp\/v2\/types\/product"}],"wp:featuredmedia":[{"embeddable":true,"href":"https:\/\/zengoalfold.hu\/index.php?rest_route=\/wp\/v2\/media\/1453"}],"wp:attachment":[{"href":"https:\/\/zengoalfold.hu\/index.php?rest_route=%2Fwp%2Fv2%2Fmedia&parent=1438"}],"wp:term":[{"taxonomy":"product_brand","embeddable":true,"href":"https:\/\/zengoalfold.hu\/index.php?rest_route=%2Fwp%2Fv2%2Fproduct_brand&post=1438"},{"taxonomy":"product_cat","embeddable":true,"href":"https:\/\/zengoalfold.hu\/index.php?rest_route=%2Fwp%2Fv2%2Fproduct_cat&post=1438"},{"taxonomy":"product_tag","embeddable":true,"href":"https:\/\/zengoalfold.hu\/index.php?rest_route=%2Fwp%2Fv2%2Fproduct_tag&post=1438"}],"curies":[{"name":"wp","href":"https:\/\/api.w.org\/{rel}","templated":true}]}}