{"id":1529,"date":"2025-08-26T11:45:10","date_gmt":"2025-08-26T09:45:10","guid":{"rendered":"https:\/\/zengoalfold.com\/?post_type=product&#038;p=1529"},"modified":"2025-09-08T11:42:55","modified_gmt":"2025-09-08T09:42:55","slug":"bitumenes-lemezek-kiegeszitok","status":"publish","type":"product","link":"https:\/\/zengoalfold.hu\/?product=bitumenes-lemezek-kiegeszitok","title":{"rendered":"BITUMENES LEMEZEK, KIEG\u00c9SZ\u00cdT\u0150K"},"content":{"rendered":"<p>A bitumenes lemezek olyan szigetel\u0151anyagok, amelyeket els\u0151sorban tet\u0151k, alapok \u00e9s k\u00fcl\u00f6nf\u00e9le \u00e9p\u00fcletszerkezetek v\u00edz elleni v\u00e9delm\u00e9re haszn\u00e1lnak. Alapjuk \u00e1ltal\u00e1ban bitumen, amelyet \u00fcvegf\u00e1tyolra vagy poli\u00e9szter hordoz\u00f3r\u00e9tegre hordanak fel, \u00edgy rugalmas \u00e9s id\u0151t\u00e1ll\u00f3 bevonat j\u00f6n l\u00e9tre. A bitumen kiv\u00e1l\u00f3 v\u00edzz\u00e1r\u00f3 tulajdons\u00e1gokkal rendelkezik, ez\u00e9rt a lemezek hat\u00e9konyan g\u00e1tolj\u00e1k a nedvess\u00e9g \u00e9s a csapad\u00e9k bejut\u00e1s\u00e1t az \u00e9p\u00fclet szerkezet\u00e9be. Kaphat\u00f3k k\u00fcl\u00f6nb\u00f6z\u0151 vastags\u00e1gban \u00e9s fel\u00fcletk\u00e9pz\u00e9ssel, p\u00e9ld\u00e1ul homokhint\u00e9ses, pala\u0151rlem\u00e9nyes vagy f\u00f3li\u00e1s v\u00e1ltozatban, melyek elt\u00e9r\u0151 felhaszn\u00e1l\u00e1si ter\u00fcletekhez \u00e9s ig\u00e9nyekhez igazodnak. Hegeszt\u00e9ssel, l\u00e1ngolvaszt\u00e1ssal vagy hideg ragaszt\u00e1ssal r\u00f6gz\u00edthet\u0151k, ami tart\u00f3s, biztons\u00e1gos v\u00edzszigetel\u00e9st biztos\u00edt.<\/p>\n","protected":false},"excerpt":{"rendered":"<p>A bitumenes lemezek olyan szigetel\u0151anyagok, amelyeket els\u0151sorban tet\u0151k, alapok \u00e9s k\u00fcl\u00f6nf\u00e9le \u00e9p\u00fcletszerkezetek v\u00edz elleni v\u00e9delm\u00e9re haszn\u00e1lnak. Alapjuk \u00e1ltal\u00e1ban bitumen, amelyet \u00fcvegf\u00e1tyolra vagy poli\u00e9szter hordoz\u00f3r\u00e9tegre hordanak fel, \u00edgy rugalmas \u00e9s id\u0151t\u00e1ll\u00f3 bevonat j\u00f6n l\u00e9tre. A bitumen kiv\u00e1l\u00f3 v\u00edzz\u00e1r\u00f3 tulajdons\u00e1gokkal rendelkezik, ez\u00e9rt a lemezek hat\u00e9konyan g\u00e1tolj\u00e1k a nedvess\u00e9g \u00e9s a csapad\u00e9k bejut\u00e1s\u00e1t az \u00e9p\u00fclet szerkezet\u00e9be. Kaphat\u00f3k k\u00fcl\u00f6nb\u00f6z\u0151 [&hellip;]<\/p>\n","protected":false},"featured_media":1530,"template":"","meta":[],"product_brand":[161],"product_cat":[110],"product_tag":[],"class_list":{"0":"post-1529","1":"product","2":"type-product","3":"status-publish","4":"has-post-thumbnail","6":"product_brand-bmi","7":"product_cat-bitumenes-lemezekkiegeszitok","9":"first","10":"instock","11":"shipping-taxable","12":"product-type-simple"},"_links":{"self":[{"href":"https:\/\/zengoalfold.hu\/index.php?rest_route=\/wp\/v2\/product\/1529","targetHints":{"allow":["GET"]}}],"collection":[{"href":"https:\/\/zengoalfold.hu\/index.php?rest_route=\/wp\/v2\/product"}],"about":[{"href":"https:\/\/zengoalfold.hu\/index.php?rest_route=\/wp\/v2\/types\/product"}],"wp:featuredmedia":[{"embeddable":true,"href":"https:\/\/zengoalfold.hu\/index.php?rest_route=\/wp\/v2\/media\/1530"}],"wp:attachment":[{"href":"https:\/\/zengoalfold.hu\/index.php?rest_route=%2Fwp%2Fv2%2Fmedia&parent=1529"}],"wp:term":[{"taxonomy":"product_brand","embeddable":true,"href":"https:\/\/zengoalfold.hu\/index.php?rest_route=%2Fwp%2Fv2%2Fproduct_brand&post=1529"},{"taxonomy":"product_cat","embeddable":true,"href":"https:\/\/zengoalfold.hu\/index.php?rest_route=%2Fwp%2Fv2%2Fproduct_cat&post=1529"},{"taxonomy":"product_tag","embeddable":true,"href":"https:\/\/zengoalfold.hu\/index.php?rest_route=%2Fwp%2Fv2%2Fproduct_tag&post=1529"}],"curies":[{"name":"wp","href":"https:\/\/api.w.org\/{rel}","templated":true}]}}