{"id":1538,"date":"2025-09-01T13:28:20","date_gmt":"2025-09-01T11:28:20","guid":{"rendered":"https:\/\/zengoalfold.com\/?post_type=product&#038;p=1538"},"modified":"2025-09-01T14:39:29","modified_gmt":"2025-09-01T12:39:29","slug":"1538","status":"publish","type":"product","link":"https:\/\/zengoalfold.hu\/?product=1538","title":{"rendered":"Caterpillar 201 darabos Kombin\u00e1lt F\u00far\u00f3k\u00e9szlet\u00a0 &#8211; DA01903"},"content":{"rendered":"<p><span>201 darabos Kombin\u00e1lt F\u00far\u00f3k\u00e9szlet\u00a0 &#8211; DA01903<\/span><\/p>\n<p><span>Jellemz\u0151k<\/span><\/p>\n<ul>\n<li><span>A legt\u00f6bb f\u00far\u00f3g\u00e9phez haszn\u00e1lhat\u00f3<\/span><\/li>\n<li><span>F\u00e9m, fa \u00e9s m\u0171anyag f\u00far\u00e1s\u00e1ra alkalmas<\/span><\/li>\n<\/ul>\n<p><span>Tartalma<\/span><\/p>\n<ul>\n<li><span>21 db f\u00e9m spir\u00e1lf\u00far\u00f3 (1.5\/2\/2.5\/2\/3.5\/4\/4.5\/5\/5.5\/6.\/8mm)<\/span><\/li>\n<li><span>6 db k\u00f6zpontos\u00edt\u00f3 fa f\u00far\u00f3sz\u00e1r (3\/4\/5\/6\/8\/10mm)<\/span><\/li>\n<li><span>6 db betonf\u00far\u00f3 (3\/4\/5\/6\/8\/10mm)<\/span><\/li>\n<li><span>4 db lapos f\u00far\u00f3sz\u00e1r (12\/16\/20mm)<\/span><\/li>\n<li><span>15 db tipli<\/span><\/li>\n<li><span>13 db facsavar\u00a0<\/span><\/li>\n<li><span>10 db 25mm hossz\u00fa csavarh\u00faz\u00f3 bit PH, SL, SQ, TORX, HEX<\/span><\/li>\n<li><span>40 db 50mm hossz\u00fa csavarh\u00faz\u00f3 bit PH, SL, SQ, TORX, HEX<\/span><\/li>\n<li><span>2 db m\u00e9lys\u00e9g\u00fctk\u00f6z\u0151 (Drill Stopper) 6\/8mm<\/span><\/li>\n<li><span>10 db dug\u00f3kulcs (5\/5.5\/6\/7\/8\/9\/10\/11\/12\/13mm)<\/span><\/li>\n<li><span>1 db csavarkeres\u0151<\/span><\/li>\n<li><span>10 db imbuszkulcs (1,5\/2\/2.5\/3\/4\/5\/5.5\/6\/8\/10mm)<\/span><\/li>\n<li><span>1 db m\u00e1gneses bittart\u00f3\u00a0<\/span><\/li>\n<li><span>1 db s\u00fcllyeszt\u0151 f\u00far\u00f3\u00a0<\/span><\/li>\n<li><span>1 db gyorscsatlakoz\u00f3s bittart\u00f3<\/span><\/li>\n<\/ul>\n<p><span>Term\u00e9kinform\u00e1ci\u00f3<\/span><\/p>\n<table cellspacing=\"0\" cellpadding=\"0\">\n<tbody>\n<tr>\n<td valign=\"middle\"><span>Cikksz\u00e1m<\/span><\/td>\n<td valign=\"middle\"><span>Le\u00edr\u00e1s<\/span><\/td>\n<td valign=\"middle\"><span>Csomag mennyis\u00e9g<\/span><\/td>\n<\/tr>\n<tr>\n<td valign=\"middle\"><span>DA01903<\/span><\/td>\n<td valign=\"middle\"><span>201 darabos kombin\u00e1lt f\u00far\u00f3sz\u00e1r k\u00e9szlet<\/span><\/td>\n<td valign=\"middle\"><span>201 db<\/span><\/td>\n<\/tr>\n<\/tbody>\n<\/table>\n<p>&nbsp;<\/p>\n","protected":false},"excerpt":{"rendered":"<p>201 darabos Kombin\u00e1lt F\u00far\u00f3k\u00e9szlet\u00a0 &#8211; DA01903 Jellemz\u0151k A legt\u00f6bb f\u00far\u00f3g\u00e9phez haszn\u00e1lhat\u00f3 F\u00e9m, fa \u00e9s m\u0171anyag f\u00far\u00e1s\u00e1ra alkalmas Tartalma 21 db f\u00e9m spir\u00e1lf\u00far\u00f3 (1.5\/2\/2.5\/2\/3.5\/4\/4.5\/5\/5.5\/6.\/8mm) 6 db k\u00f6zpontos\u00edt\u00f3 fa f\u00far\u00f3sz\u00e1r (3\/4\/5\/6\/8\/10mm) 6 db betonf\u00far\u00f3 (3\/4\/5\/6\/8\/10mm) 4 db lapos f\u00far\u00f3sz\u00e1r (12\/16\/20mm) 15 db tipli 13 db facsavar\u00a0 10 db 25mm hossz\u00fa csavarh\u00faz\u00f3 bit PH, SL, SQ, TORX, HEX [&hellip;]<\/p>\n","protected":false},"featured_media":1539,"template":"","meta":[],"product_brand":[114],"product_cat":[164],"product_tag":[],"class_list":{"0":"post-1538","1":"product","2":"type-product","3":"status-publish","4":"has-post-thumbnail","6":"product_brand-caterpillar","7":"product_cat-szerszamgepek","9":"first","10":"instock","11":"shipping-taxable","12":"product-type-simple"},"_links":{"self":[{"href":"https:\/\/zengoalfold.hu\/index.php?rest_route=\/wp\/v2\/product\/1538","targetHints":{"allow":["GET"]}}],"collection":[{"href":"https:\/\/zengoalfold.hu\/index.php?rest_route=\/wp\/v2\/product"}],"about":[{"href":"https:\/\/zengoalfold.hu\/index.php?rest_route=\/wp\/v2\/types\/product"}],"wp:featuredmedia":[{"embeddable":true,"href":"https:\/\/zengoalfold.hu\/index.php?rest_route=\/wp\/v2\/media\/1539"}],"wp:attachment":[{"href":"https:\/\/zengoalfold.hu\/index.php?rest_route=%2Fwp%2Fv2%2Fmedia&parent=1538"}],"wp:term":[{"taxonomy":"product_brand","embeddable":true,"href":"https:\/\/zengoalfold.hu\/index.php?rest_route=%2Fwp%2Fv2%2Fproduct_brand&post=1538"},{"taxonomy":"product_cat","embeddable":true,"href":"https:\/\/zengoalfold.hu\/index.php?rest_route=%2Fwp%2Fv2%2Fproduct_cat&post=1538"},{"taxonomy":"product_tag","embeddable":true,"href":"https:\/\/zengoalfold.hu\/index.php?rest_route=%2Fwp%2Fv2%2Fproduct_tag&post=1538"}],"curies":[{"name":"wp","href":"https:\/\/api.w.org\/{rel}","templated":true}]}}