{"id":1541,"date":"2025-09-01T14:11:33","date_gmt":"2025-09-01T12:11:33","guid":{"rendered":"https:\/\/zengoalfold.com\/?post_type=product&#038;p=1541"},"modified":"2025-09-01T14:38:30","modified_gmt":"2025-09-01T12:38:30","slug":"caterpillar-dx14-furocsavarozo-12-volt-2-0-ah-li-ion","status":"publish","type":"product","link":"https:\/\/zengoalfold.hu\/?product=caterpillar-dx14-furocsavarozo-12-volt-2-0-ah-li-ion","title":{"rendered":"Caterpillar DX155 Akkumul\u00e1toros \u00fctvef\u00far\u00f3-csavaroz\u00f3 18"},"content":{"rendered":"<section class=\"page-section page-section-light gtm_product-page-description\" data-test=\"page-section\">\n<div class=\"container pb-5\">\n<h2 class=\"page-section-title\">Le\u00edr\u00e1s<\/h2>\n<div id=\"collapse-wrapper-description\">\n<div class=\"product-page-description description-banner-right\">\n<div class=\"product-page-description-text\">\n<div id=\"description-body\" class=\"collapse-offset collapse in\">\n<p>Megjegyz\u00e9s: Ez a le\u00edr\u00e1s automatikusan le lett ford\u00edtva magyarra.<\/p>\n<p>CAT DX14 f\u00far\u00f3g\u00e9p Megb\u00edzhat\u00f3s\u00e1g \u00e9s teljes\u00edtm\u00e9ny minden helyzetben Fedezze fel a CAT DX14 f\u00far\u00f3t\/f\u00far\u00f3t \u2013 egy olyan szersz\u00e1mot, amely minden kih\u00edv\u00e1snak megfelel. Profi \u00e9s amat\u0151r\u00f6k sz\u00e1m\u00e1ra k\u00e9sz\u00fclt, akiknek a legmagasabb min\u0151s\u00e9gre \u00e9s megb\u00edzhat\u00f3s\u00e1gra van sz\u00fcks\u00e9g\u00fck. Az ergonomikus kialak\u00edt\u00e1s \u00e9s a gumi foganty\u00fa gondoskodik a k\u00e9nyelemr\u0151l m\u00e9g hosszabb haszn\u00e1lat sor\u00e1n is. A be\u00e9p\u00edtett LED vil\u00e1g\u00edt\u00e1s prec\u00edz munk\u00e1t tesz lehet\u0151v\u00e9 rosszul megvil\u00e1g\u00edtott helyeken, az \u00f6vcsipesz pedig a szersz\u00e1mok k\u00e9nyelmes sz\u00e1ll\u00edt\u00e1s\u00e1t. Er\u0151 \u00e9s pontoss\u00e1g k\u00e9zn\u00e9l. A CAT DX14 hajt\u00f3f\u00far\u00f3 egy hat\u00e9kony 2000 mAh-s l\u00edtium-ion akkumul\u00e1torral m\u0171k\u00f6dik, amely hossz\u00fa t\u00e1v\u00fa m\u0171k\u00f6d\u00e9st garant\u00e1l gyakori t\u00f6lt\u00e9s n\u00e9lk\u00fcl. A 12V-os fesz\u00fclts\u00e9gnek \u00e9s a v\u00e1ltoztathat\u00f3 fordulatsz\u00e1mnak (0-400, 0-1500 ford.\/perc) k\u00f6sz\u00f6nhet\u0151en a k\u00e9sz\u00fcl\u00e9k alkalmazkodik a k\u00fcl\u00f6nf\u00e9le feladatokhoz, maxim\u00e1lis pontoss\u00e1got \u00e9s ir\u00e1ny\u00edthat\u00f3s\u00e1got biztos\u00edtva. A 30 Nm-es er\u0151vel \u00e9s k\u00e9tfokozat\u00fa sebess\u00e9gv\u00e1lt\u00f3val a DX14 k\u00e9nyes \u00e9s meger\u0151ltet\u0151 feladatokat is megbirk\u00f3zik. Sokoldal\u00fas\u00e1g \u00e9s funkcionalit\u00e1s a szakemberek sz\u00e1m\u00e1ra A CAT DX14 olyan eszk\u00f6z, amely nem ismer kompromisszumokat. F\u00e9mben 8 mm-es, f\u00e1ban 20 mm-es maxim\u00e1lis f\u00far\u00e1si \u00e1tm\u00e9r\u0151j\u00e9vel a legnehezebb feladatokat is megbirk\u00f3zik. A f\u00far\u00e1sm\u00e9lys\u00e9g-hat\u00e1rol\u00f3 \u00e9s a 15+1 nyomat\u00e9k be\u00e1ll\u00edt\u00e1si poz\u00edci\u00f3k lehet\u0151v\u00e9 teszik a prec\u00edz be\u00e1ll\u00edt\u00e1st a felhaszn\u00e1l\u00f3 egyedi ig\u00e9nyeihez. A h\u00e1tramenet funkci\u00f3 \u00e9s a gumi foganty\u00fa n\u00f6veli a k\u00e9nyelmet \u00e9s a munka hat\u00e9konys\u00e1g\u00e1t, \u00edgy a DX14 minden m\u0171helyben n\u00e9lk\u00fcl\u00f6zhetetlen eszk\u00f6z. Biztos\u00edtsa a megb\u00edzhat\u00f3s\u00e1got \u00e9s a legmagasabb min\u0151s\u00e9gi munk\u00e1t a CAT DX14 f\u00far\u00f3g\u00e9ppel \u2013 \u00faj&#8230; p\u00f3tolhatatlan partner\u00e9vel az \u00e9p\u00edtkez\u00e9sen.<\/p>\n<\/div>\n<div class=\"hidden-xs hidden-sm\"><\/div>\n<\/div>\n<div class=\"product-page-description-ad hidden-xs hidden-sm\">\n<div id=\"tpb_product_description\"><\/div>\n<\/div>\n<\/div>\n<div class=\"feedback-center-container\" data-zone=\"product\"><\/div>\n<\/div>\n<\/div>\n<\/section>\n<section class=\"page-section page-section-light specifications-section gtm_product-page-specs \" data-test=\"page-section\"><a id=\"specification-section\" class=\"scroll-anchor\"><\/a><\/p>\n<div class=\"container\">\n<h2 class=\"page-section-title\">R\u00e9szletek<\/h2>\n<div class=\"d-flex\">\n<div class=\"specifications-body\">\n<div id=\"specifications-body\" class=\"collapse-offset in\">\n<p class=\"pt-5 text-uppercase strong\">\u00c1ltal\u00e1nos jellemz\u0151k<\/p>\n<table class=\"table table-striped specifications-table\">\n<tbody>\n<tr>\n<td class=\"col-xs-4 text-muted\">Term\u00e9kt\u00edpus<\/td>\n<td class=\"col-xs-8\">Elektromos csavaroz\u00f3<\/td>\n<\/tr>\n<tr>\n<td class=\"col-xs-4 text-muted\">T\u00e1pell\u00e1t\u00e1s t\u00edpus<\/td>\n<td class=\"col-xs-8\">Elem<\/td>\n<\/tr>\n<\/tbody>\n<\/table>\n<p class=\"pt-5 text-uppercase strong\">Technikai tulajdons\u00e1gok<\/p>\n<table class=\"table table-striped specifications-table\">\n<tbody>\n<tr>\n<td class=\"col-xs-4 text-muted\">Maxim\u00e1lis sebess\u00e9g (rpm)<\/td>\n<td class=\"col-xs-8\">1500<\/td>\n<\/tr>\n<\/tbody>\n<\/table>\n<\/div>\n<div class=\"disclaimer-section my-5\">\n<p>Gy\u00e1rt\u00f3:<span>\u00a0<\/span><a href=\"https:\/\/www.emag.hu\/brands\/brand\/cat\">CAT<\/a><\/p>\n<\/div>\n<\/div>\n<\/div>\n<\/div>\n<\/section>\n","protected":false},"excerpt":{"rendered":"<table class=\"product-parameters table\">\n<tbody>\n<tr class=\"product-parameter-row manufacturer-param-row\">\n<td class=\"param-label manufacturer-param\">Gy\u00e1rt\u00f3:<\/td>\n<td class=\"param-value manufacturer-param\"><a href=\"https:\/\/arkibau.hu\/cat-m-3889\"><span itemprop=\"brand\">CAT<\/span><\/a><\/td>\n<\/tr>\n<tr class=\"product-parameter-row productsku-param-row\">\n<td class=\"param-label productsku-param\">Cikksz\u00e1m:<\/td>\n<td class=\"param-value productsku-param\"><span itemprop=\"sku\" content=\"DX155\">DX155<\/span><\/td>\n<\/tr>\n<tr class=\"product-parameter-row productshippingtime-param-row\">\n<td class=\"param-label productshippingtime-param\">V\u00e1rhat\u00f3 sz\u00e1ll\u00edt\u00e1s:<\/td>\n<td class=\"param-value productshippingtime-param\">2025. szeptember 05.<\/td>\n<\/tr>\n<tr class=\"product-parameter-row productstock1-param-row stock_status_id-5\">\n<td class=\"param-label productstock1-param\">Rakt\u00e1ron:<\/td>\n<td class=\"param-value productstock1-param\"><span>El\u0151rendelhet\u0151<\/span><\/td>\n<\/tr>\n<tr class=\"product-parameter-row productstock2-param-row stock_status_id-9\">\n<td class=\"param-label productstock2-param\">K\u00fcls\u0151 rakt\u00e1ron:<\/td>\n<td class=\"param-value productstock2-param\"><span>25 db rakt\u00e1ron<\/span><\/td>\n<\/tr>\n<tr class=\"product-parameter-row product-short-description-row\">\n<td class=\"param-value product-short-description\" colspan=\"2\">A CAT DX155 \u00fctvef\u00far\u00f3 a tart\u00f3ss\u00e1g \u00e9s a sokoldal\u00fas\u00e1g szimb\u00f3luma, olyan szakemberek sz\u00e1m\u00e1ra k\u00e9sz\u00fclt, akik nem fogadnak el kompromisszumokat. A k\u00e9tfokozat\u00fa sebess\u00e9gv\u00e1lt\u00f3 \u00e9s az ergonomikus, gumival bor\u00edtott foganty\u00fa gondoskodik az ir\u00e1ny\u00edthat\u00f3s\u00e1gr\u00f3l, a k\u00e9nyelemr\u0151l \u00e9s a pontoss\u00e1gr\u00f3l minden feladatn\u00e1l. A v\u00e1ltoztathat\u00f3 sebess\u00e9g\u0171 funkci\u00f3 h\u00e1tramenettel \u00e9s LED vil\u00e1g\u00edt\u00e1ssal sokf\u00e9le munkak\u00f6r\u00fclm\u00e9ny k\u00f6z\u00f6tt teszi lehet\u0151v\u00e9 a munk\u00e1t. A 18 V-os t\u00e1pegys\u00e9ggel a DX155 23 tengelykapcsol\u00f3 poz\u00edci\u00f3t, 13 mm-es egyh\u00fcvelyes tokm\u00e1nyt \u00e9s maxim\u00e1lis f\u00far\u00e1si kapacit\u00e1st k\u00edn\u00e1l f\u00e1ban 35 mm-ig, f\u00e9mben \u00e9s falazatban 13 mm-ig. A 0-400\/0-1600 ford.\/perc \u00fcresj\u00e1rati fordulatsz\u00e1m \u00e9s az 50 Nm-es maxim\u00e1lis nyomat\u00e9k 0-6800\/0-27200 \u00fct\u00e9s\/perc \u00fctk\u00f6z\u00e9si frekvenci\u00e1val egy\u00fctt m\u0171k\u00f6dnek, biztos\u00edtva a legnehezebb projektekhez sz\u00fcks\u00e9ges er\u0151t \u00e9s sebess\u00e9get. A mind\u00f6ssze 1,37 kg s\u00faly\u00fa k\u00f6nny\u0171 kialak\u00edt\u00e1s minim\u00e1lisra cs\u00f6kkenti a f\u00e1radts\u00e1got a hossz\u00fa t\u00e1v\u00fa munka sor\u00e1n.<\/p>\n<p>&nbsp;<\/td>\n<\/tr>\n<\/tbody>\n<\/table>\n","protected":false},"featured_media":1545,"template":"","meta":[],"product_brand":[114],"product_cat":[164],"product_tag":[],"class_list":{"0":"post-1541","1":"product","2":"type-product","3":"status-publish","4":"has-post-thumbnail","6":"product_brand-caterpillar","7":"product_cat-szerszamgepek","9":"first","10":"instock","11":"shipping-taxable","12":"product-type-simple"},"_links":{"self":[{"href":"https:\/\/zengoalfold.hu\/index.php?rest_route=\/wp\/v2\/product\/1541","targetHints":{"allow":["GET"]}}],"collection":[{"href":"https:\/\/zengoalfold.hu\/index.php?rest_route=\/wp\/v2\/product"}],"about":[{"href":"https:\/\/zengoalfold.hu\/index.php?rest_route=\/wp\/v2\/types\/product"}],"wp:featuredmedia":[{"embeddable":true,"href":"https:\/\/zengoalfold.hu\/index.php?rest_route=\/wp\/v2\/media\/1545"}],"wp:attachment":[{"href":"https:\/\/zengoalfold.hu\/index.php?rest_route=%2Fwp%2Fv2%2Fmedia&parent=1541"}],"wp:term":[{"taxonomy":"product_brand","embeddable":true,"href":"https:\/\/zengoalfold.hu\/index.php?rest_route=%2Fwp%2Fv2%2Fproduct_brand&post=1541"},{"taxonomy":"product_cat","embeddable":true,"href":"https:\/\/zengoalfold.hu\/index.php?rest_route=%2Fwp%2Fv2%2Fproduct_cat&post=1541"},{"taxonomy":"product_tag","embeddable":true,"href":"https:\/\/zengoalfold.hu\/index.php?rest_route=%2Fwp%2Fv2%2Fproduct_tag&post=1541"}],"curies":[{"name":"wp","href":"https:\/\/api.w.org\/{rel}","templated":true}]}}