{"id":1551,"date":"2025-09-01T14:44:21","date_gmt":"2025-09-01T12:44:21","guid":{"rendered":"https:\/\/zengoalfold.com\/?post_type=product&#038;p=1551"},"modified":"2025-09-01T14:44:22","modified_gmt":"2025-09-01T12:44:22","slug":"caterpillar-dx21b-akkumulatoros-furokalapacs-18v","status":"publish","type":"product","link":"https:\/\/zengoalfold.hu\/?product=caterpillar-dx21b-akkumulatoros-furokalapacs-18v","title":{"rendered":"Caterpillar DX21B Akkumul\u00e1toros f\u00far\u00f3kalap\u00e1cs 18V"},"content":{"rendered":"<p><strong><u>Le\u00edr\u00e1s:<\/u><\/strong><span><\/span><\/p>\n<p><span>A Cat DX21 f\u00far\u00f3g\u00e9p maxim\u00e1lis f\u00far\u00e1si k\u00e9pess\u00e9geket k\u00edn\u00e1l: f\u00e1ban 32 mm-ig, f\u00e9mben 13 mm-ig \u00e9s betonban 26 mm-ig. A Quick-Connect Plus SDS \u00e9s \u00f6t munkafunkci\u00f3 (f\u00far\u00e1s, \u00fctvef\u00far\u00e1s, v\u00e9s\u0151forgat\u00e1s, kiold\u00f3- \u00e9s csempef\u00far\u00e1s) lehet\u0151v\u00e9 teszi a szersz\u00e1m prec\u00edz hozz\u00e1igaz\u00edt\u00e1s\u00e1t az elv\u00e9gzett feladatokhoz. Ezenk\u00edv\u00fcl a 0-1210 k\u00f6z\u00f6tt v\u00e1ltoztathat\u00f3 fordulatsz\u00e1m \u00e9s a 2,2 J \u00fct\u00e9si energia m\u00e9g a legkem\u00e9nyebb anyagokat is k\u00f6nnyen \u00e1tj\u00e1rhat\u00f3v\u00e1 teszi. Az SDS-plus gyorscser\u00e9l\u0151 rendszer lehet\u0151v\u00e9 teszi a gyors szersz\u00e1mcser\u00e9t, az elektronikus impulzus funkci\u00f3 pedig megk\u00f6nny\u00edti a ker\u00e1mia f\u00far\u00e1s\u00e1t.<\/span><\/p>\n<p><strong><u>Tulajdons\u00e1gok:<\/u><\/strong><span><\/span><\/p>\n<ul>\n<li>Kefe n\u00e9lk\u00fcli motor<\/li>\n<li>Dupla t\u00falterhel\u00e9s elleni v\u00e9delem<\/li>\n<li>5 funkci\u00f3: f\u00far\u00e1s, \u00fctvef\u00far\u00e1s, v\u00e9s\u0151forgat\u00e1s, kiold\u00f3- \u00e9s csempef\u00far\u00e1s<\/li>\n<li>SDS-plus gyorscsere rendszer<\/li>\n<li>V\u00e1ltoztathat\u00f3 forg\u00e1sir\u00e1ny<\/li>\n<li>V\u00e1ltoztathat\u00f3 sebess\u00e9g<\/li>\n<li>Rezg\u00e9smentes kialak\u00edt\u00e1s<\/li>\n<li>Gumi markolat rendszer<\/li>\n<li>Elektronikus impulzus funkci\u00f3 a ker\u00e1mi\u00e1k k\u00f6nny\u0171 perfor\u00e1l\u00e1s\u00e1hoz<\/li>\n<li>LED l\u00e1mpa<\/li>\n<\/ul>\n<p><u><strong>M\u0171szaki adatok:<\/strong><\/u><span><\/span><\/p>\n<ul>\n<li>S\u00faly: 3,25 kg<\/li>\n<li>\u00dcresj\u00e1rati fordulatsz\u00e1m: 0-1210\/ min<\/li>\n<li>L\u00f6ket gyakoris\u00e1ga [bpm]: 0-5400<\/li>\n<li>\u00dct\u00e9senergia [J]: 2.2<\/li>\n<li>Max. kapacit\u00e1s beton &#8211; 26 mm<\/li>\n<li>F\u00far\u00f3tart\u00f3 t\u00edpusa: SDS-plus<\/li>\n<li>Fesz\u00fclts\u00e9g: 18VA<\/li>\n<\/ul>\n","protected":false},"excerpt":{"rendered":"<p>Le\u00edr\u00e1s: A Cat DX21 f\u00far\u00f3g\u00e9p maxim\u00e1lis f\u00far\u00e1si k\u00e9pess\u00e9geket k\u00edn\u00e1l: f\u00e1ban 32 mm-ig, f\u00e9mben 13 mm-ig \u00e9s betonban 26 mm-ig. A Quick-Connect Plus SDS \u00e9s \u00f6t munkafunkci\u00f3 (f\u00far\u00e1s, \u00fctvef\u00far\u00e1s, v\u00e9s\u0151forgat\u00e1s, kiold\u00f3- \u00e9s csempef\u00far\u00e1s) lehet\u0151v\u00e9 teszi a szersz\u00e1m prec\u00edz hozz\u00e1igaz\u00edt\u00e1s\u00e1t az elv\u00e9gzett feladatokhoz. Ezenk\u00edv\u00fcl a 0-1210 k\u00f6z\u00f6tt v\u00e1ltoztathat\u00f3 fordulatsz\u00e1m \u00e9s a 2,2 J \u00fct\u00e9si energia m\u00e9g a [&hellip;]<\/p>\n","protected":false},"featured_media":1552,"template":"","meta":[],"product_brand":[114],"product_cat":[164],"product_tag":[],"class_list":{"0":"post-1551","1":"product","2":"type-product","3":"status-publish","4":"has-post-thumbnail","6":"product_brand-caterpillar","7":"product_cat-szerszamgepek","9":"first","10":"instock","11":"shipping-taxable","12":"product-type-simple"},"_links":{"self":[{"href":"https:\/\/zengoalfold.hu\/index.php?rest_route=\/wp\/v2\/product\/1551","targetHints":{"allow":["GET"]}}],"collection":[{"href":"https:\/\/zengoalfold.hu\/index.php?rest_route=\/wp\/v2\/product"}],"about":[{"href":"https:\/\/zengoalfold.hu\/index.php?rest_route=\/wp\/v2\/types\/product"}],"wp:featuredmedia":[{"embeddable":true,"href":"https:\/\/zengoalfold.hu\/index.php?rest_route=\/wp\/v2\/media\/1552"}],"wp:attachment":[{"href":"https:\/\/zengoalfold.hu\/index.php?rest_route=%2Fwp%2Fv2%2Fmedia&parent=1551"}],"wp:term":[{"taxonomy":"product_brand","embeddable":true,"href":"https:\/\/zengoalfold.hu\/index.php?rest_route=%2Fwp%2Fv2%2Fproduct_brand&post=1551"},{"taxonomy":"product_cat","embeddable":true,"href":"https:\/\/zengoalfold.hu\/index.php?rest_route=%2Fwp%2Fv2%2Fproduct_cat&post=1551"},{"taxonomy":"product_tag","embeddable":true,"href":"https:\/\/zengoalfold.hu\/index.php?rest_route=%2Fwp%2Fv2%2Fproduct_tag&post=1551"}],"curies":[{"name":"wp","href":"https:\/\/api.w.org\/{rel}","templated":true}]}}