{"id":1553,"date":"2025-09-01T14:46:17","date_gmt":"2025-09-01T12:46:17","guid":{"rendered":"https:\/\/zengoalfold.com\/?post_type=product&#038;p=1553"},"modified":"2025-09-01T14:46:18","modified_gmt":"2025-09-01T12:46:18","slug":"caterpillar-dx26-sds-furokalapacs-800w-26mm","status":"publish","type":"product","link":"https:\/\/zengoalfold.hu\/?product=caterpillar-dx26-sds-furokalapacs-800w-26mm","title":{"rendered":"Caterpillar DX26 SDS f\u00far\u00f3kalap\u00e1cs 800w 26mm"},"content":{"rendered":"<p><span>A f\u00far\u00f3kalap\u00e1cs reteszel\u0151 kapcsol\u00f3val, f\u00e9m m\u00e9lys\u00e9gm\u00e9r\u0151vel \u00e9s h\u00e1tramenettel van felszerelve. Gumi foganty\u00fa a jobb fog\u00e1s \u00e9rdek\u00e9ben. Egy m\u00e1sik felszerel\u00e9s az SDS-plus gyorsv\u00e1lt\u00f3 rendszer. A kalap\u00e1cs n\u00e9gy funkci\u00f3val rendelkezik: f\u00far\u00e1s, kalap\u00e1csf\u00far\u00e1s, f\u00far\u00f3 eszterg\u00e1l\u00e1s, forg\u00e1csol\u00e1s. A t\u00e1pk\u00e1bel teljesen v\u00e9dett, g\u00f6mbcsukl\u00f3s k\u00e1belcsatlakoz\u00e1ssal.\u00a0<\/span><strong>M\u0171szaki param\u00e9terek:<\/strong><span><\/span><\/p>\n<ul>\n<li>Maxim\u00e1lis teljes\u00edtm\u00e9ny 800 W, terhel\u00e9s n\u00e9lk\u00fcli sebess\u00e9g 0-1200\/min, \u00fct\u00e9si sebess\u00e9g 0-5300 bpm, \u00fct\u0151er\u0151 3J, maxim\u00e1lis f\u00far\u00e1si kapacit\u00e1s: fa 30 mm, f\u00e9m 13 mm, beton 26 mm.<\/li>\n<li>A csomag tartalmaz 1 db seg\u00e9dfoganty\u00fat, 1 db m\u00e9lys\u00e9gm\u00e9r\u0151t, BMC + sz\u00ednes dobozt.<\/li>\n<li>S\u00faly 3,2 kg<\/li>\n<\/ul>\n","protected":false},"excerpt":{"rendered":"<p>A f\u00far\u00f3kalap\u00e1cs reteszel\u0151 kapcsol\u00f3val, f\u00e9m m\u00e9lys\u00e9gm\u00e9r\u0151vel \u00e9s h\u00e1tramenettel van felszerelve. Gumi foganty\u00fa a jobb fog\u00e1s \u00e9rdek\u00e9ben. Egy m\u00e1sik felszerel\u00e9s az SDS-plus gyorsv\u00e1lt\u00f3 rendszer. A kalap\u00e1cs n\u00e9gy funkci\u00f3val rendelkezik: f\u00far\u00e1s, kalap\u00e1csf\u00far\u00e1s, f\u00far\u00f3 eszterg\u00e1l\u00e1s, forg\u00e1csol\u00e1s. A t\u00e1pk\u00e1bel teljesen v\u00e9dett, g\u00f6mbcsukl\u00f3s k\u00e1belcsatlakoz\u00e1ssal.\u00a0M\u0171szaki param\u00e9terek: Maxim\u00e1lis teljes\u00edtm\u00e9ny 800 W, terhel\u00e9s n\u00e9lk\u00fcli sebess\u00e9g 0-1200\/min, \u00fct\u00e9si sebess\u00e9g 0-5300 bpm, \u00fct\u0151er\u0151 3J, maxim\u00e1lis [&hellip;]<\/p>\n","protected":false},"featured_media":1554,"template":"","meta":[],"product_brand":[114],"product_cat":[164],"product_tag":[],"class_list":{"0":"post-1553","1":"product","2":"type-product","3":"status-publish","4":"has-post-thumbnail","6":"product_brand-caterpillar","7":"product_cat-szerszamgepek","9":"first","10":"instock","11":"shipping-taxable","12":"product-type-simple"},"_links":{"self":[{"href":"https:\/\/zengoalfold.hu\/index.php?rest_route=\/wp\/v2\/product\/1553","targetHints":{"allow":["GET"]}}],"collection":[{"href":"https:\/\/zengoalfold.hu\/index.php?rest_route=\/wp\/v2\/product"}],"about":[{"href":"https:\/\/zengoalfold.hu\/index.php?rest_route=\/wp\/v2\/types\/product"}],"wp:featuredmedia":[{"embeddable":true,"href":"https:\/\/zengoalfold.hu\/index.php?rest_route=\/wp\/v2\/media\/1554"}],"wp:attachment":[{"href":"https:\/\/zengoalfold.hu\/index.php?rest_route=%2Fwp%2Fv2%2Fmedia&parent=1553"}],"wp:term":[{"taxonomy":"product_brand","embeddable":true,"href":"https:\/\/zengoalfold.hu\/index.php?rest_route=%2Fwp%2Fv2%2Fproduct_brand&post=1553"},{"taxonomy":"product_cat","embeddable":true,"href":"https:\/\/zengoalfold.hu\/index.php?rest_route=%2Fwp%2Fv2%2Fproduct_cat&post=1553"},{"taxonomy":"product_tag","embeddable":true,"href":"https:\/\/zengoalfold.hu\/index.php?rest_route=%2Fwp%2Fv2%2Fproduct_tag&post=1553"}],"curies":[{"name":"wp","href":"https:\/\/api.w.org\/{rel}","templated":true}]}}