{"id":1555,"date":"2025-09-01T14:54:53","date_gmt":"2025-09-01T12:54:53","guid":{"rendered":"https:\/\/zengoalfold.com\/?post_type=product&#038;p=1555"},"modified":"2025-09-01T14:55:30","modified_gmt":"2025-09-01T12:55:30","slug":"caterpillar-dx27-sds-furokalapacs-1500w-326mm","status":"publish","type":"product","link":"https:\/\/zengoalfold.hu\/?product=caterpillar-dx27-sds-furokalapacs-1500w-326mm","title":{"rendered":"Caterpillar DX27 SDS f\u00far\u00f3kalap\u00e1cs 1500w 326mm"},"content":{"rendered":"<p><span>A CAT DX27 1500 W-os motorral van felszerelve, amely rendk\u00edv\u00fcli teljes\u00edtm\u00e9nyt biztos\u00edt a legnehezebb k\u00f6r\u00fclm\u00e9nyek k\u00f6z\u00f6tt is. A maxim\u00e1lis f\u00far\u00e1si kapacit\u00e1s f\u00e1ban 40 mm, f\u00e9mben 13 mm \u00e9s betonban 32 mm, az 5 J \u00fct\u00e9si energia pedig minden munk\u00e1ban garant\u00e1lja a hat\u00e9konys\u00e1got. 0-920 ford. \/perc alapj\u00e1rati fordulatsz\u00e1m\u00e1val \u00e9s 0-3700 \u00fct\u00e9s\/perc maxim\u00e1lis \u00fctk\u00f6z\u00e9si sebess\u00e9g\u00e9vel a DX27 b\u00e1rhol helyt \u00e1ll. A CAT DX27 sz\u00e1mos olyan funkci\u00f3val rendelkezik, amelyek n\u00f6velik a munkahelyi k\u00e9nyelmet \u00e9s biztons\u00e1got. A rezg\u00e9scsillap\u00edt\u00f3 f\u0151 foganty\u00fa \u00e9s a gumi foganty\u00fa minimaliz\u00e1lja a f\u00e1radts\u00e1got, az SDS-plus gyorscser\u00e9l\u0151 rendszer pedig egyszer\u0171 szersz\u00e1mcser\u00e9t tesz lehet\u0151v\u00e9. A reteszel\u0151 kapcsol\u00f3 \u00e9s a v\u00e1ltoztathat\u00f3 sebess\u00e9gszab\u00e1lyoz\u00e1s teljes ellen\u0151rz\u00e9st biztos\u00edt a szersz\u00e1m felett, m\u00edg a f\u00e9m m\u00e9lys\u00e9ghat\u00e1rol\u00f3\u00e9s porv\u00e9d\u0151 sapka tov\u00e1bb fokozza a pontoss\u00e1got \u00e9s a tisztas\u00e1got. rol\u00f3 rol\u00f3Jellemz\u0151k: Reteszel\u0151 kapcsol\u00f3 F\u00e9m m\u00e9lys\u00e9ghat\u00e1rol\u00f3 Alternat\u00edv forgat\u00e1s Gumi markolat rendszer SDS-plus gyorscsere rendszer 4 funkci\u00f3: f\u00far\u00e1s, \u00fctvef\u00far\u00e1s, v\u00e9s\u00e9s \u00e9s f\u00far\u00f3fej forgat\u00e1sa K\u00e1bel g\u00f6mbcsukl\u00f3val a t\u00f6r\u00e9s ellenM\u0171szaki adatok: Maxim\u00e1lis teljes\u00edtm\u00e9ny 1500 W, Sebess\u00e9g terhel\u00e9s n\u00e9lk\u00fcl 0-920\/perc, \u00dct\u00e9si sebess\u00e9g 0-3700 bpm, \u00dct\u0151er\u0151 5J, Maxim\u00e1lis f\u00far\u00e1si kapacit\u00e1s: fa 40 mm, f\u00e9m 13 mm, beton 32 mm. Fesz\u00fclts\u00e9g 220-240V. S\u00falya 5,7 kgA csomag tartalma: 1 db seg\u00e9dfoganty\u00fa, 1 db m\u00e9lys\u00e9gjelz\u0151, BMC + sz\u00ednes doboz \u00e9s porv\u00e9d\u0151\u00a0<\/span><\/p>\n","protected":false},"excerpt":{"rendered":"<p><span>A CAT DX27 1500 W-os motorral van felszerelve, amely rendk\u00edv\u00fcli teljes\u00edtm\u00e9nyt biztos\u00edt a legnehezebb k\u00f6r\u00fclm\u00e9nyek k\u00f6z\u00f6tt is. A maxim\u00e1lis f\u00far\u00e1si kapacit\u00e1s f\u00e1ban 40 mm, f\u00e9mben 13 mm \u00e9s betonban 32 mm, az 5 J \u00fct\u00e9si energia pedig minden munk\u00e1ban garant\u00e1lja a hat\u00e9konys\u00e1got. 0-920 ford. \/perc alapj\u00e1rati fordulatsz\u00e1m\u00e1val \u00e9s 0-3700 \u00fct\u00e9s\/perc maxim\u00e1lis \u00fctk\u00f6z\u00e9si sebess\u00e9g\u00e9vel a DX27 b\u00e1rhol helyt \u00e1ll. A CAT DX27 sz\u00e1mos olyan funkci\u00f3val rendelkezik, amelyek n\u00f6velik a munkahelyi k\u00e9nyelmet \u00e9s biztons\u00e1got. A rezg\u00e9scsillap\u00edt\u00f3 f\u0151 foganty\u00fa \u00e9s a gumi foganty\u00fa minimaliz\u00e1lja a f\u00e1radts\u00e1got, az SDS-plus gyorscser\u00e9l\u0151 rendszer pedig egyszer\u0171 szersz\u00e1mcser\u00e9t tesz lehet\u0151v\u00e9. A reteszel\u0151 kapcsol\u00f3 \u00e9s a v\u00e1ltoztathat\u00f3 sebess\u00e9gszab\u00e1lyoz\u00e1s teljes ellen\u0151rz\u00e9st biztos\u00edt a szersz\u00e1m felett, m\u00edg a f\u00e9m m\u00e9lys\u00e9ghat\u00e1rol\u00f3\u00e9s porv\u00e9d\u0151 sapka tov\u00e1bb fokozza a pontoss\u00e1got \u00e9s a tisztas\u00e1got. rol\u00f3 rol\u00f3Jellemz\u0151k: Reteszel\u0151 kapcsol\u00f3 F\u00e9m m\u00e9lys\u00e9ghat\u00e1rol\u00f3 Alternat\u00edv forgat\u00e1s Gumi markolat rendszer SDS-plus gyorscsere rendszer 4 funkci\u00f3: f\u00far\u00e1s, \u00fctvef\u00far\u00e1s, v\u00e9s\u00e9s \u00e9s f\u00far\u00f3fej forgat\u00e1sa K\u00e1bel g\u00f6mbcsukl\u00f3val a t\u00f6r\u00e9s ellenM\u0171szaki adatok: Maxim\u00e1lis teljes\u00edtm\u00e9ny 1500 W, Sebess\u00e9g terhel\u00e9s n\u00e9lk\u00fcl 0-920\/perc, \u00dct\u00e9si sebess\u00e9g 0-3700 bpm, \u00dct\u0151er\u0151 5J, Maxim\u00e1lis f\u00far\u00e1si kapacit\u00e1s: fa 40 mm, f\u00e9m 13 mm, beton 32 mm. Fesz\u00fclts\u00e9g 220-240V. S\u00falya 5,7 kgA csomag tartalma: 1 db seg\u00e9dfoganty\u00fa, 1 db m\u00e9lys\u00e9gjelz\u0151, BMC + sz\u00ednes doboz \u00e9s porv\u00e9d\u0151<\/span><\/p>\n","protected":false},"featured_media":1556,"template":"","meta":[],"product_brand":[114],"product_cat":[164],"product_tag":[],"class_list":{"0":"post-1555","1":"product","2":"type-product","3":"status-publish","4":"has-post-thumbnail","6":"product_brand-caterpillar","7":"product_cat-szerszamgepek","9":"first","10":"instock","11":"shipping-taxable","12":"product-type-simple"},"_links":{"self":[{"href":"https:\/\/zengoalfold.hu\/index.php?rest_route=\/wp\/v2\/product\/1555","targetHints":{"allow":["GET"]}}],"collection":[{"href":"https:\/\/zengoalfold.hu\/index.php?rest_route=\/wp\/v2\/product"}],"about":[{"href":"https:\/\/zengoalfold.hu\/index.php?rest_route=\/wp\/v2\/types\/product"}],"wp:featuredmedia":[{"embeddable":true,"href":"https:\/\/zengoalfold.hu\/index.php?rest_route=\/wp\/v2\/media\/1556"}],"wp:attachment":[{"href":"https:\/\/zengoalfold.hu\/index.php?rest_route=%2Fwp%2Fv2%2Fmedia&parent=1555"}],"wp:term":[{"taxonomy":"product_brand","embeddable":true,"href":"https:\/\/zengoalfold.hu\/index.php?rest_route=%2Fwp%2Fv2%2Fproduct_brand&post=1555"},{"taxonomy":"product_cat","embeddable":true,"href":"https:\/\/zengoalfold.hu\/index.php?rest_route=%2Fwp%2Fv2%2Fproduct_cat&post=1555"},{"taxonomy":"product_tag","embeddable":true,"href":"https:\/\/zengoalfold.hu\/index.php?rest_route=%2Fwp%2Fv2%2Fproduct_tag&post=1555"}],"curies":[{"name":"wp","href":"https:\/\/api.w.org\/{rel}","templated":true}]}}