{"id":1557,"date":"2025-09-01T14:58:55","date_gmt":"2025-09-01T12:58:55","guid":{"rendered":"https:\/\/zengoalfold.com\/?post_type=product&#038;p=1557"},"modified":"2025-09-01T14:58:56","modified_gmt":"2025-09-01T12:58:56","slug":"caterpillar-dx314b-sarokcsiszolo-akk-18v-125-mm","status":"publish","type":"product","link":"https:\/\/zengoalfold.hu\/?product=caterpillar-dx314b-sarokcsiszolo-akk-18v-125-mm","title":{"rendered":"Caterpillar DX314B Sarokcsiszol\u00f3 akk. 18V 125 mm"},"content":{"rendered":"<p><span>A DX314B modern kefe n\u00e9lk\u00fcli motorral van felszerelve, amely nagyobb teljes\u00edtm\u00e9nyt, hosszabb \u00fczemid\u0151t \u00e9s kiv\u00e9teles tart\u00f3ss\u00e1got biztos\u00edt. A kefe n\u00e9lk\u00fcli motortechnol\u00f3gia optimaliz\u00e1lja a hat\u00e9konys\u00e1got, ami jobb munkaeredm\u00e9nyeket eredm\u00e9nyez. Az \u00e1ll\u00edthat\u00f3 seg\u00e9dfoganty\u00fa, amely h\u00e1rom k\u00fcl\u00f6nb\u00f6z\u0151 poz\u00edci\u00f3ban \u00e1ll\u00edthat\u00f3, k\u00e9nyelmes be\u00e1ll\u00edt\u00e1st tesz lehet\u0151v\u00e9 a felhaszn\u00e1l\u00f3 egy\u00e9ni ig\u00e9nyeihez \u00e9s a k\u00fcl\u00f6nf\u00e9le csiszol\u00e1si feladatokhoz. A DX314B sarokcsiszol\u00f3 fejlett biztons\u00e1gi funkci\u00f3kkal van felszerelve, bele\u00e9rtve a biztons\u00e1gi kart, amely automatikusan le\u00e1ll\u00edtja a k\u00e9sz\u00fcl\u00e9ket, ha elvesz\u00edti az ir\u00e1ny\u00edt\u00e1st, \u00e9s a t\u00e1rcsaf\u00e9keket, amelyek gyorsan le\u00e1ll\u00edtj\u00e1k a t\u00e1rcs\u00e1t. Mindemellett a gum\u00edrozott foganty\u00fa garant\u00e1lja a biztos fog\u00e1st, a be\u00e9p\u00edtett LED vil\u00e1g\u00edt\u00e1s pedig neh\u00e9z f\u00e9nyviszonyok k\u00f6z\u00f6tt is kiv\u00e1l\u00f3 l\u00e1that\u00f3s\u00e1got biztos\u00edt a munkafel\u00fcletr\u0151l. Az akkumul\u00e1tor \u00e9s a t\u00f6lt\u0151 nem a term\u00e9k alapfelszerelts\u00e9ge!Jellemz\u0151k: Kefe n\u00e9lk\u00fcli motor A biztons\u00e1gi berendez\u00e9s gyors be\u00e1ll\u00edt\u00e1sa \u00dajraind\u00edt\u00e1sg\u00e1tl\u00f3 funkci\u00f3 a v\u00e9letlen ind\u00edt\u00e1s megakad\u00e1lyoz\u00e1s\u00e1ra K\u00f6nny\u0171 ind\u00edt\u00e1s T\u00falterhel\u00e9s elleni v\u00e9delem Tov\u00e1bbfejlesztett gumi foganty\u00fa Kieg\u00e9sz\u00edt\u0151 rezg\u00e9scsillap\u00edt\u00f3 foganty\u00fa Por\u00e1ll\u00f3 h\u00e1l\u00f3s sz\u0171r\u0151kkel \u00c1lland\u00f3 teljes\u00edtm\u00e9ny V\u00e9kony kialak\u00edt\u00e1s kapcsol\u00f3val \u00e9s lap\u00e1ttal a k\u00e9nyelmes felhaszn\u00e1l\u00f3i \u00e9lm\u00e9ny \u00e9rdek\u00e9benM\u0171szaki adatok: Fesz\u00fclts\u00e9g: 18V Fordulatsz\u00e1m\/perc: 8500 Ors\u00f3menet: M14 Koronglyuk: 22,2 mm A t\u00e1rcsa \u00e1tm\u00e9r\u0151je: 125 mm A k\u00e9sz\u00fcl\u00e9k s\u00falya: 1,9 kgA csomag tartalma: 1 db csiszol\u00f3v\u00e9d\u0151, 1 db seg\u00e9dfoganty\u00fa, 1 db kulcs.<\/span><\/p>\n","protected":false},"excerpt":{"rendered":"<p>A DX314B modern kefe n\u00e9lk\u00fcli motorral van felszerelve, amely nagyobb teljes\u00edtm\u00e9nyt, hosszabb \u00fczemid\u0151t \u00e9s kiv\u00e9teles tart\u00f3ss\u00e1got biztos\u00edt. A kefe n\u00e9lk\u00fcli motortechnol\u00f3gia optimaliz\u00e1lja a hat\u00e9konys\u00e1got, ami jobb munkaeredm\u00e9nyeket eredm\u00e9nyez. Az \u00e1ll\u00edthat\u00f3 seg\u00e9dfoganty\u00fa, amely h\u00e1rom k\u00fcl\u00f6nb\u00f6z\u0151 poz\u00edci\u00f3ban \u00e1ll\u00edthat\u00f3, k\u00e9nyelmes be\u00e1ll\u00edt\u00e1st tesz lehet\u0151v\u00e9 a felhaszn\u00e1l\u00f3 egy\u00e9ni ig\u00e9nyeihez \u00e9s a k\u00fcl\u00f6nf\u00e9le csiszol\u00e1si feladatokhoz. A DX314B sarokcsiszol\u00f3 fejlett biztons\u00e1gi funkci\u00f3kkal [&hellip;]<\/p>\n","protected":false},"featured_media":1558,"template":"","meta":[],"product_brand":[114],"product_cat":[164],"product_tag":[],"class_list":{"0":"post-1557","1":"product","2":"type-product","3":"status-publish","4":"has-post-thumbnail","6":"product_brand-caterpillar","7":"product_cat-szerszamgepek","9":"first","10":"instock","11":"shipping-taxable","12":"product-type-simple"},"_links":{"self":[{"href":"https:\/\/zengoalfold.hu\/index.php?rest_route=\/wp\/v2\/product\/1557","targetHints":{"allow":["GET"]}}],"collection":[{"href":"https:\/\/zengoalfold.hu\/index.php?rest_route=\/wp\/v2\/product"}],"about":[{"href":"https:\/\/zengoalfold.hu\/index.php?rest_route=\/wp\/v2\/types\/product"}],"wp:featuredmedia":[{"embeddable":true,"href":"https:\/\/zengoalfold.hu\/index.php?rest_route=\/wp\/v2\/media\/1558"}],"wp:attachment":[{"href":"https:\/\/zengoalfold.hu\/index.php?rest_route=%2Fwp%2Fv2%2Fmedia&parent=1557"}],"wp:term":[{"taxonomy":"product_brand","embeddable":true,"href":"https:\/\/zengoalfold.hu\/index.php?rest_route=%2Fwp%2Fv2%2Fproduct_brand&post=1557"},{"taxonomy":"product_cat","embeddable":true,"href":"https:\/\/zengoalfold.hu\/index.php?rest_route=%2Fwp%2Fv2%2Fproduct_cat&post=1557"},{"taxonomy":"product_tag","embeddable":true,"href":"https:\/\/zengoalfold.hu\/index.php?rest_route=%2Fwp%2Fv2%2Fproduct_tag&post=1557"}],"curies":[{"name":"wp","href":"https:\/\/api.w.org\/{rel}","templated":true}]}}