{"id":1559,"date":"2025-09-01T15:00:56","date_gmt":"2025-09-01T13:00:56","guid":{"rendered":"https:\/\/zengoalfold.com\/?post_type=product&#038;p=1559"},"modified":"2025-09-01T15:00:56","modified_gmt":"2025-09-01T13:00:56","slug":"caterpillar-dx33-sarokcsiszolo-900w-125-mm","status":"publish","type":"product","link":"https:\/\/zengoalfold.hu\/?product=caterpillar-dx33-sarokcsiszolo-900w-125-mm","title":{"rendered":"Caterpillar DX33 Sarokcsiszol\u00f3 900W 125 mm"},"content":{"rendered":"<p><span>A\u00a0<\/span><b>DX33<\/b><span>\u00a0sarokcsiszol\u00f3 leny\u0171g\u00f6z\u0151, 900 W-os teljes\u00edtm\u00e9nnyel \u00e9s 12 000 ford. \/perc fordulatsz\u00e1mmal rendelkezik, amely b\u00e1rmilyen munka gyors \u00e9s prec\u00edz elv\u00e9gz\u00e9s\u00e9t garant\u00e1lja. A 125 mm-es t\u00e1rcsa\u00e1tm\u00e9r\u0151 sokf\u00e9le feladat elv\u00e9gz\u00e9s\u00e9t teszi lehet\u0151v\u00e9, a prec\u00edz v\u00e1g\u00e1st\u00f3l az intenz\u00edv csiszol\u00e1sig. A cs\u00fasz\u00e1smentes foganty\u00fa \u00e9s a k\u00e9toldalas oldalfoganty\u00fa szil\u00e1rd \u00e9s k\u00e9nyelmes fog\u00e1st biztos\u00edt, minim\u00e1lisra cs\u00f6kkentve a f\u00e1radts\u00e1got a hossz\u00fa t\u00e1v\u00fa munka sor\u00e1n. Az ors\u00f3z\u00e1r megk\u00f6nny\u00edti a t\u00e1rcsacser\u00e9t, a foganty\u00faba rejtett kulcs pedig extra k\u00e9nyelmet biztos\u00edt. Jellemz\u0151k: V\u00e9kony kialak\u00edt\u00e1s Tol\u00f3kapcsol\u00f3 be\/ki Automatikus ors\u00f3z\u00e1r Kieg\u00e9sz\u00edt\u0151 foganty\u00fa 2 poz\u00edci\u00f3val \u00c1ll\u00edthat\u00f3 v\u00e9delem tov\u00e1bbi szersz\u00e1mok n\u00e9lk\u00fcl Tov\u00e1bbfejlesztett szell\u0151z\u0151rendszer a gyors h\u0171t\u00e9s \u00e9rdek\u00e9ben Kulcst\u00e1rol\u00f3 hely a kieg\u00e9sz\u00edt\u0151 foganty\u00fan V\u00e9letlen ind\u00edt\u00e1s elleni v\u00e9delemM\u0171szaki adatok: Teljes\u00edtm\u00e9ny: 900 watt Fordulatsz\u00e1m terhel\u00e9s n\u00e9lk\u00fcl: 1200 ford. \/perc. A t\u00e1rcsa \u00e1tm\u00e9r\u0151je: 125 mm Ors\u00f3menet: M14 S\u00faly: 1,80 kg. A csomag tartalma: 1 db. gyorsan cser\u00e9lhet\u0151 burkolat csiszol\u00e1shoz, 1 db. kulcs \u00e9s 1 db. rezg\u00e9scsillap\u00edt\u00f3 seg\u00e9dfoganty\u00fa.<\/span><\/p>\n","protected":false},"excerpt":{"rendered":"<p>A\u00a0DX33\u00a0sarokcsiszol\u00f3 leny\u0171g\u00f6z\u0151, 900 W-os teljes\u00edtm\u00e9nnyel \u00e9s 12 000 ford. \/perc fordulatsz\u00e1mmal rendelkezik, amely b\u00e1rmilyen munka gyors \u00e9s prec\u00edz elv\u00e9gz\u00e9s\u00e9t garant\u00e1lja. A 125 mm-es t\u00e1rcsa\u00e1tm\u00e9r\u0151 sokf\u00e9le feladat elv\u00e9gz\u00e9s\u00e9t teszi lehet\u0151v\u00e9, a prec\u00edz v\u00e1g\u00e1st\u00f3l az intenz\u00edv csiszol\u00e1sig. A cs\u00fasz\u00e1smentes foganty\u00fa \u00e9s a k\u00e9toldalas oldalfoganty\u00fa szil\u00e1rd \u00e9s k\u00e9nyelmes fog\u00e1st biztos\u00edt, minim\u00e1lisra cs\u00f6kkentve a f\u00e1radts\u00e1got a hossz\u00fa t\u00e1v\u00fa munka [&hellip;]<\/p>\n","protected":false},"featured_media":1560,"template":"","meta":[],"product_brand":[114],"product_cat":[164],"product_tag":[],"class_list":{"0":"post-1559","1":"product","2":"type-product","3":"status-publish","4":"has-post-thumbnail","6":"product_brand-caterpillar","7":"product_cat-szerszamgepek","9":"first","10":"instock","11":"shipping-taxable","12":"product-type-simple"},"_links":{"self":[{"href":"https:\/\/zengoalfold.hu\/index.php?rest_route=\/wp\/v2\/product\/1559","targetHints":{"allow":["GET"]}}],"collection":[{"href":"https:\/\/zengoalfold.hu\/index.php?rest_route=\/wp\/v2\/product"}],"about":[{"href":"https:\/\/zengoalfold.hu\/index.php?rest_route=\/wp\/v2\/types\/product"}],"wp:featuredmedia":[{"embeddable":true,"href":"https:\/\/zengoalfold.hu\/index.php?rest_route=\/wp\/v2\/media\/1560"}],"wp:attachment":[{"href":"https:\/\/zengoalfold.hu\/index.php?rest_route=%2Fwp%2Fv2%2Fmedia&parent=1559"}],"wp:term":[{"taxonomy":"product_brand","embeddable":true,"href":"https:\/\/zengoalfold.hu\/index.php?rest_route=%2Fwp%2Fv2%2Fproduct_brand&post=1559"},{"taxonomy":"product_cat","embeddable":true,"href":"https:\/\/zengoalfold.hu\/index.php?rest_route=%2Fwp%2Fv2%2Fproduct_cat&post=1559"},{"taxonomy":"product_tag","embeddable":true,"href":"https:\/\/zengoalfold.hu\/index.php?rest_route=%2Fwp%2Fv2%2Fproduct_tag&post=1559"}],"curies":[{"name":"wp","href":"https:\/\/api.w.org\/{rel}","templated":true}]}}