{"id":1562,"date":"2025-09-01T15:02:41","date_gmt":"2025-09-01T13:02:41","guid":{"rendered":"https:\/\/zengoalfold.com\/?post_type=product&#038;p=1562"},"modified":"2025-09-01T15:02:42","modified_gmt":"2025-09-01T13:02:42","slug":"caterpillar-dx373-sarokcsiszolo-750w-125-mm","status":"publish","type":"product","link":"https:\/\/zengoalfold.hu\/?product=caterpillar-dx373-sarokcsiszolo-750w-125-mm","title":{"rendered":"Caterpillar  DX373 Sarokcsiszol\u00f3 750W 125 mm"},"content":{"rendered":"<p><span>A CAT DX373 sarokcsiszol\u00f3 750 W-os motorral van felszerelve, amivel ak\u00e1r 12 000 ford. \/perc fordulatsz\u00e1mot is el\u00e9rhet. 125 mm \u00e1tm\u00e9r\u0151j\u0171 \u00e9s 22,2 mm bels\u0151 \u00e1tm\u00e9r\u0151j\u0171 t\u00e1rcs\u00e1kkal m\u0171k\u00f6dik. Az M14-es ors\u00f3menetnek k\u00f6sz\u00f6nhet\u0151en a tartoz\u00e9kok cser\u00e9je gyors \u00e9s egyszer\u0171. A rezg\u00e9scsillap\u00edt\u00f3 foganty\u00fa \u00e9s a k\u00e9sz\u00fcl\u00e9k v\u00e9kony kialak\u00edt\u00e1sa minim\u00e1lisra cs\u00f6kkenti a f\u00e1radts\u00e1got a hossz\u00fa t\u00e1v\u00fa munkav\u00e9gz\u00e9s sor\u00e1n. A tov\u00e1bbfejlesztett szell\u0151z\u0151rendszer gyorsan leh\u0171ti a motort, a levehet\u0151 r\u00e1cs pedig v\u00e9d a szennyez\u0151d\u00e9sekt\u0151l, n\u00f6velve a szersz\u00e1m tart\u00f3ss\u00e1g\u00e1t. Jellemz\u0151k: Cs\u00fasz\u00f3 be-\/kikapcsol\u00f3 gomb v\u00e9letlen ind\u00edt\u00e1s elleni v\u00e9delemmel Ors\u00f3z\u00e1r Karcs\u00fa kialak\u00edt\u00e1s\u00fa test Kieg\u00e9sz\u00edt\u0151 rezg\u00e9scsillap\u00edt\u00f3 foganty\u00fa Levehet\u0151 r\u00e1cs Kulcst\u00e1rol\u00f3 hely a kieg\u00e9sz\u00edt\u0151 foganty\u00fanM\u0171szaki adatok: Teljes\u00edtm\u00e9ny: 750 watt Sebess\u00e9g terhel\u00e9s n\u00e9lk\u00fcl: 12000\/perc A t\u00e1rcsa \u00e1tm\u00e9r\u0151je: 125 mm T\u00e1rcsa bels\u0151 \u00e1tm\u00e9r\u0151je 22,2 mm S\u00faly: 2,01 kg<\/span><\/p>\n","protected":false},"excerpt":{"rendered":"<p>A CAT DX373 sarokcsiszol\u00f3 750 W-os motorral van felszerelve, amivel ak\u00e1r 12 000 ford. \/perc fordulatsz\u00e1mot is el\u00e9rhet. 125 mm \u00e1tm\u00e9r\u0151j\u0171 \u00e9s 22,2 mm bels\u0151 \u00e1tm\u00e9r\u0151j\u0171 t\u00e1rcs\u00e1kkal m\u0171k\u00f6dik. Az M14-es ors\u00f3menetnek k\u00f6sz\u00f6nhet\u0151en a tartoz\u00e9kok cser\u00e9je gyors \u00e9s egyszer\u0171. A rezg\u00e9scsillap\u00edt\u00f3 foganty\u00fa \u00e9s a k\u00e9sz\u00fcl\u00e9k v\u00e9kony kialak\u00edt\u00e1sa minim\u00e1lisra cs\u00f6kkenti a f\u00e1radts\u00e1got a hossz\u00fa t\u00e1v\u00fa munkav\u00e9gz\u00e9s sor\u00e1n. [&hellip;]<\/p>\n","protected":false},"featured_media":1563,"template":"","meta":[],"product_brand":[114],"product_cat":[164],"product_tag":[],"class_list":{"0":"post-1562","1":"product","2":"type-product","3":"status-publish","4":"has-post-thumbnail","6":"product_brand-caterpillar","7":"product_cat-szerszamgepek","9":"first","10":"instock","11":"shipping-taxable","12":"product-type-simple"},"_links":{"self":[{"href":"https:\/\/zengoalfold.hu\/index.php?rest_route=\/wp\/v2\/product\/1562","targetHints":{"allow":["GET"]}}],"collection":[{"href":"https:\/\/zengoalfold.hu\/index.php?rest_route=\/wp\/v2\/product"}],"about":[{"href":"https:\/\/zengoalfold.hu\/index.php?rest_route=\/wp\/v2\/types\/product"}],"wp:featuredmedia":[{"embeddable":true,"href":"https:\/\/zengoalfold.hu\/index.php?rest_route=\/wp\/v2\/media\/1563"}],"wp:attachment":[{"href":"https:\/\/zengoalfold.hu\/index.php?rest_route=%2Fwp%2Fv2%2Fmedia&parent=1562"}],"wp:term":[{"taxonomy":"product_brand","embeddable":true,"href":"https:\/\/zengoalfold.hu\/index.php?rest_route=%2Fwp%2Fv2%2Fproduct_brand&post=1562"},{"taxonomy":"product_cat","embeddable":true,"href":"https:\/\/zengoalfold.hu\/index.php?rest_route=%2Fwp%2Fv2%2Fproduct_cat&post=1562"},{"taxonomy":"product_tag","embeddable":true,"href":"https:\/\/zengoalfold.hu\/index.php?rest_route=%2Fwp%2Fv2%2Fproduct_tag&post=1562"}],"curies":[{"name":"wp","href":"https:\/\/api.w.org\/{rel}","templated":true}]}}