{"id":1564,"date":"2025-09-01T15:22:01","date_gmt":"2025-09-01T13:22:01","guid":{"rendered":"https:\/\/zengoalfold.com\/?post_type=product&#038;p=1564"},"modified":"2025-09-01T15:22:02","modified_gmt":"2025-09-01T13:22:02","slug":"caterpillar-dx51b-dekopirfuresz-18v-26-mm","status":"publish","type":"product","link":"https:\/\/zengoalfold.hu\/?product=caterpillar-dx51b-dekopirfuresz-18v-26-mm","title":{"rendered":"Caterpillar DX51B Dekop\u00edrf\u0171r\u00e9sz 18V 26 mm"},"content":{"rendered":"<p>F\u0151bb jellemz\u0151k:<\/p>\n<ul>\n<li>Gumi foganty\u00fa a jobb fog\u00e1s\u00e9rt<\/li>\n<li>Kefe n\u00e9lk\u00fcli motor<\/li>\n<li>A talp ferdes\u00e9g\u00e9nek szersz\u00e1m n\u00e9lk\u00fcli be\u00e1ll\u00edt\u00e1sa<\/li>\n<li>A lockout kapcsol\u00f3 megakad\u00e1lyozza a v\u00e9letlen ind\u00edt\u00e1st<\/li>\n<li>N\u00e9gyfokozat\u00fa inga\u00e1ll\u00edt\u00e1s a jobb v\u00e1g\u00e1si hat\u00e9konys\u00e1g \u00e9rdek\u00e9ben<\/li>\n<li>Szersz\u00e1m n\u00e9lk\u00fcli f\u0171r\u00e9szlapcsere rendszer<\/li>\n<li>\u00c1ll\u00edthat\u00f3 SDS talp a sz\u00f6gv\u00e1g\u00e1shoz<\/li>\n<li>V\u00e1ltoz\u00f3 sebess\u00e9g<\/li>\n<\/ul>\n<p>&nbsp;<\/p>\n<p>M\u0171szaki param\u00e9terek:<\/p>\n<ul>\n<li>Fesz\u00fclts\u00e9g: 18 V<\/li>\n<li>V\u00e1g\u00e1si teljes\u00edtm\u00e9ny: fa 120 mm<\/li>\n<li>V\u00e1g\u00e1si hossz: 26 mm ac\u00e9l 10 mm<\/li>\n<li>Terheletlen sebess\u00e9g: 0-3500\/min<\/li>\n<li>PVC cs\u00f6vek 20 mm<\/li>\n<li>Ferde v\u00e1g\u00e1si kapacit\u00e1s: 0-45\u00b0<\/li>\n<li>S\u00faly: 1,9 kg<\/li>\n<\/ul>\n<p>&nbsp;<\/p>\n<p>Tartoz\u00e9kok:<\/p>\n<ul>\n<li>1 db fa penge<\/li>\n<li>1 db p\u00e1rhuzamos p\u00f3r\u00e1z<\/li>\n<li>1 db poradapter<\/li>\n<li>1 db alapfed\u00e9l<\/li>\n<li>Sz\u00ednes dobozba csomagolva<\/li>\n<\/ul>\n","protected":false},"excerpt":{"rendered":"<p>F\u0151bb jellemz\u0151k: Gumi foganty\u00fa a jobb fog\u00e1s\u00e9rt Kefe n\u00e9lk\u00fcli motor A talp ferdes\u00e9g\u00e9nek szersz\u00e1m n\u00e9lk\u00fcli be\u00e1ll\u00edt\u00e1sa A lockout kapcsol\u00f3 megakad\u00e1lyozza a v\u00e9letlen ind\u00edt\u00e1st N\u00e9gyfokozat\u00fa inga\u00e1ll\u00edt\u00e1s a jobb v\u00e1g\u00e1si hat\u00e9konys\u00e1g \u00e9rdek\u00e9ben Szersz\u00e1m n\u00e9lk\u00fcli f\u0171r\u00e9szlapcsere rendszer \u00c1ll\u00edthat\u00f3 SDS talp a sz\u00f6gv\u00e1g\u00e1shoz V\u00e1ltoz\u00f3 sebess\u00e9g &nbsp; M\u0171szaki param\u00e9terek: Fesz\u00fclts\u00e9g: 18 V V\u00e1g\u00e1si teljes\u00edtm\u00e9ny: fa 120 mm V\u00e1g\u00e1si hossz: 26 [&hellip;]<\/p>\n","protected":false},"featured_media":1565,"template":"","meta":[],"product_brand":[114],"product_cat":[164],"product_tag":[],"class_list":{"0":"post-1564","1":"product","2":"type-product","3":"status-publish","4":"has-post-thumbnail","6":"product_brand-caterpillar","7":"product_cat-szerszamgepek","9":"first","10":"instock","11":"shipping-taxable","12":"product-type-simple"},"_links":{"self":[{"href":"https:\/\/zengoalfold.hu\/index.php?rest_route=\/wp\/v2\/product\/1564","targetHints":{"allow":["GET"]}}],"collection":[{"href":"https:\/\/zengoalfold.hu\/index.php?rest_route=\/wp\/v2\/product"}],"about":[{"href":"https:\/\/zengoalfold.hu\/index.php?rest_route=\/wp\/v2\/types\/product"}],"wp:featuredmedia":[{"embeddable":true,"href":"https:\/\/zengoalfold.hu\/index.php?rest_route=\/wp\/v2\/media\/1565"}],"wp:attachment":[{"href":"https:\/\/zengoalfold.hu\/index.php?rest_route=%2Fwp%2Fv2%2Fmedia&parent=1564"}],"wp:term":[{"taxonomy":"product_brand","embeddable":true,"href":"https:\/\/zengoalfold.hu\/index.php?rest_route=%2Fwp%2Fv2%2Fproduct_brand&post=1564"},{"taxonomy":"product_cat","embeddable":true,"href":"https:\/\/zengoalfold.hu\/index.php?rest_route=%2Fwp%2Fv2%2Fproduct_cat&post=1564"},{"taxonomy":"product_tag","embeddable":true,"href":"https:\/\/zengoalfold.hu\/index.php?rest_route=%2Fwp%2Fv2%2Fproduct_tag&post=1564"}],"curies":[{"name":"wp","href":"https:\/\/api.w.org\/{rel}","templated":true}]}}