{"id":1566,"date":"2025-09-01T15:26:52","date_gmt":"2025-09-01T13:26:52","guid":{"rendered":"https:\/\/zengoalfold.com\/?post_type=product&#038;p=1566"},"modified":"2025-09-01T15:26:52","modified_gmt":"2025-09-01T13:26:52","slug":"caterpillar-dx52b-dugattyus-furesz-kardfuresz-18v","status":"publish","type":"product","link":"https:\/\/zengoalfold.hu\/?product=caterpillar-dx52b-dugattyus-furesz-kardfuresz-18v","title":{"rendered":"Caterpillar DX52B Dugatty\u00fas f\u0171r\u00e9sz\/kardf\u0171r\u00e9sz 18V"},"content":{"rendered":"<p>A CATERPILLAR DX52B 18V alternat\u00edv gener\u00e1tor egy elektromos k\u00e9sz\u00fcl\u00e9k, amely gyors \u00e9s prec\u00edz v\u00e1g\u00e1sokat tesz lehet\u0151v\u00e9 f\u00e9mben, f\u00e9mben \u00e9s m\u0171anyagban.<\/p>\n<p>V\u00e1ltoztathat\u00f3 sebess\u00e9get, ergonomikus kialak\u00edt\u00e1st \u00e9s gyorscser\u00e9l\u0151 rendszert k\u00edn\u00e1l a szersz\u00e1m n\u00e9lk\u00fcli hoja v\u00e1g\u00e1shoz.<\/p>\n<p>\u00c1ll\u00edthat\u00f3 vezet\u0151s\u00ednnel \u00e9s LED-l\u00e1mp\u00e1val rendelkezik a jobb l\u00e1that\u00f3s\u00e1g \u00e9rdek\u00e9ben.<\/p>\n<p>Ide\u00e1lis bark\u00e1csol\u00e1shoz \u00e9s \u00e9p\u00edt\u00e9si munk\u00e1khoz, er\u0151t \u00e9s sokoldal\u00fas\u00e1got k\u00edn\u00e1l k\u00e1belek n\u00e9lk\u00fcl.<\/p>\n","protected":false},"excerpt":{"rendered":"<p>A CATERPILLAR DX52B 18V alternat\u00edv gener\u00e1tor egy elektromos k\u00e9sz\u00fcl\u00e9k, amely gyors \u00e9s prec\u00edz v\u00e1g\u00e1sokat tesz lehet\u0151v\u00e9 f\u00e9mben, f\u00e9mben \u00e9s m\u0171anyagban. V\u00e1ltoztathat\u00f3 sebess\u00e9get, ergonomikus kialak\u00edt\u00e1st \u00e9s gyorscser\u00e9l\u0151 rendszert k\u00edn\u00e1l a szersz\u00e1m n\u00e9lk\u00fcli hoja v\u00e1g\u00e1shoz. \u00c1ll\u00edthat\u00f3 vezet\u0151s\u00ednnel \u00e9s LED-l\u00e1mp\u00e1val rendelkezik a jobb l\u00e1that\u00f3s\u00e1g \u00e9rdek\u00e9ben. Ide\u00e1lis bark\u00e1csol\u00e1shoz \u00e9s \u00e9p\u00edt\u00e9si munk\u00e1khoz, er\u0151t \u00e9s sokoldal\u00fas\u00e1got k\u00edn\u00e1l k\u00e1belek n\u00e9lk\u00fcl.<\/p>\n","protected":false},"featured_media":1567,"template":"","meta":[],"product_brand":[114],"product_cat":[164],"product_tag":[],"class_list":{"0":"post-1566","1":"product","2":"type-product","3":"status-publish","4":"has-post-thumbnail","6":"product_brand-caterpillar","7":"product_cat-szerszamgepek","9":"first","10":"instock","11":"shipping-taxable","12":"product-type-simple"},"_links":{"self":[{"href":"https:\/\/zengoalfold.hu\/index.php?rest_route=\/wp\/v2\/product\/1566","targetHints":{"allow":["GET"]}}],"collection":[{"href":"https:\/\/zengoalfold.hu\/index.php?rest_route=\/wp\/v2\/product"}],"about":[{"href":"https:\/\/zengoalfold.hu\/index.php?rest_route=\/wp\/v2\/types\/product"}],"wp:featuredmedia":[{"embeddable":true,"href":"https:\/\/zengoalfold.hu\/index.php?rest_route=\/wp\/v2\/media\/1567"}],"wp:attachment":[{"href":"https:\/\/zengoalfold.hu\/index.php?rest_route=%2Fwp%2Fv2%2Fmedia&parent=1566"}],"wp:term":[{"taxonomy":"product_brand","embeddable":true,"href":"https:\/\/zengoalfold.hu\/index.php?rest_route=%2Fwp%2Fv2%2Fproduct_brand&post=1566"},{"taxonomy":"product_cat","embeddable":true,"href":"https:\/\/zengoalfold.hu\/index.php?rest_route=%2Fwp%2Fv2%2Fproduct_cat&post=1566"},{"taxonomy":"product_tag","embeddable":true,"href":"https:\/\/zengoalfold.hu\/index.php?rest_route=%2Fwp%2Fv2%2Fproduct_tag&post=1566"}],"curies":[{"name":"wp","href":"https:\/\/api.w.org\/{rel}","templated":true}]}}