{"id":1568,"date":"2025-09-01T15:29:39","date_gmt":"2025-09-01T13:29:39","guid":{"rendered":"https:\/\/zengoalfold.com\/?post_type=product&#038;p=1568"},"modified":"2025-09-01T15:29:40","modified_gmt":"2025-09-01T13:29:40","slug":"caterpillar-dx63b-18v-spot-lampa","status":"publish","type":"product","link":"https:\/\/zengoalfold.hu\/?product=caterpillar-dx63b-18v-spot-lampa","title":{"rendered":"Caterpillar  DX63B 18V spot l\u00e1mpa"},"content":{"rendered":"<p><span>LED vil\u00e1g\u00edt\u00e1s \u2022 Be-\/kikapcsol\u00f3 gomb k\u00e9tfokozat\u00fa f\u00e9nyer\u0151-be\u00e1ll\u00edt\u00e1ssal \u2022 Gum\u00edrozott, cs\u00fasz\u00e1smentes markolat \u2022 Be\u00e9p\u00edtett akaszt\u00f3 \u2022 \u00c1ll\u00edthat\u00f3 d\u0151l\u00e9ssz\u00f6g\u0171 munkafej \u2022 M\u00e1gneses tart\u00f3 \u2022 Csukl\u00f3p\u00e1nt<\/span><\/p>\n","protected":false},"excerpt":{"rendered":"<p>LED vil\u00e1g\u00edt\u00e1s \u2022 Be-\/kikapcsol\u00f3 gomb k\u00e9tfokozat\u00fa f\u00e9nyer\u0151-be\u00e1ll\u00edt\u00e1ssal \u2022 Gum\u00edrozott, cs\u00fasz\u00e1smentes markolat \u2022 Be\u00e9p\u00edtett akaszt\u00f3 \u2022 \u00c1ll\u00edthat\u00f3 d\u0151l\u00e9ssz\u00f6g\u0171 munkafej \u2022 M\u00e1gneses tart\u00f3 \u2022 Csukl\u00f3p\u00e1nt<\/p>\n","protected":false},"featured_media":1569,"template":"","meta":[],"product_brand":[114],"product_cat":[164],"product_tag":[],"class_list":{"0":"post-1568","1":"product","2":"type-product","3":"status-publish","4":"has-post-thumbnail","6":"product_brand-caterpillar","7":"product_cat-szerszamgepek","9":"first","10":"instock","11":"shipping-taxable","12":"product-type-simple"},"_links":{"self":[{"href":"https:\/\/zengoalfold.hu\/index.php?rest_route=\/wp\/v2\/product\/1568","targetHints":{"allow":["GET"]}}],"collection":[{"href":"https:\/\/zengoalfold.hu\/index.php?rest_route=\/wp\/v2\/product"}],"about":[{"href":"https:\/\/zengoalfold.hu\/index.php?rest_route=\/wp\/v2\/types\/product"}],"wp:featuredmedia":[{"embeddable":true,"href":"https:\/\/zengoalfold.hu\/index.php?rest_route=\/wp\/v2\/media\/1569"}],"wp:attachment":[{"href":"https:\/\/zengoalfold.hu\/index.php?rest_route=%2Fwp%2Fv2%2Fmedia&parent=1568"}],"wp:term":[{"taxonomy":"product_brand","embeddable":true,"href":"https:\/\/zengoalfold.hu\/index.php?rest_route=%2Fwp%2Fv2%2Fproduct_brand&post=1568"},{"taxonomy":"product_cat","embeddable":true,"href":"https:\/\/zengoalfold.hu\/index.php?rest_route=%2Fwp%2Fv2%2Fproduct_cat&post=1568"},{"taxonomy":"product_tag","embeddable":true,"href":"https:\/\/zengoalfold.hu\/index.php?rest_route=%2Fwp%2Fv2%2Fproduct_tag&post=1568"}],"curies":[{"name":"wp","href":"https:\/\/api.w.org\/{rel}","templated":true}]}}