{"id":1570,"date":"2025-09-01T15:32:26","date_gmt":"2025-09-01T13:32:26","guid":{"rendered":"https:\/\/zengoalfold.com\/?post_type=product&#038;p=1570"},"modified":"2025-09-01T15:32:26","modified_gmt":"2025-09-01T13:32:26","slug":"caterpillar-dxb2-akkumulator-18v-2-0ah","status":"publish","type":"product","link":"https:\/\/zengoalfold.hu\/?product=caterpillar-dxb2-akkumulator-18v-2-0ah","title":{"rendered":"Caterpillar  DXB2 Akkumul\u00e1tor 18V 2.0Ah"},"content":{"rendered":"<p><strong>\u00a0Akkumul\u00e1tor DXB2<\/strong><\/p>\n<ul>\n<li>a CAT 1 eset\u00e9ben MINDEN elektromos szersz\u00e1mhoz<\/li>\n<li>A Cat akkumul\u00e1tor v\u00e9delmi rendszer optimaliz\u00e1lja \u00e9s meghosszabb\u00edtja az \u00fczemid\u0151t a maxim\u00e1lis kihaszn\u00e1lts\u00e1g \u00e9rdek\u00e9ben, \u00e9s<\/li>\n<li>biztons\u00e1g<\/li>\n<li>akkumul\u00e1tor-kapacit\u00e1sjelz\u0151, 5 fokozat\u00fa LED f\u00e9ny<\/li>\n<li>az akkumul\u00e1tor t\u00f6lt\u00f6tts\u00e9gi szintj\u00e9nek kijelz\u0151je<\/li>\n<li>Akkumul\u00e1tor t\u00edpusa: Li-Ion<\/li>\n<li>\u00a0Fesz\u00fclts\u00e9g: 18 V<\/li>\n<li>Kapacit\u00e1s: 2.0 Ah Li-ion<\/li>\n<li>\u00a0\u00a0T\u00f6meg: 370 g<\/li>\n<li>\n<div class=\"row mb2\">\n<div class=\"col-xs-12\">\n<h2 class=\"mb2\">M\u0171szaki inform\u00e1ci\u00f3k<\/h2>\n<\/div>\n<\/div>\n<div class=\"row mb2\">\n<div class=\"col-xs-6\"><span class=\"semi-bold\">Gy\u00e1rt\u00f3:<\/span><\/div>\n<div class=\"col-xs-6\"><a href=\"https:\/\/www.sanitino.hu\/caterpillar\" class=\"link\" data-gtm-click=\"Zna\u010dky\" data-gtm-action=\"Produkt - technick\u00e9 informace\" data-gtm-label=\"Caterpillar\">Caterpillar<\/a><\/div>\n<\/div>\n<div class=\"row mb2\">\n<div class=\"col-xs-6\"><span class=\"semi-bold\">Sorozat:<\/span><\/div>\n<div class=\"col-xs-6\">\n<div><span><a href=\"https:\/\/www.sanitino.hu\/caterpillar-tartozekok\" class=\"link\">Tartoz\u00e9kok<\/a><\/span><\/div>\n<\/div>\n<\/div>\n<div class=\"row mb2\">\n<div class=\"col-xs-6\"><span class=\"semi-bold\">Kat.sz.:<\/span><\/div>\n<div class=\"col-xs-6\">DXB2<\/div>\n<\/div>\n<div class=\"row mb2\">\n<div class=\"col-xs-6\"><span class=\"semi-bold\">EAN:<\/span><\/div>\n<div class=\"col-xs-6\">6943475885052<\/div>\n<\/div>\n<div class=\"row mb2\">\n<div class=\"col-xs-6\"><span class=\"semi-bold\">Garancia:<\/span><\/div>\n<div class=\"col-xs-6\">2 \u00e9vek<\/div>\n<\/div>\n<div class=\"row mb2\">\n<div class=\"col-xs-6\"><span class=\"semi-bold\">T\u00edpus:<\/span><\/div>\n<div class=\"col-xs-6\">\n<div>akkumul\u00e1tor<\/div>\n<\/div>\n<\/div>\n<div class=\"row mb2\">\n<div class=\"col-xs-6\"><span class=\"semi-bold\">Akkumul\u00e1tor t\u00edpusa:<\/span><\/div>\n<div class=\"col-xs-6\">\n<div>Li-Ion<\/div>\n<\/div>\n<\/div>\n<div class=\"row mb2\">\n<div class=\"col-xs-6\"><span class=\"semi-bold\">Az akkumul\u00e1tor fesz\u00fclts\u00e9ge:<\/span><\/div>\n<div class=\"col-xs-6\">\n<div>18 V<\/div>\n<\/div>\n<\/div>\n<div class=\"row mb2\">\n<div class=\"col-xs-6\"><span class=\"semi-bold\">Az akkumul\u00e1tor kapacit\u00e1sa [Ah]:<\/span><\/div>\n<div class=\"col-xs-6\">\n<div>2.0<\/div>\n<\/div>\n<\/div>\n<\/li>\n<\/ul>\n","protected":false},"excerpt":{"rendered":"<p>\u00a0Akkumul\u00e1tor DXB2 a CAT 1 eset\u00e9ben MINDEN elektromos szersz\u00e1mhoz A Cat akkumul\u00e1tor v\u00e9delmi rendszer optimaliz\u00e1lja \u00e9s meghosszabb\u00edtja az \u00fczemid\u0151t a maxim\u00e1lis kihaszn\u00e1lts\u00e1g \u00e9rdek\u00e9ben, \u00e9s biztons\u00e1g akkumul\u00e1tor-kapacit\u00e1sjelz\u0151, 5 fokozat\u00fa LED f\u00e9ny az akkumul\u00e1tor t\u00f6lt\u00f6tts\u00e9gi szintj\u00e9nek kijelz\u0151je Akkumul\u00e1tor t\u00edpusa: Li-Ion \u00a0Fesz\u00fclts\u00e9g: 18 V Kapacit\u00e1s: 2.0 Ah Li-ion \u00a0\u00a0T\u00f6meg: 370 g M\u0171szaki inform\u00e1ci\u00f3k Gy\u00e1rt\u00f3: Caterpillar Sorozat: Tartoz\u00e9kok Kat.sz.: [&hellip;]<\/p>\n","protected":false},"featured_media":1571,"template":"","meta":[],"product_brand":[114],"product_cat":[164],"product_tag":[],"class_list":{"0":"post-1570","1":"product","2":"type-product","3":"status-publish","4":"has-post-thumbnail","6":"product_brand-caterpillar","7":"product_cat-szerszamgepek","9":"first","10":"instock","11":"shipping-taxable","12":"product-type-simple"},"_links":{"self":[{"href":"https:\/\/zengoalfold.hu\/index.php?rest_route=\/wp\/v2\/product\/1570","targetHints":{"allow":["GET"]}}],"collection":[{"href":"https:\/\/zengoalfold.hu\/index.php?rest_route=\/wp\/v2\/product"}],"about":[{"href":"https:\/\/zengoalfold.hu\/index.php?rest_route=\/wp\/v2\/types\/product"}],"wp:featuredmedia":[{"embeddable":true,"href":"https:\/\/zengoalfold.hu\/index.php?rest_route=\/wp\/v2\/media\/1571"}],"wp:attachment":[{"href":"https:\/\/zengoalfold.hu\/index.php?rest_route=%2Fwp%2Fv2%2Fmedia&parent=1570"}],"wp:term":[{"taxonomy":"product_brand","embeddable":true,"href":"https:\/\/zengoalfold.hu\/index.php?rest_route=%2Fwp%2Fv2%2Fproduct_brand&post=1570"},{"taxonomy":"product_cat","embeddable":true,"href":"https:\/\/zengoalfold.hu\/index.php?rest_route=%2Fwp%2Fv2%2Fproduct_cat&post=1570"},{"taxonomy":"product_tag","embeddable":true,"href":"https:\/\/zengoalfold.hu\/index.php?rest_route=%2Fwp%2Fv2%2Fproduct_tag&post=1570"}],"curies":[{"name":"wp","href":"https:\/\/api.w.org\/{rel}","templated":true}]}}