{"id":1574,"date":"2025-09-01T15:36:45","date_gmt":"2025-09-01T13:36:45","guid":{"rendered":"https:\/\/zengoalfold.com\/?post_type=product&#038;p=1574"},"modified":"2025-09-01T15:36:45","modified_gmt":"2025-09-01T13:36:45","slug":"caterpillar-dxc4-tolto-18v-4-0a","status":"publish","type":"product","link":"https:\/\/zengoalfold.hu\/?product=caterpillar-dxc4-tolto-18v-4-0a","title":{"rendered":"Caterpillar DXC4 T\u00f6lt\u0151 18V 4.0A"},"content":{"rendered":"<p><span>T\u00f6lt\u0151 18V 4.0A &#8211; DXC4<\/span><\/p>\n<p><span>T\u00f6bb\u00e9 nem kell k\u00fcl\u00f6n t\u00f6lt\u0151t haszn\u00e1lnia minden szersz\u00e1mhoz! Bemutatjuk a CAT DX C4 18V t\u00f6lt\u0151t. Ez az innovat\u00edv k\u00e9sz\u00fcl\u00e9k minden CAT szersz\u00e1mot t\u00f6lt 18 V-os akkumul\u00e1torral. Gyorsan \u00e9s hat\u00e9konyan t\u00f6lt. Az intelligens t\u00f6lt\u0151rendszer minden akkumul\u00e1tor sz\u00e1m\u00e1ra optim\u00e1lis fesz\u00fclts\u00e9get \u00e9s hosszabb \u00e9lettartamot garant\u00e1l.<\/span><\/p>\n<p><span>Jellemz\u0151k:<\/span><\/p>\n<ul>\n<li><span>T\u00f6lt\u00e9sjelz\u0151<\/span><\/li>\n<li><span>T\u00f6ltse fel a 2,0 Ah-s akkumul\u00e1tort 30 perc alatt<\/span><\/li>\n<li><span>4,0 Ah akkumul\u00e1tor 60 perc alatt<\/span><\/li>\n<li><span>36 h\u00f3nap garancia.<\/span><\/li>\n<\/ul>\n<p><span>M\u0171szaki adatok:<\/span><\/p>\n<ul>\n<li><span>T\u00f6lt\u0151 fesz\u00fclts\u00e9g: 100-240V ~ 50\/60Hz.<\/span><\/li>\n<li><span>T\u00f6lt\u00e9sjelz\u0151, 2,0 Ah-s akkumul\u00e1tor eset\u00e9n 30 perc t\u00f6lt\u00e9s, 4,0 Ah-s akkumul\u00e1tor eset\u00e9n 60 perc t\u00f6lt\u00e9s.<\/span><\/li>\n<li><span>Kimeneti fesz\u00fclts\u00e9g: 20V.<\/span><\/li>\n<li><span>Kimeneti \u00e1ram: 4,0 A.<\/span><\/li>\n<li><span>Bemeneti teljes\u00edtm\u00e9ny: 95 W.<\/span><\/li>\n<li><span>S\u00faly: 0,40 kg<\/span><\/li>\n<\/ul>\n","protected":false},"excerpt":{"rendered":"<p>T\u00f6lt\u0151 18V 4.0A &#8211; DXC4 T\u00f6bb\u00e9 nem kell k\u00fcl\u00f6n t\u00f6lt\u0151t haszn\u00e1lnia minden szersz\u00e1mhoz! Bemutatjuk a CAT DX C4 18V t\u00f6lt\u0151t. Ez az innovat\u00edv k\u00e9sz\u00fcl\u00e9k minden CAT szersz\u00e1mot t\u00f6lt 18 V-os akkumul\u00e1torral. Gyorsan \u00e9s hat\u00e9konyan t\u00f6lt. Az intelligens t\u00f6lt\u0151rendszer minden akkumul\u00e1tor sz\u00e1m\u00e1ra optim\u00e1lis fesz\u00fclts\u00e9get \u00e9s hosszabb \u00e9lettartamot garant\u00e1l. Jellemz\u0151k: T\u00f6lt\u00e9sjelz\u0151 T\u00f6ltse fel a 2,0 Ah-s akkumul\u00e1tort [&hellip;]<\/p>\n","protected":false},"featured_media":1575,"template":"","meta":[],"product_brand":[114],"product_cat":[164],"product_tag":[],"class_list":{"0":"post-1574","1":"product","2":"type-product","3":"status-publish","4":"has-post-thumbnail","6":"product_brand-caterpillar","7":"product_cat-szerszamgepek","9":"first","10":"instock","11":"shipping-taxable","12":"product-type-simple"},"_links":{"self":[{"href":"https:\/\/zengoalfold.hu\/index.php?rest_route=\/wp\/v2\/product\/1574","targetHints":{"allow":["GET"]}}],"collection":[{"href":"https:\/\/zengoalfold.hu\/index.php?rest_route=\/wp\/v2\/product"}],"about":[{"href":"https:\/\/zengoalfold.hu\/index.php?rest_route=\/wp\/v2\/types\/product"}],"wp:featuredmedia":[{"embeddable":true,"href":"https:\/\/zengoalfold.hu\/index.php?rest_route=\/wp\/v2\/media\/1575"}],"wp:attachment":[{"href":"https:\/\/zengoalfold.hu\/index.php?rest_route=%2Fwp%2Fv2%2Fmedia&parent=1574"}],"wp:term":[{"taxonomy":"product_brand","embeddable":true,"href":"https:\/\/zengoalfold.hu\/index.php?rest_route=%2Fwp%2Fv2%2Fproduct_brand&post=1574"},{"taxonomy":"product_cat","embeddable":true,"href":"https:\/\/zengoalfold.hu\/index.php?rest_route=%2Fwp%2Fv2%2Fproduct_cat&post=1574"},{"taxonomy":"product_tag","embeddable":true,"href":"https:\/\/zengoalfold.hu\/index.php?rest_route=%2Fwp%2Fv2%2Fproduct_tag&post=1574"}],"curies":[{"name":"wp","href":"https:\/\/api.w.org\/{rel}","templated":true}]}}