{"id":1576,"date":"2025-09-01T15:39:50","date_gmt":"2025-09-01T13:39:50","guid":{"rendered":"https:\/\/zengoalfold.com\/?post_type=product&#038;p=1576"},"modified":"2025-09-01T15:40:04","modified_gmt":"2025-09-01T13:40:04","slug":"caterpillar-gxb5-graphene-18v","status":"publish","type":"product","link":"https:\/\/zengoalfold.hu\/?product=caterpillar-gxb5-graphene-18v","title":{"rendered":"Caterpillar  GXB5 Graphene 18V"},"content":{"rendered":"<p>Megjegyz\u00e9s: Ez a le\u00edr\u00e1s automatikusan le lett ford\u00edtva magyarra.<\/p>\n<p>CAT GXB5 Nagy teherb\u00edr\u00e1s\u00fa graf\u00e9n akkumul\u00e1tor! Forradalmi er\u0151 \u00e9s tart\u00f3ss\u00e1g A CAT GXB5 nagy teherb\u00edr\u00e1s\u00fa graf\u00e9n akkumul\u00e1tor innovat\u00edv \u00e1tt\u00f6r\u00e9st jelent az \u00e9p\u00edt\u0151ipari szersz\u00e1mok energiaell\u00e1t\u00e1si technol\u00f3gi\u00e1j\u00e1ban. A fejlett graf\u00e9n-polimer \u00f6sszet\u00e9telnek k\u00f6sz\u00f6nhet\u0151en p\u00e1ratlan teljes\u00edtm\u00e9nyt \u00e9s tart\u00f3ss\u00e1got k\u00edn\u00e1l. A gyors t\u00f6lt\u00e9s \u00e9s az alacsony \u00fczemi h\u0151m\u00e9rs\u00e9klet fenntart\u00e1s\u00e1nak egyed\u00fcl\u00e1ll\u00f3 k\u00e9pess\u00e9g\u00e9vel ez az akkumul\u00e1tor k\u00e9szen \u00e1ll a folyamatos kih\u00edv\u00e1sokra az \u00e9p\u00edtkez\u00e9sen, garant\u00e1lva a maxim\u00e1lis hat\u00e9konys\u00e1got kompromisszumok n\u00e9lk\u00fcl. Gyors t\u00f6lt\u00e9s \u00e9s hossz\u00fa \u00e9lettartam A 18 V-os fesz\u00fclts\u00e9ggel \u00e9s 5,0 Ah kapacit\u00e1ssal a GXB5 nagy teherb\u00edr\u00e1s\u00fa graf\u00e9n akkumul\u00e1tor rendk\u00edv\u00fcl gyors, mind\u00f6ssze 18 perc alatti teljes felt\u00f6lt\u00e9st k\u00edn\u00e1l, ami forradalmi megold\u00e1s a megszak\u00edt\u00e1s n\u00e9lk\u00fcli teljes\u00edtm\u00e9nyre szorul\u00f3 szakemberek sz\u00e1m\u00e1ra. A rendk\u00edv\u00fcl alacsony h\u0151m\u00e9rs\u00e9kletekkel szembeni kiv\u00e9teles ellen\u00e1ll\u00e1s biztos\u00edtja a megb\u00edzhat\u00f3s\u00e1got a legzordabb k\u00f6r\u00fclm\u00e9nyek k\u00f6z\u00f6tt is. P\u00e1ratlan tart\u00f3ss\u00e1g \u00e9s k\u00f6nny\u0171 haszn\u00e1lat A sz\u00e9ls\u0151s\u00e9ges k\u00f6r\u00fclm\u00e9nyekkel szembeni ellen\u00e1ll\u00e1s, a garant\u00e1ltan \u00f6tsz\u00f6r hosszabb \u00e9lettartam \u00e9s az alacsony h\u0151m\u00e9rs\u00e9klet folyamatos m\u0171k\u00f6d\u00e9s k\u00f6zben teszi a CAT GXB5 nagy teherb\u00edr\u00e1s\u00fa akkumul\u00e1tort n\u00e9lk\u00fcl\u00f6zhetetlen felszerel\u00e9ss\u00e9 minden szakember sz\u00e1m\u00e1ra. Az 1,00 kg-os s\u00faly kiv\u00e1l\u00f3 egyens\u00falyt k\u00edn\u00e1l a teljes\u00edtm\u00e9ny \u00e9s a k\u00f6nny\u0171 haszn\u00e1lat k\u00f6z\u00f6tt, a be\u00e9p\u00edtett akkumul\u00e1tor-kapacit\u00e1sjelz\u0151 pedig lehet\u0151v\u00e9 teszi a t\u00f6lt\u00f6tts\u00e9gi \u00e1llapot folyamatos figyel\u00e9s\u00e9t, \u00edgy soha nem fogy ki az akkumul\u00e1tor, amikor a legnagyobb sz\u00fcks\u00e9ge van r\u00e1.<\/p>\n","protected":false},"excerpt":{"rendered":"<p>Megjegyz\u00e9s: Ez a le\u00edr\u00e1s automatikusan le lett ford\u00edtva magyarra. CAT GXB5 Nagy teherb\u00edr\u00e1s\u00fa graf\u00e9n akkumul\u00e1tor! Forradalmi er\u0151 \u00e9s tart\u00f3ss\u00e1g A CAT GXB5 nagy teherb\u00edr\u00e1s\u00fa graf\u00e9n akkumul\u00e1tor innovat\u00edv \u00e1tt\u00f6r\u00e9st jelent az \u00e9p\u00edt\u0151ipari szersz\u00e1mok energiaell\u00e1t\u00e1si technol\u00f3gi\u00e1j\u00e1ban. A fejlett graf\u00e9n-polimer \u00f6sszet\u00e9telnek k\u00f6sz\u00f6nhet\u0151en p\u00e1ratlan teljes\u00edtm\u00e9nyt \u00e9s tart\u00f3ss\u00e1got k\u00edn\u00e1l. A gyors t\u00f6lt\u00e9s \u00e9s az alacsony \u00fczemi h\u0151m\u00e9rs\u00e9klet fenntart\u00e1s\u00e1nak egyed\u00fcl\u00e1ll\u00f3 k\u00e9pess\u00e9g\u00e9vel [&hellip;]<\/p>\n","protected":false},"featured_media":1577,"template":"","meta":[],"product_brand":[114],"product_cat":[164],"product_tag":[],"class_list":{"0":"post-1576","1":"product","2":"type-product","3":"status-publish","4":"has-post-thumbnail","6":"product_brand-caterpillar","7":"product_cat-szerszamgepek","9":"first","10":"instock","11":"shipping-taxable","12":"product-type-simple"},"_links":{"self":[{"href":"https:\/\/zengoalfold.hu\/index.php?rest_route=\/wp\/v2\/product\/1576","targetHints":{"allow":["GET"]}}],"collection":[{"href":"https:\/\/zengoalfold.hu\/index.php?rest_route=\/wp\/v2\/product"}],"about":[{"href":"https:\/\/zengoalfold.hu\/index.php?rest_route=\/wp\/v2\/types\/product"}],"wp:featuredmedia":[{"embeddable":true,"href":"https:\/\/zengoalfold.hu\/index.php?rest_route=\/wp\/v2\/media\/1577"}],"wp:attachment":[{"href":"https:\/\/zengoalfold.hu\/index.php?rest_route=%2Fwp%2Fv2%2Fmedia&parent=1576"}],"wp:term":[{"taxonomy":"product_brand","embeddable":true,"href":"https:\/\/zengoalfold.hu\/index.php?rest_route=%2Fwp%2Fv2%2Fproduct_brand&post=1576"},{"taxonomy":"product_cat","embeddable":true,"href":"https:\/\/zengoalfold.hu\/index.php?rest_route=%2Fwp%2Fv2%2Fproduct_cat&post=1576"},{"taxonomy":"product_tag","embeddable":true,"href":"https:\/\/zengoalfold.hu\/index.php?rest_route=%2Fwp%2Fv2%2Fproduct_tag&post=1576"}],"curies":[{"name":"wp","href":"https:\/\/api.w.org\/{rel}","templated":true}]}}