{"id":1584,"date":"2025-09-03T14:09:59","date_gmt":"2025-09-03T12:09:59","guid":{"rendered":"https:\/\/zengoalfold.com\/?post_type=product&#038;p=1584"},"modified":"2025-09-03T14:19:04","modified_gmt":"2025-09-03T12:19:04","slug":"fiskars-hagyomanyos-ollo-21cm","status":"publish","type":"product","link":"https:\/\/zengoalfold.hu\/?product=fiskars-hagyomanyos-ollo-21cm","title":{"rendered":"Fiskars Hagyom\u00e1nyos oll\u00f3 21cm"},"content":{"rendered":"<p data-start=\"147\" data-end=\"172\"><strong data-start=\"147\" data-end=\"172\">El\u0151ny\u00f6k \u00e9s jellemz\u0151k:<\/strong><\/p>\n<ul data-start=\"174\" data-end=\"681\">\n<li data-start=\"174\" data-end=\"314\">\n<p data-start=\"176\" data-end=\"314\"><strong data-start=\"176\" data-end=\"203\">Ergonomikus kialak\u00edt\u00e1s:<\/strong> Az oll\u00f3 hajl\u00edtott foganty\u00faja kiv\u00e1l\u00f3an illeszkedik a k\u00e9zhez, lehet\u0151v\u00e9 t\u00e9ve a k\u00e9nyelmes \u00e9s term\u00e9szetes v\u00e1g\u00e1st.<\/p>\n<\/li>\n<li data-start=\"315\" data-end=\"439\">\n<p data-start=\"317\" data-end=\"439\"><strong data-start=\"317\" data-end=\"346\">Rozsdamentes ac\u00e9l peng\u00e9k:<\/strong> A peng\u00e9k tart\u00f3sak, \u00e9lesek, \u00e9s ellen\u00e1llnak a korr\u00f3zi\u00f3nak, garant\u00e1lva a hossz\u00fa \u00e9lettartamot.<\/p>\n<\/li>\n<li data-start=\"440\" data-end=\"535\">\n<p data-start=\"442\" data-end=\"535\"><strong data-start=\"442\" data-end=\"463\">\u00c1ll\u00edthat\u00f3 peng\u00e9k:<\/strong> A k\u00f6z\u00e9ps\u0151 csavar seg\u00edts\u00e9g\u00e9vel a peng\u00e9k fesz\u00edt\u00e9se k\u00f6nnyen be\u00e1ll\u00edthat\u00f3.<\/p>\n<\/li>\n<li data-start=\"536\" data-end=\"681\">\n<p data-start=\"538\" data-end=\"681\"><strong data-start=\"538\" data-end=\"562\">Min\u0151s\u00e9g \u00e9s garancia:<\/strong> Az oll\u00f3 25 \u00e9v garanci\u00e1val rendelkezik, \u00e9s kiv\u00e1l\u00f3 min\u0151s\u00e9g\u0171 anyagokb\u00f3l k\u00e9sz\u00fcl<br data-start=\"639\" data-end=\"642\" \/><span class=\"\" data-state=\"closed\"><span class=\"ms-1 inline-flex max-w-full items-center relative top-[-0.094rem] animate-[show_150ms_ease-in]\" data-testid=\"webpage-citation-pill\"><\/span><\/span><strong data-start=\"683\" data-end=\"704\">\u00c1ltal\u00e1nos le\u00edr\u00e1s:<\/strong><\/p>\n<\/li>\n<\/ul>\n<p data-start=\"706\" data-end=\"1098\">A Fiskars Classic \u00e1ltal\u00e1nos oll\u00f3, 21 cm hossz\u00fas\u00e1g\u00e1val \u00e9s 25 \u00e9v garanci\u00e1j\u00e1val ide\u00e1lis v\u00e1laszt\u00e1s mindenf\u00e9le v\u00e1g\u00e1si feladathoz, legyen sz\u00f3 otthoni, iskolai vagy irodai haszn\u00e1latr\u00f3l. Az oll\u00f3 rozsdamentes ac\u00e9l peng\u00e9i garant\u00e1lj\u00e1k a tart\u00f3s \u00e9less\u00e9get \u00e9s a pontos v\u00e1g\u00e1st, m\u00edg az ergonomikus kialak\u00edt\u00e1s k\u00e9nyelmes \u00e9s hossz\u00fa t\u00e1von is k\u00f6nny\u0171 haszn\u00e1latot biztos\u00edt.<br data-start=\"1056\" data-end=\"1059\" \/><span class=\"\" data-state=\"closed\"><span class=\"ms-1 inline-flex max-w-full items-center relative top-[-0.094rem] animate-[show_150ms_ease-in]\" data-testid=\"webpage-citation-pill\"><a href=\"https:\/\/www.fiskarsshop.hu\/Fiskars-Classic-altalanos-ollo-21-cm-25-ev-garanci?srsltid=AfmBOorZvnL4mQadBq_C6cdDAKG3dVqevujkmS_GAmzCKutnYi7NDL1h&amp;utm_source=chatgpt.com\" target=\"_blank\" rel=\"noopener\" alt=\"https:\/\/www.fiskarsshop.hu\/Fiskars-Classic-altalanos-ollo-21-cm-25-ev-garanci?srsltid=AfmBOorZvnL4mQadBq_C6cdDAKG3dVqevujkmS_GAmzCKutnYi7NDL1h&amp;utm_source=chatgpt.com\" class=\"flex h-4.5 overflow-hidden rounded-xl px-2 text-[9px] font-medium text-token-text-secondary! bg-[#F4F4F4]! dark:bg-[#303030]! transition-colors duration-150 ease-in-out\"><span class=\"relative start-0 bottom-0 flex h-full w-full items-center\"><span class=\"flex h-4 w-full items-center justify-between\"><span class=\"max-w-full grow truncate overflow-hidden text-center\"><\/span><\/span><\/span><\/a><\/span><\/span><\/p>\n","protected":false},"excerpt":{"rendered":"<p>El\u0151ny\u00f6k \u00e9s jellemz\u0151k: Ergonomikus kialak\u00edt\u00e1s: Az oll\u00f3 hajl\u00edtott foganty\u00faja kiv\u00e1l\u00f3an illeszkedik a k\u00e9zhez, lehet\u0151v\u00e9 t\u00e9ve a k\u00e9nyelmes \u00e9s term\u00e9szetes v\u00e1g\u00e1st. Rozsdamentes ac\u00e9l peng\u00e9k: A peng\u00e9k tart\u00f3sak, \u00e9lesek, \u00e9s ellen\u00e1llnak a korr\u00f3zi\u00f3nak, garant\u00e1lva a hossz\u00fa \u00e9lettartamot. \u00c1ll\u00edthat\u00f3 peng\u00e9k: A k\u00f6z\u00e9ps\u0151 csavar seg\u00edts\u00e9g\u00e9vel a peng\u00e9k fesz\u00edt\u00e9se k\u00f6nnyen be\u00e1ll\u00edthat\u00f3. Min\u0151s\u00e9g \u00e9s garancia: Az oll\u00f3 25 \u00e9v garanci\u00e1val rendelkezik, [&hellip;]<\/p>\n","protected":false},"featured_media":1585,"template":"","meta":[],"product_brand":[122],"product_cat":[165],"product_tag":[],"class_list":{"0":"post-1584","1":"product","2":"type-product","3":"status-publish","4":"has-post-thumbnail","6":"product_brand-fiskars","7":"product_cat-keziszerszamok","9":"first","10":"instock","11":"shipping-taxable","12":"product-type-simple"},"_links":{"self":[{"href":"https:\/\/zengoalfold.hu\/index.php?rest_route=\/wp\/v2\/product\/1584","targetHints":{"allow":["GET"]}}],"collection":[{"href":"https:\/\/zengoalfold.hu\/index.php?rest_route=\/wp\/v2\/product"}],"about":[{"href":"https:\/\/zengoalfold.hu\/index.php?rest_route=\/wp\/v2\/types\/product"}],"wp:featuredmedia":[{"embeddable":true,"href":"https:\/\/zengoalfold.hu\/index.php?rest_route=\/wp\/v2\/media\/1585"}],"wp:attachment":[{"href":"https:\/\/zengoalfold.hu\/index.php?rest_route=%2Fwp%2Fv2%2Fmedia&parent=1584"}],"wp:term":[{"taxonomy":"product_brand","embeddable":true,"href":"https:\/\/zengoalfold.hu\/index.php?rest_route=%2Fwp%2Fv2%2Fproduct_brand&post=1584"},{"taxonomy":"product_cat","embeddable":true,"href":"https:\/\/zengoalfold.hu\/index.php?rest_route=%2Fwp%2Fv2%2Fproduct_cat&post=1584"},{"taxonomy":"product_tag","embeddable":true,"href":"https:\/\/zengoalfold.hu\/index.php?rest_route=%2Fwp%2Fv2%2Fproduct_tag&post=1584"}],"curies":[{"name":"wp","href":"https:\/\/api.w.org\/{rel}","templated":true}]}}