{"id":1586,"date":"2025-09-03T14:12:56","date_gmt":"2025-09-03T12:12:56","guid":{"rendered":"https:\/\/zengoalfold.com\/?post_type=product&#038;p=1586"},"modified":"2025-09-03T14:17:47","modified_gmt":"2025-09-03T12:17:47","slug":"fiskars-alu-nyel-1575cm","status":"publish","type":"product","link":"https:\/\/zengoalfold.hu\/?product=fiskars-alu-nyel-1575cm","title":{"rendered":"Fiskars Alu ny\u00e9l 157,5cm"},"content":{"rendered":"<p data-start=\"118\" data-end=\"350\"><strong data-start=\"118\" data-end=\"134\">Term\u00e9k neve:<\/strong><br data-start=\"134\" data-end=\"137\" \/>Fiskars QuikFit\u2122 Ny\u00e9l L 156 cm (1000661)<br data-start=\"177\" data-end=\"180\" \/><br \/>\n<span class=\"\" data-state=\"closed\"><span class=\"ms-1 inline-flex max-w-full items-center relative top-[-0.094rem] animate-[show_150ms_ease-in]\" data-testid=\"webpage-citation-pill\"><\/span><\/span><\/p>\n<hr data-start=\"352\" data-end=\"355\" \/>\n<h3 data-start=\"357\" data-end=\"387\"><strong data-start=\"361\" data-end=\"385\">El\u0151ny\u00f6k \u00e9s jellemz\u0151k<\/strong><\/h3>\n<ul data-start=\"388\" data-end=\"824\">\n<li data-start=\"388\" data-end=\"502\">\n<p data-start=\"390\" data-end=\"502\"><strong data-start=\"390\" data-end=\"422\">Gyors \u00e9s egyszer\u0171 haszn\u00e1lat:<\/strong> A QuikFit\u2122 technol\u00f3gia r\u00e9v\u00e9n a ny\u00e9l azonnal z\u00e1r, \u00edgy r\u00f6gt\u00f6n haszn\u00e1latra k\u00e9sz.<\/p>\n<\/li>\n<li data-start=\"503\" data-end=\"613\">\n<p data-start=\"505\" data-end=\"613\"><strong data-start=\"505\" data-end=\"528\">K\u00e9nyelmes markolat:<\/strong> Puha markolat, amely cs\u00f6kkenti a f\u00e1radts\u00e1g \u00e9rz\u00e9s\u00e9t \u00e9s stabil fog\u00e1st tesz lehet\u0151v\u00e9.<\/p>\n<\/li>\n<li data-start=\"614\" data-end=\"714\">\n<p data-start=\"616\" data-end=\"714\"><strong data-start=\"616\" data-end=\"633\">Tart\u00f3s anyag:<\/strong> Festett, edzett alum\u00edniumb\u00f3l k\u00e9sz\u00fclt ny\u00e9l, amely hossz\u00fa \u00e9lettartamot garant\u00e1l.<\/p>\n<\/li>\n<li data-start=\"715\" data-end=\"824\">\n<p data-start=\"717\" data-end=\"824\"><strong data-start=\"717\" data-end=\"736\">K\u00f6nny\u0171 t\u00e1rol\u00e1s:<\/strong> Be\u00e9p\u00edtett akaszt\u00f3val a ny\u00e9l egyszer\u0171en t\u00e1rolhat\u00f3.<\/p>\n<\/li>\n<\/ul>\n","protected":false},"excerpt":{"rendered":"<p>Term\u00e9k neve:Fiskars QuikFit\u2122 Ny\u00e9l L 156 cm (1000661) El\u0151ny\u00f6k \u00e9s jellemz\u0151k Gyors \u00e9s egyszer\u0171 haszn\u00e1lat: A QuikFit\u2122 technol\u00f3gia r\u00e9v\u00e9n a ny\u00e9l azonnal z\u00e1r, \u00edgy r\u00f6gt\u00f6n haszn\u00e1latra k\u00e9sz. K\u00e9nyelmes markolat: Puha markolat, amely cs\u00f6kkenti a f\u00e1radts\u00e1g \u00e9rz\u00e9s\u00e9t \u00e9s stabil fog\u00e1st tesz lehet\u0151v\u00e9. Tart\u00f3s anyag: Festett, edzett alum\u00edniumb\u00f3l k\u00e9sz\u00fclt ny\u00e9l, amely hossz\u00fa \u00e9lettartamot garant\u00e1l. K\u00f6nny\u0171 t\u00e1rol\u00e1s: Be\u00e9p\u00edtett [&hellip;]<\/p>\n","protected":false},"featured_media":1587,"template":"","meta":[],"product_brand":[122],"product_cat":[165],"product_tag":[],"class_list":{"0":"post-1586","1":"product","2":"type-product","3":"status-publish","4":"has-post-thumbnail","6":"product_brand-fiskars","7":"product_cat-keziszerszamok","9":"first","10":"instock","11":"shipping-taxable","12":"product-type-simple"},"_links":{"self":[{"href":"https:\/\/zengoalfold.hu\/index.php?rest_route=\/wp\/v2\/product\/1586","targetHints":{"allow":["GET"]}}],"collection":[{"href":"https:\/\/zengoalfold.hu\/index.php?rest_route=\/wp\/v2\/product"}],"about":[{"href":"https:\/\/zengoalfold.hu\/index.php?rest_route=\/wp\/v2\/types\/product"}],"wp:featuredmedia":[{"embeddable":true,"href":"https:\/\/zengoalfold.hu\/index.php?rest_route=\/wp\/v2\/media\/1587"}],"wp:attachment":[{"href":"https:\/\/zengoalfold.hu\/index.php?rest_route=%2Fwp%2Fv2%2Fmedia&parent=1586"}],"wp:term":[{"taxonomy":"product_brand","embeddable":true,"href":"https:\/\/zengoalfold.hu\/index.php?rest_route=%2Fwp%2Fv2%2Fproduct_brand&post=1586"},{"taxonomy":"product_cat","embeddable":true,"href":"https:\/\/zengoalfold.hu\/index.php?rest_route=%2Fwp%2Fv2%2Fproduct_cat&post=1586"},{"taxonomy":"product_tag","embeddable":true,"href":"https:\/\/zengoalfold.hu\/index.php?rest_route=%2Fwp%2Fv2%2Fproduct_tag&post=1586"}],"curies":[{"name":"wp","href":"https:\/\/api.w.org\/{rel}","templated":true}]}}