{"id":1589,"date":"2025-09-03T14:16:28","date_gmt":"2025-09-03T12:16:28","guid":{"rendered":"https:\/\/zengoalfold.com\/?post_type=product&#038;p=1589"},"modified":"2025-09-03T14:17:07","modified_gmt":"2025-09-03T12:17:07","slug":"fiskars-builders-knifesharpener-kes","status":"publish","type":"product","link":"https:\/\/zengoalfold.hu\/?product=fiskars-builders-knifesharpener-kes","title":{"rendered":"Fiskars Builder&#8217;s knife+sharpener k\u00e9s"},"content":{"rendered":"<h4 data-start=\"388\" data-end=\"418\"><strong data-start=\"393\" data-end=\"418\">El\u0151ny\u00f6k \u00e9s jellemz\u0151k:<\/strong><\/h4>\n<ul data-start=\"419\" data-end=\"881\">\n<li data-start=\"419\" data-end=\"554\">\n<p data-start=\"421\" data-end=\"554\">Innovat\u00edv \u00e9lez\u0151rendszer: a be\u00e9p\u00edtett \u00e9lez\u0151 biztos\u00edtja, hogy a k\u00e9s mindig \u00e9les legyen, an\u00e9lk\u00fcl, hogy k\u00fcl\u00f6n \u00e9lez\u0151t kellene haszn\u00e1lni.<\/p>\n<\/li>\n<li data-start=\"555\" data-end=\"676\">\n<p data-start=\"557\" data-end=\"676\">Ergonomikus tervez\u00e9s: puha bevonat\u00fa markolat \u00e9s forgathat\u00f3 tok \u2013 k\u00e9nyelmes haszn\u00e1lat jobb- \u00e9s balkezeseknek egyar\u00e1nt.<\/p>\n<\/li>\n<li data-start=\"677\" data-end=\"766\">\n<p data-start=\"679\" data-end=\"766\">Robusztus anyagok: rozsdamentes ac\u00e9l penge, amely tart\u00f3s \u00e9s ellen\u00e1ll a csavarod\u00e1snak.<\/p>\n<\/li>\n<li data-start=\"767\" data-end=\"881\">\n<p data-start=\"769\" data-end=\"881\">Praktikus tok: cser\u00e9lhet\u0151 jobb- vagy balk\u00e9zre, b\u00e1rmelyik oldalon hordhat\u00f3<\/p>\n<\/li>\n<\/ul>\n<hr data-start=\"883\" data-end=\"886\" \/>\n<h4 data-start=\"888\" data-end=\"912\"><strong data-start=\"893\" data-end=\"912\">M\u0171szaki adatok:<\/strong><\/h4>\n<ul data-start=\"913\" data-end=\"1094\">\n<li data-start=\"913\" data-end=\"951\">\n<p data-start=\"915\" data-end=\"951\">Hossz (csomagol\u00e1s n\u00e9lk\u00fcl): 22,5 cm<\/p>\n<\/li>\n<li data-start=\"952\" data-end=\"971\">\n<p data-start=\"954\" data-end=\"971\">Sz\u00e9less\u00e9g: 4 cm<\/p>\n<\/li>\n<li data-start=\"972\" data-end=\"990\">\n<p data-start=\"974\" data-end=\"990\">Magass\u00e1g: 4 cm<\/p>\n<\/li>\n<li data-start=\"991\" data-end=\"1010\">\n<p data-start=\"993\" data-end=\"1010\">T\u00f6meg: 103 g\/db<\/p>\n<\/li>\n<li data-start=\"1011\" data-end=\"1031\">\n<p data-start=\"1013\" data-end=\"1031\">SAP k\u00f3d: 1023617<\/p>\n<\/li>\n<li data-start=\"1032\" data-end=\"1094\">\n<p data-start=\"1034\" data-end=\"1094\">Term\u00e9kcsal\u00e1d: Hardware<\/p>\n<\/li>\n<\/ul>\n","protected":false},"excerpt":{"rendered":"<p>El\u0151ny\u00f6k \u00e9s jellemz\u0151k: Innovat\u00edv \u00e9lez\u0151rendszer: a be\u00e9p\u00edtett \u00e9lez\u0151 biztos\u00edtja, hogy a k\u00e9s mindig \u00e9les legyen, an\u00e9lk\u00fcl, hogy k\u00fcl\u00f6n \u00e9lez\u0151t kellene haszn\u00e1lni. Ergonomikus tervez\u00e9s: puha bevonat\u00fa markolat \u00e9s forgathat\u00f3 tok \u2013 k\u00e9nyelmes haszn\u00e1lat jobb- \u00e9s balkezeseknek egyar\u00e1nt. Robusztus anyagok: rozsdamentes ac\u00e9l penge, amely tart\u00f3s \u00e9s ellen\u00e1ll a csavarod\u00e1snak. Praktikus tok: cser\u00e9lhet\u0151 jobb- vagy balk\u00e9zre, b\u00e1rmelyik oldalon [&hellip;]<\/p>\n","protected":false},"featured_media":1590,"template":"","meta":[],"product_brand":[122],"product_cat":[165],"product_tag":[],"class_list":{"0":"post-1589","1":"product","2":"type-product","3":"status-publish","4":"has-post-thumbnail","6":"product_brand-fiskars","7":"product_cat-keziszerszamok","9":"first","10":"instock","11":"shipping-taxable","12":"product-type-simple"},"_links":{"self":[{"href":"https:\/\/zengoalfold.hu\/index.php?rest_route=\/wp\/v2\/product\/1589","targetHints":{"allow":["GET"]}}],"collection":[{"href":"https:\/\/zengoalfold.hu\/index.php?rest_route=\/wp\/v2\/product"}],"about":[{"href":"https:\/\/zengoalfold.hu\/index.php?rest_route=\/wp\/v2\/types\/product"}],"wp:featuredmedia":[{"embeddable":true,"href":"https:\/\/zengoalfold.hu\/index.php?rest_route=\/wp\/v2\/media\/1590"}],"wp:attachment":[{"href":"https:\/\/zengoalfold.hu\/index.php?rest_route=%2Fwp%2Fv2%2Fmedia&parent=1589"}],"wp:term":[{"taxonomy":"product_brand","embeddable":true,"href":"https:\/\/zengoalfold.hu\/index.php?rest_route=%2Fwp%2Fv2%2Fproduct_brand&post=1589"},{"taxonomy":"product_cat","embeddable":true,"href":"https:\/\/zengoalfold.hu\/index.php?rest_route=%2Fwp%2Fv2%2Fproduct_cat&post=1589"},{"taxonomy":"product_tag","embeddable":true,"href":"https:\/\/zengoalfold.hu\/index.php?rest_route=%2Fwp%2Fv2%2Fproduct_tag&post=1589"}],"curies":[{"name":"wp","href":"https:\/\/api.w.org\/{rel}","templated":true}]}}