{"id":1593,"date":"2025-09-03T14:27:56","date_gmt":"2025-09-03T12:27:56","guid":{"rendered":"https:\/\/zengoalfold.com\/?post_type=product&#038;p=1593"},"modified":"2025-09-03T14:27:56","modified_gmt":"2025-09-03T12:27:56","slug":"fiskars-bulldog-lemezvago-ollo","status":"publish","type":"product","link":"https:\/\/zengoalfold.hu\/?product=fiskars-bulldog-lemezvago-ollo","title":{"rendered":"Fiskars Bulldog lemezv\u00e1g\u00f3 oll\u00f3"},"content":{"rendered":"<p>El\u0151ny\u00f6k \u00e9s jellemz\u0151k<\/p>\n<p>PowerGear\u2122 technol\u00f3gia: 40%-kal nagyobb v\u00e1g\u00f3er\u0151 a nyomat\u00e9kn\u00f6vel\u0151 mechanizmusnak k\u00f6sz\u00f6nhet\u0151en, ide\u00e1lis nehezebb v\u00e1g\u00e1si feladatokhoz.<br \/>\nfiskarsshop.hu<\/p>\n<p>Anyag- \u00e9s v\u00e1g\u00e1si kapacit\u00e1s: K\u00e9pes v\u00e1gni ak\u00e1r 1,52 mm vastag hidegen hengerelt ac\u00e9lt vagy 0,95 mm-es rozsdamentes ac\u00e9lt. Szint\u00e9n alkalmas HVAC cs\u0151, gipszkarton, f\u00e9mprofil, tet\u0151fed\u0151 lemez stb. v\u00e1g\u00e1s\u00e1ra.<br \/>\nfiskarsshop.hu<\/p>\n<p>R\u00f6vid penge kialak\u00edt\u00e1s: N\u00f6veli a v\u00e1g\u00e1si kapacit\u00e1st \u00e9s hat\u00e9konys\u00e1got.<br \/>\nfiskarsshop.hu<\/p>\n<p>K\u00e9nyelmes haszn\u00e1lat: EasyAction\u2122 rug\u00f3s markolat cs\u00f6kkenti a k\u00e9z terhel\u00e9s\u00e9t hosszabb haszn\u00e1lat sor\u00e1n, SoftGrip\u2122 bevonat biztos\u00edt stabil fog\u00e1st.<br \/>\nfiskarsshop.hu<\/p>\n<p>Tart\u00f3ss\u00e1g: Kov\u00e1csolt \u00e9s h\u0151kezelt peng\u00e9k hossz\u00fa \u00e9lettartamot \u00e9s megb\u00edzhat\u00f3s\u00e1got biztos\u00edtanak.<br \/>\nfiskarsshop.hu<\/p>\n<p>M\u0171szaki adatok<\/p>\n<p>Teljes hossz (csomagol\u00e1s n\u00e9lk\u00fcl): 23,5 cm<\/p>\n<p>Sz\u00e9less\u00e9g: 7,5 cm<\/p>\n<p>Magass\u00e1g: 1,6 cm<\/p>\n<p>T\u00f6meg: 430 g\/db<\/p>\n<p>Term\u00e9kcsal\u00e1d: PowerGear<\/p>\n","protected":false},"excerpt":{"rendered":"<p>El\u0151ny\u00f6k \u00e9s jellemz\u0151k PowerGear\u2122 technol\u00f3gia: 40%-kal nagyobb v\u00e1g\u00f3er\u0151 a nyomat\u00e9kn\u00f6vel\u0151 mechanizmusnak k\u00f6sz\u00f6nhet\u0151en, ide\u00e1lis nehezebb v\u00e1g\u00e1si feladatokhoz. fiskarsshop.hu Anyag- \u00e9s v\u00e1g\u00e1si kapacit\u00e1s: K\u00e9pes v\u00e1gni ak\u00e1r 1,52 mm vastag hidegen hengerelt ac\u00e9lt vagy 0,95 mm-es rozsdamentes ac\u00e9lt. Szint\u00e9n alkalmas HVAC cs\u0151, gipszkarton, f\u00e9mprofil, tet\u0151fed\u0151 lemez stb. v\u00e1g\u00e1s\u00e1ra. fiskarsshop.hu R\u00f6vid penge kialak\u00edt\u00e1s: N\u00f6veli a v\u00e1g\u00e1si kapacit\u00e1st \u00e9s hat\u00e9konys\u00e1got. [&hellip;]<\/p>\n","protected":false},"featured_media":1594,"template":"","meta":[],"product_brand":[122],"product_cat":[165],"product_tag":[],"class_list":{"0":"post-1593","1":"product","2":"type-product","3":"status-publish","4":"has-post-thumbnail","6":"product_brand-fiskars","7":"product_cat-keziszerszamok","9":"first","10":"instock","11":"shipping-taxable","12":"product-type-simple"},"_links":{"self":[{"href":"https:\/\/zengoalfold.hu\/index.php?rest_route=\/wp\/v2\/product\/1593","targetHints":{"allow":["GET"]}}],"collection":[{"href":"https:\/\/zengoalfold.hu\/index.php?rest_route=\/wp\/v2\/product"}],"about":[{"href":"https:\/\/zengoalfold.hu\/index.php?rest_route=\/wp\/v2\/types\/product"}],"wp:featuredmedia":[{"embeddable":true,"href":"https:\/\/zengoalfold.hu\/index.php?rest_route=\/wp\/v2\/media\/1594"}],"wp:attachment":[{"href":"https:\/\/zengoalfold.hu\/index.php?rest_route=%2Fwp%2Fv2%2Fmedia&parent=1593"}],"wp:term":[{"taxonomy":"product_brand","embeddable":true,"href":"https:\/\/zengoalfold.hu\/index.php?rest_route=%2Fwp%2Fv2%2Fproduct_brand&post=1593"},{"taxonomy":"product_cat","embeddable":true,"href":"https:\/\/zengoalfold.hu\/index.php?rest_route=%2Fwp%2Fv2%2Fproduct_cat&post=1593"},{"taxonomy":"product_tag","embeddable":true,"href":"https:\/\/zengoalfold.hu\/index.php?rest_route=%2Fwp%2Fv2%2Fproduct_tag&post=1593"}],"curies":[{"name":"wp","href":"https:\/\/api.w.org\/{rel}","templated":true}]}}