{"id":1606,"date":"2025-09-03T15:50:40","date_gmt":"2025-09-03T13:50:40","guid":{"rendered":"https:\/\/zengoalfold.com\/?post_type=product&#038;p=1606"},"modified":"2025-09-03T15:50:41","modified_gmt":"2025-09-03T13:50:41","slug":"fiskars-fejsze-x21","status":"publish","type":"product","link":"https:\/\/zengoalfold.hu\/?product=fiskars-fejsze-x21","title":{"rendered":"Fiskars Fejsze X21"},"content":{"rendered":"<h3 data-start=\"380\" data-end=\"391\">Le\u00edr\u00e1s:<\/h3>\n<p data-start=\"392\" data-end=\"679\">A Fiskars Solid A19 (az X21 m\u00e9lt\u00f3 megfelel\u0151je) pontosan azt tudja, amit egy kem\u00e9ny munk\u00e1ra sz\u00e1nt fejsz\u00e9t\u0151l elv\u00e1rsz: brut\u00e1l hat\u00e9konys\u00e1got, minim\u00e1lis er\u0151fesz\u00edt\u00e9ssel. K\u00f6zepes m\u00e9ret\u0171, 20\u201330 cm-es r\u00f6nk\u00f6k? Ugyan m\u00e1r! Ennek a fejsz\u00e9nek ez csak bemeleg\u00edt\u00e9s. <span class=\"\" data-state=\"closed\"><span class=\"ms-1 inline-flex max-w-full items-center relative top-[-0.094rem] animate-[show_150ms_ease-in]\" data-testid=\"webpage-citation-pill\"><a href=\"https:\/\/www.fiskarsshop.hu\/Solid-hasitofejsze-A19-X21-megfeleloje?srsltid=AfmBOorl0ASaZyoO3wrn2yKZxiFAv6NizVwmNjzPtBqxsQsKNr_WDysj&amp;utm_source=chatgpt.com\" target=\"_blank\" rel=\"noopener\" alt=\"https:\/\/www.fiskarsshop.hu\/Solid-hasitofejsze-A19-X21-megfeleloje?srsltid=AfmBOorl0ASaZyoO3wrn2yKZxiFAv6NizVwmNjzPtBqxsQsKNr_WDysj&amp;utm_source=chatgpt.com\" class=\"flex h-4.5 overflow-hidden rounded-xl px-2 text-[9px] font-medium text-token-text-secondary! bg-[#F4F4F4]! dark:bg-[#303030]! transition-colors duration-150 ease-in-out\"><span class=\"relative start-0 bottom-0 flex h-full w-full items-center\"><span class=\"flex h-4 w-full items-center justify-between overflow-hidden\"><span class=\"max-w-full grow truncate overflow-hidden text-center\">fiskarsshop.hu<\/span><\/span><\/span><\/a><\/span><\/span><\/p>\n<p data-start=\"681\" data-end=\"736\"><strong data-start=\"681\" data-end=\"736\">Mi\u00e9rt szeretik a profik (meg a h\u00e9tv\u00e9gi fav\u00e1g\u00f3k is)?<\/strong><\/p>\n<ul data-start=\"737\" data-end=\"1205\">\n<li data-start=\"737\" data-end=\"822\">\n<p data-start=\"739\" data-end=\"822\"><strong data-start=\"739\" data-end=\"760\">Garant\u00e1lt \u00e9less\u00e9g<\/strong> \u2013 Egyetlen j\u00f3l ir\u00e1nyzott csap\u00e1s, \u00e9s m\u00e1r rep\u00fcl is a forg\u00e1cs.<\/p>\n<\/li>\n<li data-start=\"823\" data-end=\"900\">\n<p data-start=\"825\" data-end=\"900\"><strong data-start=\"825\" data-end=\"850\">Lev\u00e1laszthatatlan fej<\/strong> \u2013 Nincsenek \u201csz\u00e9trep\u00fclt ny\u00e9l\u201d t\u00edpus\u00fa balesetek.<\/p>\n<\/li>\n<li data-start=\"901\" data-end=\"993\">\n<p data-start=\"903\" data-end=\"993\"><strong data-start=\"903\" data-end=\"934\">T\u00f6rhetetlen FiberComp\u2122 ny\u00e9l<\/strong> \u2013 K\u00f6nny\u0171, mint egy s\u00f6r\u00f6sdoboz, er\u0151s, mint a makacs r\u00f6nk.<\/p>\n<\/li>\n<li data-start=\"994\" data-end=\"1076\">\n<p data-start=\"996\" data-end=\"1076\"><strong data-start=\"996\" data-end=\"1025\">S\u00farl\u00f3d\u00e1scs\u00f6kkent\u0151 bevonat<\/strong> \u2013 Sim\u00e1n cs\u00faszik a f\u00e1ba, nem akad, nem ny\u0171gl\u0151dik.<\/p>\n<\/li>\n<li data-start=\"1077\" data-end=\"1205\">\n<p data-start=\"1079\" data-end=\"1205\"><strong data-start=\"1079\" data-end=\"1105\">T\u00f6k\u00e9letes s\u00falyeloszt\u00e1s<\/strong> \u2013 Szinte vezetni sem kell, a fejsze mag\u00e1t\u00f3l v\u00e9gzi el a mel\u00f3t. <span class=\"\" data-state=\"closed\"><span class=\"ms-1 inline-flex max-w-full items-center relative top-[-0.094rem] animate-[show_150ms_ease-in]\" data-testid=\"webpage-citation-pill\"><a href=\"https:\/\/www.fiskarsshop.hu\/Solid-hasitofejsze-A19-X21-megfeleloje?srsltid=AfmBOorl0ASaZyoO3wrn2yKZxiFAv6NizVwmNjzPtBqxsQsKNr_WDysj&amp;utm_source=chatgpt.com\" target=\"_blank\" rel=\"noopener\" alt=\"https:\/\/www.fiskarsshop.hu\/Solid-hasitofejsze-A19-X21-megfeleloje?srsltid=AfmBOorl0ASaZyoO3wrn2yKZxiFAv6NizVwmNjzPtBqxsQsKNr_WDysj&amp;utm_source=chatgpt.com\" class=\"flex h-4.5 overflow-hidden rounded-xl px-2 text-[9px] font-medium text-token-text-secondary! bg-[#F4F4F4]! dark:bg-[#303030]! transition-colors duration-150 ease-in-out\"><span class=\"relative start-0 bottom-0 flex h-full w-full items-center\"><span class=\"flex h-4 w-full items-center justify-between overflow-hidden\"><span class=\"max-w-full grow truncate overflow-hidden text-center\">fiskarsshop.hu<\/span><\/span><\/span><\/a><\/span><\/span><\/p>\n<\/li>\n<\/ul>\n<p data-start=\"1207\" data-end=\"1747\"><strong data-start=\"1207\" data-end=\"1228\">R\u00e9szletes le\u00edr\u00e1s:<\/strong><br \/>\nA Fiskars Solid has\u00edt\u00f3fejsze A19 (X21 megfelel\u0151je) egy megb\u00edzhat\u00f3 \u00e9s hat\u00e9kony eszk\u00f6z, amelyet k\u00f6zepes m\u00e9ret\u0171, 20\u201330 cm \u00e1tm\u00e9r\u0151j\u0171 r\u00f6nk\u00f6k has\u00edt\u00e1s\u00e1hoz terveztek. A Fiskars innovat\u00edv technol\u00f3gi\u00e1inak k\u00f6sz\u00f6nhet\u0151en ez a fejsze nem csak k\u00f6nny\u0171 \u00e9s tart\u00f3s, hanem rendk\u00edv\u00fcl biztons\u00e1gos is, kik\u00fcsz\u00f6b\u00f6lve a fejszefej \u00e9s a ny\u00e9l sz\u00e9tv\u00e1l\u00e1s\u00e1nak kock\u00e1zat\u00e1t. A speci\u00e1lis pengebevonat \u00e9s a FiberComp\u2122 ny\u00e9l r\u00e9v\u00e9n a has\u00edt\u00e1s kevesebb er\u0151fesz\u00edt\u00e9st ig\u00e9nyel, a fejsze pedig hosszabb ideig marad haszn\u00e1lhat\u00f3. <span class=\"\" data-state=\"closed\"><span class=\"ms-1 inline-flex max-w-full items-center relative top-[-0.094rem] animate-[show_150ms_ease-in]\" data-testid=\"webpage-citation-pill\"><a href=\"https:\/\/www.fiskarsshop.hu\/Solid-hasitofejsze-A19-X21-megfeleloje?srsltid=AfmBOorl0ASaZyoO3wrn2yKZxiFAv6NizVwmNjzPtBqxsQsKNr_WDysj&amp;utm_source=chatgpt.com\" target=\"_blank\" rel=\"noopener\" alt=\"https:\/\/www.fiskarsshop.hu\/Solid-hasitofejsze-A19-X21-megfeleloje?srsltid=AfmBOorl0ASaZyoO3wrn2yKZxiFAv6NizVwmNjzPtBqxsQsKNr_WDysj&amp;utm_source=chatgpt.com\" class=\"flex h-4.5 overflow-hidden rounded-xl px-2 text-[9px] font-medium text-token-text-secondary! bg-[#F4F4F4]! dark:bg-[#303030]! transition-colors duration-150 ease-in-out\"><span class=\"relative start-0 bottom-0 flex h-full w-full items-center\"><span class=\"flex h-4 w-full items-center justify-between overflow-hidden\"><span class=\"max-w-full grow truncate overflow-hidden text-center\">fiskarsshop.hu<\/span><\/span><\/span><\/a><\/span><\/span><\/p>\n<hr data-start=\"1749\" data-end=\"1752\" \/>\n<h3 data-start=\"1754\" data-end=\"1795\">Term\u00e9ktulajdons\u00e1gok (m\u0171szaki adatok)<\/h3>\n<ul data-start=\"1797\" data-end=\"2007\">\n<li data-start=\"1797\" data-end=\"1846\">\n<p data-start=\"1799\" data-end=\"1846\"><strong data-start=\"1799\" data-end=\"1836\">Teljes hossz (csomagol\u00e1s n\u00e9lk\u00fcl):<\/strong> 70,5 cm<\/p>\n<\/li>\n<li data-start=\"1847\" data-end=\"1873\">\n<p data-start=\"1849\" data-end=\"1873\"><strong data-start=\"1849\" data-end=\"1863\">Sz\u00e9less\u00e9g:<\/strong> 16,5 cm<\/p>\n<\/li>\n<li data-start=\"1874\" data-end=\"1898\">\n<p data-start=\"1876\" data-end=\"1898\"><strong data-start=\"1876\" data-end=\"1889\">Magass\u00e1g:<\/strong> 3,3 cm<\/p>\n<\/li>\n<li data-start=\"1899\" data-end=\"1924\">\n<p data-start=\"1901\" data-end=\"1924\"><strong data-start=\"1901\" data-end=\"1911\">T\u00f6meg:<\/strong> 1,74 kg\/db<\/p>\n<\/li>\n<li data-start=\"1925\" data-end=\"1949\">\n<p data-start=\"1927\" data-end=\"1949\"><strong data-start=\"1927\" data-end=\"1939\">SAP k\u00f3d:<\/strong> 1052044<\/p>\n<\/li>\n<li data-start=\"1950\" data-end=\"2007\">\n<p data-start=\"1952\" data-end=\"2007\"><strong data-start=\"1952\" data-end=\"1963\">Csal\u00e1d:<\/strong> Solid<\/p>\n<\/li>\n<\/ul>\n","protected":false},"excerpt":{"rendered":"<p>Le\u00edr\u00e1s: A Fiskars Solid A19 (az X21 m\u00e9lt\u00f3 megfelel\u0151je) pontosan azt tudja, amit egy kem\u00e9ny munk\u00e1ra sz\u00e1nt fejsz\u00e9t\u0151l elv\u00e1rsz: brut\u00e1l hat\u00e9konys\u00e1got, minim\u00e1lis er\u0151fesz\u00edt\u00e9ssel. K\u00f6zepes m\u00e9ret\u0171, 20\u201330 cm-es r\u00f6nk\u00f6k? Ugyan m\u00e1r! Ennek a fejsz\u00e9nek ez csak bemeleg\u00edt\u00e9s. fiskarsshop.hu Mi\u00e9rt szeretik a profik (meg a h\u00e9tv\u00e9gi fav\u00e1g\u00f3k is)? Garant\u00e1lt \u00e9less\u00e9g \u2013 Egyetlen j\u00f3l ir\u00e1nyzott csap\u00e1s, \u00e9s m\u00e1r [&hellip;]<\/p>\n","protected":false},"featured_media":1607,"template":"","meta":[],"product_brand":[122],"product_cat":[165],"product_tag":[],"class_list":{"0":"post-1606","1":"product","2":"type-product","3":"status-publish","4":"has-post-thumbnail","6":"product_brand-fiskars","7":"product_cat-keziszerszamok","9":"first","10":"instock","11":"shipping-taxable","12":"product-type-simple"},"_links":{"self":[{"href":"https:\/\/zengoalfold.hu\/index.php?rest_route=\/wp\/v2\/product\/1606","targetHints":{"allow":["GET"]}}],"collection":[{"href":"https:\/\/zengoalfold.hu\/index.php?rest_route=\/wp\/v2\/product"}],"about":[{"href":"https:\/\/zengoalfold.hu\/index.php?rest_route=\/wp\/v2\/types\/product"}],"wp:featuredmedia":[{"embeddable":true,"href":"https:\/\/zengoalfold.hu\/index.php?rest_route=\/wp\/v2\/media\/1607"}],"wp:attachment":[{"href":"https:\/\/zengoalfold.hu\/index.php?rest_route=%2Fwp%2Fv2%2Fmedia&parent=1606"}],"wp:term":[{"taxonomy":"product_brand","embeddable":true,"href":"https:\/\/zengoalfold.hu\/index.php?rest_route=%2Fwp%2Fv2%2Fproduct_brand&post=1606"},{"taxonomy":"product_cat","embeddable":true,"href":"https:\/\/zengoalfold.hu\/index.php?rest_route=%2Fwp%2Fv2%2Fproduct_cat&post=1606"},{"taxonomy":"product_tag","embeddable":true,"href":"https:\/\/zengoalfold.hu\/index.php?rest_route=%2Fwp%2Fv2%2Fproduct_tag&post=1606"}],"curies":[{"name":"wp","href":"https:\/\/api.w.org\/{rel}","templated":true}]}}