{"id":1610,"date":"2025-09-03T15:56:06","date_gmt":"2025-09-03T13:56:06","guid":{"rendered":"https:\/\/zengoalfold.com\/?post_type=product&#038;p=1610"},"modified":"2025-09-03T15:56:07","modified_gmt":"2025-09-03T13:56:07","slug":"fiskars-gerber-paraframe-ii-zsebkes-tanto-pengevel-102783","status":"publish","type":"product","link":"https:\/\/zengoalfold.hu\/?product=fiskars-gerber-paraframe-ii-zsebkes-tanto-pengevel-102783","title":{"rendered":"Fiskars Gerber Paraframe II.zsebk\u00e9s, tanto peng\u00e9vel (102783"},"content":{"rendered":"<p>Ez a sz\u00f6veg id\u00e9zet a le\u00edr\u00e1sb\u00f3l:<\/p>\n<p>\u201cA Gerber Paraframe II. zsebk\u00e9s Tanto peng\u00e9vel (cikksz\u00e1m: 1027837) egy k\u00f6nny\u0171, mindennapi haszn\u00e1latra tervezett k\u00e9s, amely a minimalista diz\u00e1jnt a praktikummal \u00f6tv\u00f6zi. A nyitott keretes kialak\u00edt\u00e1s nem csak a s\u00falyt cs\u00f6kkenti, hanem megk\u00f6nny\u00edti a tiszt\u00edt\u00e1st \u00e9s a karbantart\u00e1st is. Ez a k\u00e9s megb\u00edzhat\u00f3 t\u00e1rs minden helyzetben, legyen sz\u00f3 mindennapi feladatokr\u00f3l vagy v\u00e1ratlan kih\u00edv\u00e1sokr\u00f3l.\u201d<br \/>\nfiskarsshop.hu<\/p>\n<p>El\u0151ny\u00f6k \u00e9s jellemz\u0151k list\u00e1zva:<\/p>\n<p>Tanto penge \u2013 sz\u00far\u00e1sra er\u0151s, neh\u00e9z v\u00e1g\u00e1sokra alkalmas.<\/p>\n<p>R\u00e9szben fogazott penge \u2013 megk\u00f6nny\u00edti nehezebb anyagok, mint k\u00f6telek vagy hevederek v\u00e1g\u00e1s\u00e1t.<\/p>\n<p>Rozsdamentes ac\u00e9l penge \u2013 kiv\u00e1l\u00f3 korr\u00f3zi\u00f3\u00e1ll\u00f3s\u00e1g \u00e9s tart\u00f3ss\u00e1g.<\/p>\n<p>Nyitott keret diz\u00e1jn \u2013 minimalista, k\u00f6nny\u0171, k\u00f6nnyen tiszt\u00edthat\u00f3.<\/p>\n<p>Zsebklipsz \u2013 praktikus hordozhat\u00f3s\u00e1g.<\/p>\n<p>Keretz\u00e1r \u2013 biztons\u00e1gos penge\u00adr\u00f6gz\u00edt\u00e9s.<\/p>\n<p>K\u00e9toldali h\u00fcvelykujj t\u00e1masz \u2013 egykezes, gyors nyit\u00e1s.<\/p>\n<p>Teljes hossz: 20,65 cm; Penge hossza: 8,89 cm; S\u00faly: 141,7 g<\/p>\n<p>Tit\u00e1n-nitrid bevonat \u2013 st\u00edlusos megjelen\u00e9s, fokozott korr\u00f3zi\u00f3v\u00e9delem.<\/p>\n<p>Ergonomikus markolat \u2013 k\u00e9nyelmes fog\u00e1s.<\/p>\n<p>25 \u00e9v garancia<br \/>\nfiskarsshop.hu<\/p>\n","protected":false},"excerpt":{"rendered":"<p>Ez a sz\u00f6veg id\u00e9zet a le\u00edr\u00e1sb\u00f3l: \u201cA Gerber Paraframe II. zsebk\u00e9s Tanto peng\u00e9vel (cikksz\u00e1m: 1027837) egy k\u00f6nny\u0171, mindennapi haszn\u00e1latra tervezett k\u00e9s, amely a minimalista diz\u00e1jnt a praktikummal \u00f6tv\u00f6zi. A nyitott keretes kialak\u00edt\u00e1s nem csak a s\u00falyt cs\u00f6kkenti, hanem megk\u00f6nny\u00edti a tiszt\u00edt\u00e1st \u00e9s a karbantart\u00e1st is. Ez a k\u00e9s megb\u00edzhat\u00f3 t\u00e1rs minden helyzetben, legyen sz\u00f3 mindennapi [&hellip;]<\/p>\n","protected":false},"featured_media":1611,"template":"","meta":[],"product_brand":[122],"product_cat":[165],"product_tag":[],"class_list":{"0":"post-1610","1":"product","2":"type-product","3":"status-publish","4":"has-post-thumbnail","6":"product_brand-fiskars","7":"product_cat-keziszerszamok","9":"first","10":"instock","11":"shipping-taxable","12":"product-type-simple"},"_links":{"self":[{"href":"https:\/\/zengoalfold.hu\/index.php?rest_route=\/wp\/v2\/product\/1610","targetHints":{"allow":["GET"]}}],"collection":[{"href":"https:\/\/zengoalfold.hu\/index.php?rest_route=\/wp\/v2\/product"}],"about":[{"href":"https:\/\/zengoalfold.hu\/index.php?rest_route=\/wp\/v2\/types\/product"}],"wp:featuredmedia":[{"embeddable":true,"href":"https:\/\/zengoalfold.hu\/index.php?rest_route=\/wp\/v2\/media\/1611"}],"wp:attachment":[{"href":"https:\/\/zengoalfold.hu\/index.php?rest_route=%2Fwp%2Fv2%2Fmedia&parent=1610"}],"wp:term":[{"taxonomy":"product_brand","embeddable":true,"href":"https:\/\/zengoalfold.hu\/index.php?rest_route=%2Fwp%2Fv2%2Fproduct_brand&post=1610"},{"taxonomy":"product_cat","embeddable":true,"href":"https:\/\/zengoalfold.hu\/index.php?rest_route=%2Fwp%2Fv2%2Fproduct_cat&post=1610"},{"taxonomy":"product_tag","embeddable":true,"href":"https:\/\/zengoalfold.hu\/index.php?rest_route=%2Fwp%2Fv2%2Fproduct_tag&post=1610"}],"curies":[{"name":"wp","href":"https:\/\/api.w.org\/{rel}","templated":true}]}}