{"id":1614,"date":"2025-09-03T15:58:15","date_gmt":"2025-09-03T13:58:15","guid":{"rendered":"https:\/\/zengoalfold.com\/?post_type=product&#038;p=1614"},"modified":"2025-09-03T15:58:15","modified_gmt":"2025-09-03T13:58:15","slug":"fiskars-gerber-remix-zsebkes-cikkszam-1027851","status":"publish","type":"product","link":"https:\/\/zengoalfold.hu\/?product=fiskars-gerber-remix-zsebkes-cikkszam-1027851","title":{"rendered":"Fiskars Gerber Remix zsebk\u00e9s (cikksz\u00e1m: 1027851)"},"content":{"rendered":"<h3 data-start=\"447\" data-end=\"470\">Le\u00edr\u00e1s \u00e9s jellemz\u0151k<\/h3>\n<p data-start=\"472\" data-end=\"848\">\u201c<strong data-start=\"473\" data-end=\"519\">A Gerber Remix zsebk\u00e9s (cikksz\u00e1m: 1027851)<\/strong> praktikus mindennapos viseletre sz\u00e1nt k\u00e9s k\u00f6nnyed, m\u00e9gis tart\u00f3s kivitelben. A nyitott keretes kialak\u00edt\u00e1s cs\u00f6kkenti a s\u00falyt \u00e9s k\u00f6nnyebb\u00e9 teszi a tiszt\u00edt\u00e1st. Ez a k\u00e9s megb\u00edzhat\u00f3 t\u00e1rsa lehet mindennapi feladatokban, b\u00e1rhol is vagy.\u201d<br data-start=\"749\" data-end=\"752\" \/>(<a data-start=\"753\" data-end=\"847\" rel=\"noopener\" target=\"_new\" class=\"decorated-link\" href=\"https:\/\/www.fiskarsshop.hu\/Gerber-Remix-zsebkes-bliszterben-GB-1027851-25-ev?utm_source=chatgpt.com\">fiskarsshop.hu<span aria-hidden=\"true\" class=\"ms-0.5 inline-block align-middle leading-none\"><\/span><\/a>)<\/p>\n<hr data-start=\"850\" data-end=\"853\" \/>\n<h3 data-start=\"855\" data-end=\"896\">El\u0151ny\u00f6k \u00e9s jellemz\u0151k (lista form\u00e1ban)<\/h3>\n<ul data-start=\"898\" data-end=\"1501\">\n<li data-start=\"898\" data-end=\"953\">\n<p data-start=\"900\" data-end=\"953\">R\u00e9szben fogazott penge \u2013 er\u0151sebb v\u00e1g\u00e1sokhoz ide\u00e1lis<\/p>\n<\/li>\n<li data-start=\"954\" data-end=\"1019\">\n<p data-start=\"956\" data-end=\"1019\">Rozsdamentes ac\u00e9l penge \u2013 kiv\u00e1l\u00f3 korr\u00f3zi\u00f3v\u00e9delem \u00e9s tart\u00f3ss\u00e1g<\/p>\n<\/li>\n<li data-start=\"1020\" data-end=\"1078\">\n<p data-start=\"1022\" data-end=\"1078\">Nyitott keret diz\u00e1jn \u2013 alacsony s\u00faly, k\u00f6nny\u0171 tiszt\u00edt\u00e1s<\/p>\n<\/li>\n<li data-start=\"1079\" data-end=\"1116\">\n<p data-start=\"1081\" data-end=\"1116\">Zsebklipsz \u2013 k\u00f6nny\u0171 hordozhat\u00f3s\u00e1g<\/p>\n<\/li>\n<li data-start=\"1117\" data-end=\"1158\">\n<p data-start=\"1119\" data-end=\"1158\">Keretz\u00e1r \u2013 biztons\u00e1gos penge\u00adr\u00f6gz\u00edt\u00e9s<\/p>\n<\/li>\n<li data-start=\"1159\" data-end=\"1215\">\n<p data-start=\"1161\" data-end=\"1215\">K\u00e9toldali h\u00fcvelykujj t\u00e1masz \u2013 gyors, egykezes nyit\u00e1s<\/p>\n<\/li>\n<li data-start=\"1216\" data-end=\"1281\">\n<p data-start=\"1218\" data-end=\"1281\">Teljes hossz: 20,15 cm; Penge hossza: 8,64 cm; S\u00faly: 160,44 g<\/p>\n<\/li>\n<li data-start=\"1282\" data-end=\"1342\">\n<p data-start=\"1284\" data-end=\"1342\">Sz\u00e1lcsiszolt fel\u00fclet \u2013 letisztult, eszt\u00e9tikus megjelen\u00e9s<\/p>\n<\/li>\n<li data-start=\"1343\" data-end=\"1385\">\n<p data-start=\"1345\" data-end=\"1385\">Ergonomikus markolat \u2013 k\u00e9nyelmes fog\u00e1s<\/p>\n<\/li>\n<li data-start=\"1386\" data-end=\"1501\">\n<p data-start=\"1388\" data-end=\"1501\">25 \u00e9v garancia<\/p>\n<\/li>\n<\/ul>\n","protected":false},"excerpt":{"rendered":"<p>Le\u00edr\u00e1s \u00e9s jellemz\u0151k \u201cA Gerber Remix zsebk\u00e9s (cikksz\u00e1m: 1027851) praktikus mindennapos viseletre sz\u00e1nt k\u00e9s k\u00f6nnyed, m\u00e9gis tart\u00f3s kivitelben. A nyitott keretes kialak\u00edt\u00e1s cs\u00f6kkenti a s\u00falyt \u00e9s k\u00f6nnyebb\u00e9 teszi a tiszt\u00edt\u00e1st. Ez a k\u00e9s megb\u00edzhat\u00f3 t\u00e1rsa lehet mindennapi feladatokban, b\u00e1rhol is vagy.\u201d(fiskarsshop.hu) El\u0151ny\u00f6k \u00e9s jellemz\u0151k (lista form\u00e1ban) R\u00e9szben fogazott penge \u2013 er\u0151sebb v\u00e1g\u00e1sokhoz ide\u00e1lis Rozsdamentes ac\u00e9l [&hellip;]<\/p>\n","protected":false},"featured_media":1615,"template":"","meta":[],"product_brand":[122],"product_cat":[165],"product_tag":[],"class_list":{"0":"post-1614","1":"product","2":"type-product","3":"status-publish","4":"has-post-thumbnail","6":"product_brand-fiskars","7":"product_cat-keziszerszamok","9":"first","10":"instock","11":"shipping-taxable","12":"product-type-simple"},"_links":{"self":[{"href":"https:\/\/zengoalfold.hu\/index.php?rest_route=\/wp\/v2\/product\/1614","targetHints":{"allow":["GET"]}}],"collection":[{"href":"https:\/\/zengoalfold.hu\/index.php?rest_route=\/wp\/v2\/product"}],"about":[{"href":"https:\/\/zengoalfold.hu\/index.php?rest_route=\/wp\/v2\/types\/product"}],"wp:featuredmedia":[{"embeddable":true,"href":"https:\/\/zengoalfold.hu\/index.php?rest_route=\/wp\/v2\/media\/1615"}],"wp:attachment":[{"href":"https:\/\/zengoalfold.hu\/index.php?rest_route=%2Fwp%2Fv2%2Fmedia&parent=1614"}],"wp:term":[{"taxonomy":"product_brand","embeddable":true,"href":"https:\/\/zengoalfold.hu\/index.php?rest_route=%2Fwp%2Fv2%2Fproduct_brand&post=1614"},{"taxonomy":"product_cat","embeddable":true,"href":"https:\/\/zengoalfold.hu\/index.php?rest_route=%2Fwp%2Fv2%2Fproduct_cat&post=1614"},{"taxonomy":"product_tag","embeddable":true,"href":"https:\/\/zengoalfold.hu\/index.php?rest_route=%2Fwp%2Fv2%2Fproduct_tag&post=1614"}],"curies":[{"name":"wp","href":"https:\/\/api.w.org\/{rel}","templated":true}]}}