{"id":1616,"date":"2025-09-04T13:06:08","date_gmt":"2025-09-04T11:06:08","guid":{"rendered":"https:\/\/zengoalfold.com\/?post_type=product&#038;p=1616"},"modified":"2025-09-04T13:06:09","modified_gmt":"2025-09-04T11:06:09","slug":"fiskars-hardware-altalanos-kes-tokba-epitett-elezovel-1023618","status":"publish","type":"product","link":"https:\/\/zengoalfold.hu\/?product=fiskars-hardware-altalanos-kes-tokba-epitett-elezovel-1023618","title":{"rendered":"Fiskars Hardware \u00e1ltal\u00e1nos k\u00e9s, tokba \u00e9p\u00edtett \u00e9lez\u0151vel (1023618)"},"content":{"rendered":"<p data-start=\"66\" data-end=\"125\"><strong data-start=\"66\" data-end=\"125\">Fiskars Staysharp\u2122 \u00e1ltal\u00e1nos k\u00e9s tokba \u00e9p\u00edtett \u00e9lez\u0151vel<\/strong><\/p>\n<ul data-start=\"127\" data-end=\"415\">\n<li data-start=\"127\" data-end=\"194\">\n<p data-start=\"129\" data-end=\"194\">Min\u0151s\u00e9gi ac\u00e9lb\u00f3l k\u00e9sz\u00fclt, ellen\u00e1ll\u00f3 \u00e9s hossz\u00fa \u00e9lettartam\u00fa penge<\/p>\n<\/li>\n<li data-start=\"195\" data-end=\"251\">\n<p data-start=\"197\" data-end=\"251\">Tokba \u00e9p\u00edtett \u00e9lez\u0151, hogy a k\u00e9s mindig \u00e9les maradjon<\/p>\n<\/li>\n<li data-start=\"252\" data-end=\"338\">\n<p data-start=\"254\" data-end=\"338\">Ergonomikus Soft Grip\u2122 markolat egyedi fel\u00fcleti kialak\u00edt\u00e1ssal a k\u00e9nyelmes fog\u00e1s\u00e9rt<\/p>\n<\/li>\n<li data-start=\"339\" data-end=\"415\">\n<p data-start=\"341\" data-end=\"415\">Forgathat\u00f3 gall\u00e9r a tokon, \u00edgy jobb- \u00e9s balkezes haszn\u00e1latra is alkalmas<\/p>\n<\/li>\n<\/ul>\n<p data-start=\"417\" data-end=\"434\"><strong data-start=\"417\" data-end=\"434\">Term\u00e9kadatok:<\/strong><\/p>\n<ul data-start=\"435\" data-end=\"521\">\n<li data-start=\"435\" data-end=\"466\">\n<p data-start=\"437\" data-end=\"466\">M\u00e9ret: teljes hossz 22,5 cm<\/p>\n<\/li>\n<li data-start=\"467\" data-end=\"486\">\n<p data-start=\"469\" data-end=\"486\">Sz\u00e9less\u00e9g: 4 cm<\/p>\n<\/li>\n<li data-start=\"487\" data-end=\"505\">\n<p data-start=\"489\" data-end=\"505\">Magass\u00e1g: 4 cm<\/p>\n<\/li>\n<li data-start=\"506\" data-end=\"521\">\n<p data-start=\"508\" data-end=\"521\">S\u00faly: 148 g<\/p>\n<\/li>\n<\/ul>\n","protected":false},"excerpt":{"rendered":"<p>Fiskars Staysharp\u2122 \u00e1ltal\u00e1nos k\u00e9s tokba \u00e9p\u00edtett \u00e9lez\u0151vel Min\u0151s\u00e9gi ac\u00e9lb\u00f3l k\u00e9sz\u00fclt, ellen\u00e1ll\u00f3 \u00e9s hossz\u00fa \u00e9lettartam\u00fa penge Tokba \u00e9p\u00edtett \u00e9lez\u0151, hogy a k\u00e9s mindig \u00e9les maradjon Ergonomikus Soft Grip\u2122 markolat egyedi fel\u00fcleti kialak\u00edt\u00e1ssal a k\u00e9nyelmes fog\u00e1s\u00e9rt Forgathat\u00f3 gall\u00e9r a tokon, \u00edgy jobb- \u00e9s balkezes haszn\u00e1latra is alkalmas Term\u00e9kadatok: M\u00e9ret: teljes hossz 22,5 cm Sz\u00e9less\u00e9g: 4 cm Magass\u00e1g: [&hellip;]<\/p>\n","protected":false},"featured_media":1617,"template":"","meta":[],"product_brand":[122],"product_cat":[165],"product_tag":[],"class_list":{"0":"post-1616","1":"product","2":"type-product","3":"status-publish","4":"has-post-thumbnail","6":"product_brand-fiskars","7":"product_cat-keziszerszamok","9":"first","10":"instock","11":"shipping-taxable","12":"product-type-simple"},"_links":{"self":[{"href":"https:\/\/zengoalfold.hu\/index.php?rest_route=\/wp\/v2\/product\/1616","targetHints":{"allow":["GET"]}}],"collection":[{"href":"https:\/\/zengoalfold.hu\/index.php?rest_route=\/wp\/v2\/product"}],"about":[{"href":"https:\/\/zengoalfold.hu\/index.php?rest_route=\/wp\/v2\/types\/product"}],"wp:featuredmedia":[{"embeddable":true,"href":"https:\/\/zengoalfold.hu\/index.php?rest_route=\/wp\/v2\/media\/1617"}],"wp:attachment":[{"href":"https:\/\/zengoalfold.hu\/index.php?rest_route=%2Fwp%2Fv2%2Fmedia&parent=1616"}],"wp:term":[{"taxonomy":"product_brand","embeddable":true,"href":"https:\/\/zengoalfold.hu\/index.php?rest_route=%2Fwp%2Fv2%2Fproduct_brand&post=1616"},{"taxonomy":"product_cat","embeddable":true,"href":"https:\/\/zengoalfold.hu\/index.php?rest_route=%2Fwp%2Fv2%2Fproduct_cat&post=1616"},{"taxonomy":"product_tag","embeddable":true,"href":"https:\/\/zengoalfold.hu\/index.php?rest_route=%2Fwp%2Fv2%2Fproduct_tag&post=1616"}],"curies":[{"name":"wp","href":"https:\/\/api.w.org\/{rel}","templated":true}]}}