{"id":1620,"date":"2025-09-04T13:14:16","date_gmt":"2025-09-04T11:14:16","guid":{"rendered":"https:\/\/zengoalfold.com\/?post_type=product&#038;p=1620"},"modified":"2025-09-04T13:14:17","modified_gmt":"2025-09-04T11:14:17","slug":"fiskars-kerti-es-horgaszkes-k40-1001622","status":"publish","type":"product","link":"https:\/\/zengoalfold.hu\/?product=fiskars-kerti-es-horgaszkes-k40-1001622","title":{"rendered":"Fiskars Kerti- \u00e9s Horg\u00e1szk\u00e9s K40 (1001622)"},"content":{"rendered":"<p data-start=\"210\" data-end=\"463\">A Fiskars K40 kerti k\u00e9s k\u00fcl\u00f6n\u00f6sen alkalmas \u00e1ltal\u00e1nos kerti feladatokra, mint p\u00e9ld\u00e1ul a n\u00f6v\u00e9nyek v\u00e1g\u00e1sa vagy form\u00e1z\u00e1sa. A k\u00e9shez tartoz\u00f3 \u00f6vre akaszthat\u00f3 m\u0171anyag tok lehet\u0151v\u00e9 teszi, hogy a k\u00e9s mindig k\u00e9zn\u00e9l legyen, ak\u00e1r kertben, ak\u00e1r szabadban haszn\u00e1ljuk.<\/p>\n<p data-start=\"465\" data-end=\"766\">El\u0151ny\u00f6k \u00e9s jellemz\u0151k: rozsdamentes ac\u00e9l penge, amely tart\u00f3ss\u00e1got \u00e9s k\u00f6nny\u0171 karbantart\u00e1st garant\u00e1l; \u00fcreges m\u0171anyag markolat, amely fel\u00faszik a v\u00edz sz\u00edn\u00e9re, ha v\u00e9letlen\u00fcl beleesik, \u00edgy k\u00f6nnyen visszakereshet\u0151; praktikus m\u00e9ret \u2013 a penge hossza 10 cm, ide\u00e1lis a prec\u00edz munk\u00e1khoz, a teljes hossz\u00fas\u00e1g 225 mm.<\/p>\n<p data-start=\"768\" data-end=\"924\">Mi\u00e9rt v\u00e1s\u00e1rolj t\u0151l\u00fcnk? Hivatalos FISKARS\u00ae Partner, +1 \u00e9v ingyenes extra garancia (regisztr\u00e1ci\u00f3val), gyors kisz\u00e1ll\u00e1s rakt\u00e1rr\u00f3l, 30 napon bel\u00fcli visszak\u00fcld\u00e9s.<\/p>\n<p data-start=\"926\" data-end=\"960\">SAP k\u00f3d: 1001622<br data-start=\"942\" data-end=\"945\" \/>Csal\u00e1d: Egy\u00e9b<\/p>\n<p data-start=\"962\" data-end=\"1114\">Adatok: a term\u00e9k teljes hossza (csomagol\u00e1s n\u00e9lk\u00fcl) 22,1 cm; sz\u00e9less\u00e9ge 4,5 cm; magass\u00e1ga 3,1 cm; t\u00f6mege 89 g\/db.<\/p>\n","protected":false},"excerpt":{"rendered":"<p>A Fiskars K40 kerti k\u00e9s k\u00fcl\u00f6n\u00f6sen alkalmas \u00e1ltal\u00e1nos kerti feladatokra, mint p\u00e9ld\u00e1ul a n\u00f6v\u00e9nyek v\u00e1g\u00e1sa vagy form\u00e1z\u00e1sa. A k\u00e9shez tartoz\u00f3 \u00f6vre akaszthat\u00f3 m\u0171anyag tok lehet\u0151v\u00e9 teszi, hogy a k\u00e9s mindig k\u00e9zn\u00e9l legyen, ak\u00e1r kertben, ak\u00e1r szabadban haszn\u00e1ljuk. El\u0151ny\u00f6k \u00e9s jellemz\u0151k: rozsdamentes ac\u00e9l penge, amely tart\u00f3ss\u00e1got \u00e9s k\u00f6nny\u0171 karbantart\u00e1st garant\u00e1l; \u00fcreges m\u0171anyag markolat, amely fel\u00faszik a [&hellip;]<\/p>\n","protected":false},"featured_media":1621,"template":"","meta":[],"product_brand":[122],"product_cat":[165],"product_tag":[],"class_list":{"0":"post-1620","1":"product","2":"type-product","3":"status-publish","4":"has-post-thumbnail","6":"product_brand-fiskars","7":"product_cat-keziszerszamok","9":"first","10":"instock","11":"shipping-taxable","12":"product-type-simple"},"_links":{"self":[{"href":"https:\/\/zengoalfold.hu\/index.php?rest_route=\/wp\/v2\/product\/1620","targetHints":{"allow":["GET"]}}],"collection":[{"href":"https:\/\/zengoalfold.hu\/index.php?rest_route=\/wp\/v2\/product"}],"about":[{"href":"https:\/\/zengoalfold.hu\/index.php?rest_route=\/wp\/v2\/types\/product"}],"wp:featuredmedia":[{"embeddable":true,"href":"https:\/\/zengoalfold.hu\/index.php?rest_route=\/wp\/v2\/media\/1621"}],"wp:attachment":[{"href":"https:\/\/zengoalfold.hu\/index.php?rest_route=%2Fwp%2Fv2%2Fmedia&parent=1620"}],"wp:term":[{"taxonomy":"product_brand","embeddable":true,"href":"https:\/\/zengoalfold.hu\/index.php?rest_route=%2Fwp%2Fv2%2Fproduct_brand&post=1620"},{"taxonomy":"product_cat","embeddable":true,"href":"https:\/\/zengoalfold.hu\/index.php?rest_route=%2Fwp%2Fv2%2Fproduct_cat&post=1620"},{"taxonomy":"product_tag","embeddable":true,"href":"https:\/\/zengoalfold.hu\/index.php?rest_route=%2Fwp%2Fv2%2Fproduct_tag&post=1620"}],"curies":[{"name":"wp","href":"https:\/\/api.w.org\/{rel}","templated":true}]}}