{"id":1632,"date":"2025-09-04T13:49:29","date_gmt":"2025-09-04T11:49:29","guid":{"rendered":"https:\/\/zengoalfold.com\/?post_type=product&#038;p=1632"},"modified":"2025-09-04T13:49:30","modified_gmt":"2025-09-04T11:49:30","slug":"fiskars-plus-osszecsukhato-furesz-sw69","status":"publish","type":"product","link":"https:\/\/zengoalfold.hu\/?product=fiskars-plus-osszecsukhato-furesz-sw69","title":{"rendered":"Fiskars Plus \u00f6sszecsukhat\u00f3 f\u0171r\u00e9sz SW69"},"content":{"rendered":"<p data-start=\"164\" data-end=\"1264\">A Fiskars Plus\u2122 \u00f6sszecsukhat\u00f3 f\u0171r\u00e9sz egy innovat\u00edv \u00e9s praktikus kerti eszk\u00f6z, amely k\u00fcl\u00f6n\u00f6sen alkalmas vastag sz\u00e1rak \u00e9s \u00e1gak gyors \u00e9s tiszta \u00e1tv\u00e1g\u00e1s\u00e1ra. H\u00e1rom v\u00e1g\u00e1si poz\u00edci\u00f3val rendelkezik: als\u00f3 (al\u00e1v\u00e1g\u00e1s) a tiszta kezd\u0151v\u00e1g\u00e1sokhoz, egyenes az \u00e1ltal\u00e1nos v\u00e1g\u00e1sokhoz \u00e9s pisztolyfog\u00e1sos poz\u00edci\u00f3 a biztosabb tart\u00e1s\u00e9rt \u00e9s nagyobb er\u0151kifejt\u00e9s\u00e9rt. Ultra-\u00e9les Power Tooth penge h\u00e1romszor \u00e9lezett fogakkal (7 TPI), gyors \u00e9s agressz\u00edv v\u00e1g\u00e1st biztos\u00edt. Ergonomikus SoftGrip\u2122 ny\u00e9l cs\u00fasz\u00e1smentes fog\u00f3pontokkal. A penge cser\u00e9lhet\u0151 csavarh\u00faz\u00f3val, ami hossz\u00fa t\u00e1v\u00fa haszn\u00e1latot garant\u00e1l. \u00d6sszecsukhat\u00f3 kialak\u00edt\u00e1s\u00fa, reteszel\u0151 gombbal biztons\u00e1gosan r\u00f6gz\u00edthet\u0151 z\u00e1rt \u00e1llapotban, megk\u00f6nny\u00edtve a sz\u00e1ll\u00edt\u00e1st \u00e9s t\u00e1rol\u00e1st. Teljes hossza (nyitva): 33 cm, sz\u00e9less\u00e9ge: 12 cm, magass\u00e1ga: 2,8 cm, t\u00f6mege: 308 g. Mi\u00e9rt v\u00e1s\u00e1rolj t\u0151l\u00fcnk? Hivatalos FISKARS\u00ae partner, +1 \u00e9v ingyenes extra garancia (regisztr\u00e1ci\u00f3val), gyors kisz\u00e1ll\u00e1s rakt\u00e1rr\u00f3l, 30 napon bel\u00fcli visszak\u00fcld\u00e9s. SAP k\u00f3d: 1067553 Csal\u00e1d: Plus M\u00e9ret: 21 cm.<\/p>\n","protected":false},"excerpt":{"rendered":"<p>A Fiskars Plus\u2122 \u00f6sszecsukhat\u00f3 f\u0171r\u00e9sz egy innovat\u00edv \u00e9s praktikus kerti eszk\u00f6z, amely k\u00fcl\u00f6n\u00f6sen alkalmas vastag sz\u00e1rak \u00e9s \u00e1gak gyors \u00e9s tiszta \u00e1tv\u00e1g\u00e1s\u00e1ra. H\u00e1rom v\u00e1g\u00e1si poz\u00edci\u00f3val rendelkezik: als\u00f3 (al\u00e1v\u00e1g\u00e1s) a tiszta kezd\u0151v\u00e1g\u00e1sokhoz, egyenes az \u00e1ltal\u00e1nos v\u00e1g\u00e1sokhoz \u00e9s pisztolyfog\u00e1sos poz\u00edci\u00f3 a biztosabb tart\u00e1s\u00e9rt \u00e9s nagyobb er\u0151kifejt\u00e9s\u00e9rt. Ultra-\u00e9les Power Tooth penge h\u00e1romszor \u00e9lezett fogakkal (7 TPI), gyors \u00e9s [&hellip;]<\/p>\n","protected":false},"featured_media":1633,"template":"","meta":[],"product_brand":[122],"product_cat":[165],"product_tag":[],"class_list":{"0":"post-1632","1":"product","2":"type-product","3":"status-publish","4":"has-post-thumbnail","6":"product_brand-fiskars","7":"product_cat-keziszerszamok","9":"first","10":"instock","11":"shipping-taxable","12":"product-type-simple"},"_links":{"self":[{"href":"https:\/\/zengoalfold.hu\/index.php?rest_route=\/wp\/v2\/product\/1632","targetHints":{"allow":["GET"]}}],"collection":[{"href":"https:\/\/zengoalfold.hu\/index.php?rest_route=\/wp\/v2\/product"}],"about":[{"href":"https:\/\/zengoalfold.hu\/index.php?rest_route=\/wp\/v2\/types\/product"}],"wp:featuredmedia":[{"embeddable":true,"href":"https:\/\/zengoalfold.hu\/index.php?rest_route=\/wp\/v2\/media\/1633"}],"wp:attachment":[{"href":"https:\/\/zengoalfold.hu\/index.php?rest_route=%2Fwp%2Fv2%2Fmedia&parent=1632"}],"wp:term":[{"taxonomy":"product_brand","embeddable":true,"href":"https:\/\/zengoalfold.hu\/index.php?rest_route=%2Fwp%2Fv2%2Fproduct_brand&post=1632"},{"taxonomy":"product_cat","embeddable":true,"href":"https:\/\/zengoalfold.hu\/index.php?rest_route=%2Fwp%2Fv2%2Fproduct_cat&post=1632"},{"taxonomy":"product_tag","embeddable":true,"href":"https:\/\/zengoalfold.hu\/index.php?rest_route=%2Fwp%2Fv2%2Fproduct_tag&post=1632"}],"curies":[{"name":"wp","href":"https:\/\/api.w.org\/{rel}","templated":true}]}}