{"id":1638,"date":"2025-09-08T11:40:55","date_gmt":"2025-09-08T09:40:55","guid":{"rendered":"https:\/\/zengoalfold.com\/?post_type=product&#038;p=1638"},"modified":"2025-09-08T11:44:44","modified_gmt":"2025-09-08T09:44:44","slug":"keszleten-levo-burkololapok","status":"publish","type":"product","link":"https:\/\/zengoalfold.hu\/?product=keszleten-levo-burkololapok","title":{"rendered":"K\u00e9szleten L\u00e9v\u0151 Burkol\u00f3lapok"},"content":{"rendered":"<p><iframe class=\"wp-embedded-content\" sandbox=\"allow-scripts\" security=\"restricted\" title=\"K\u00e9szletes burkolataink\" width=\"640\" height=\"360\" src=\"https:\/\/online.fliphtml5.com\/vnrhy\/ywiv\/#?secret=8bzLdmDE78\" data-secret=\"8bzLdmDE78\" scrolling=\"no\" frameborder=\"0\"><\/iframe><\/p>\n","protected":false},"excerpt":{"rendered":"","protected":false},"featured_media":1639,"template":"","meta":[],"product_brand":[117],"product_cat":[91],"product_tag":[],"class_list":{"0":"post-1638","1":"product","2":"type-product","3":"status-publish","4":"has-post-thumbnail","6":"product_brand-tau-ceramica","7":"product_cat-hidegburkolatok","9":"first","10":"instock","11":"shipping-taxable","12":"product-type-simple"},"_links":{"self":[{"href":"https:\/\/zengoalfold.hu\/index.php?rest_route=\/wp\/v2\/product\/1638","targetHints":{"allow":["GET"]}}],"collection":[{"href":"https:\/\/zengoalfold.hu\/index.php?rest_route=\/wp\/v2\/product"}],"about":[{"href":"https:\/\/zengoalfold.hu\/index.php?rest_route=\/wp\/v2\/types\/product"}],"wp:featuredmedia":[{"embeddable":true,"href":"https:\/\/zengoalfold.hu\/index.php?rest_route=\/wp\/v2\/media\/1639"}],"wp:attachment":[{"href":"https:\/\/zengoalfold.hu\/index.php?rest_route=%2Fwp%2Fv2%2Fmedia&parent=1638"}],"wp:term":[{"taxonomy":"product_brand","embeddable":true,"href":"https:\/\/zengoalfold.hu\/index.php?rest_route=%2Fwp%2Fv2%2Fproduct_brand&post=1638"},{"taxonomy":"product_cat","embeddable":true,"href":"https:\/\/zengoalfold.hu\/index.php?rest_route=%2Fwp%2Fv2%2Fproduct_cat&post=1638"},{"taxonomy":"product_tag","embeddable":true,"href":"https:\/\/zengoalfold.hu\/index.php?rest_route=%2Fwp%2Fv2%2Fproduct_tag&post=1638"}],"curies":[{"name":"wp","href":"https:\/\/api.w.org\/{rel}","templated":true}]}}